{"id":10144,"date":"2015-06-17T03:48:54","date_gmt":"2015-06-17T03:48:54","guid":{"rendered":"http:\/\/suedkreislaeufer.de\/?page_id=10144"},"modified":"2019-04-18T03:56:51","modified_gmt":"2019-04-18T03:56:51","slug":"impressum-2","status":"publish","type":"page","link":"https:\/\/suedkreislaeufer.de\/?page_id=10144","title":{"rendered":"Impressum"},"content":{"rendered":"<p><big>Verantwortlich f\u00fcr den Inhalt von http:\/\/www.suedkreislaeufer.de und die technische Umsetzung:<\/big><\/p>\n<p>kontakt(at)suedkreislaeufer.de<\/p>\n<p><big>Michael Hartmann<br \/>\nAn der Kirche 20a<br \/>\n31162 Wehrstedt<\/big><\/p>\n<p><a href=\"http:\/\/www.hartmann-gartenbau.de\/?page_id=28\"><strong>Kontakt<\/strong><\/a><\/p>\n<p><big>Internet: http:\/\/www.michahart.de<\/big><\/p>\n<p><big>Haftungshinweis:\u00a0<\/big><\/p>\n<p><big>Trotz sorgf\u00e4ltiger inhaltlicher Kontrolle \u00fcbernehme ich keine Haftung f\u00fcr die Inhalte externer Links. F\u00fcr den Inhalt der verlinkten Seiten sind ausschlie\u00dflich deren Betreiber verantwortlich.<\/big><\/p>\n<p><big>\u00a9 2019 Michael Hartmann<\/big><\/p>\n","protected":false},"excerpt":{"rendered":"<p>Verantwortlich f\u00fcr den Inhalt von http:\/\/www.suedkreislaeufer.de und die technische Umsetzung: kontakt(at)suedkreislaeufer.de Michael Hartmann An der Kirche 20a 31162 Wehrstedt Kontakt Internet: http:\/\/www.michahart.de Haftungshinweis:\u00a0 Trotz sorgf\u00e4ltiger inhaltlicher Kontrolle \u00fcbernehme ich keine Haftung f\u00fcr die Inhalte externer Links. F\u00fcr den Inhalt der &hellip; <a href=\"https:\/\/suedkreislaeufer.de\/?page_id=10144\">Weiterlesen <span class=\"meta-nav\">&rarr;<\/span><\/a><\/p>\n","protected":false},"author":1,"featured_media":0,"parent":0,"menu_order":0,"comment_status":"open","ping_status":"open","template":"","meta":{"jetpack_post_was_ever_published":false,"footnotes":""},"class_list":["post-10144","page","type-page","status-publish","hentry"],"jetpack_shortlink":"https:\/\/wp.me\/P26jAY-2DC","jetpack_sharing_enabled":true,"jetpack_likes_enabled":false,"jetpack-related-posts":[{"id":15483,"url":"https:\/\/suedkreislaeufer.de\/?page_id=15483","url_meta":{"origin":10144,"position":0},"title":"Datenschutzerkl\u00e4rung","author":"Suedkreislaeufer","date":"25. Mai 2018","format":false,"excerpt":"Datenschutzerkl\u00e4rung Mit dieser Datenschutzerkl\u00e4rung m\u00f6chten wir Sie \u00fcber Art, Umfang und Zweck der Verarbeitung von personenbezogenen Daten auf unserer Webseite aufkl\u00e4ren. Personenbezogene Daten sind alle Daten, die einen pers\u00f6nlichen Bezug zu Ihnen aufweisen, z. B. Name, Adresse, E-Mail-Adresse oder Nutzerverhalten. Wer bei uns f\u00fcr die Datenverarbeitung verantwortlich ist Verantwortlich f\u00fcr\u2026","rel":"","context":"\u00c4hnlicher Beitrag","block_context":{"text":"\u00c4hnlicher Beitrag","link":""},"img":{"alt_text":"","src":"","width":0,"height":0},"classes":[]},{"id":17313,"url":"https:\/\/suedkreislaeufer.de\/?page_id=17313","url_meta":{"origin":10144,"position":1},"title":"1. Griesberglauf &#8211; Ergebnisliste","author":"Suedkreislaeufer","date":"21. August 2021","format":false,"excerpt":"Heute, am 28.08.2021 fand der 1. Griesberglauf (der Neuzeit) statt. Bei str\u00f6menden Regen, und ich meine wirklich bei str\u00f6menden Regen, machten sich 6 wagemutige L\u00e4ufer\/innen auf den Weg die \"Griesberglauf Weltbestenliste\" zu st\u00fcrmen. Leider schafften es nur 50 % der Teilnehmer in die Liste zu rutschen. Geschafft haben es Lars\u2026","rel":"","context":"\u00c4hnlicher Beitrag","block_context":{"text":"\u00c4hnlicher Beitrag","link":""},"img":{"alt_text":"","src":"https:\/\/i0.wp.com\/suedkreislaeufer.de\/wp-content\/uploads\/2021\/08\/IMG-20210828-WA0002.jpg?resize=350%2C200","width":350,"height":200,"srcset":"https:\/\/i0.wp.com\/suedkreislaeufer.de\/wp-content\/uploads\/2021\/08\/IMG-20210828-WA0002.jpg?resize=350%2C200 1x, https:\/\/i0.wp.com\/suedkreislaeufer.de\/wp-content\/uploads\/2021\/08\/IMG-20210828-WA0002.jpg?resize=525%2C300 1.5x, https:\/\/i0.wp.com\/suedkreislaeufer.de\/wp-content\/uploads\/2021\/08\/IMG-20210828-WA0002.jpg?resize=700%2C400 2x, https:\/\/i0.wp.com\/suedkreislaeufer.de\/wp-content\/uploads\/2021\/08\/IMG-20210828-WA0002.jpg?resize=1050%2C600 3x, https:\/\/i0.wp.com\/suedkreislaeufer.de\/wp-content\/uploads\/2021\/08\/IMG-20210828-WA0002.jpg?resize=1400%2C800 4x"},"classes":[]},{"id":17607,"url":"https:\/\/suedkreislaeufer.de\/?page_id=17607","url_meta":{"origin":10144,"position":2},"title":"4. Griesberglauf &#8211; 27.11.2021","author":"Suedkreislaeufer","date":"14. November 2021","format":false,"excerpt":"Teilnehmer: Hartmann Michael Stein Uwe","rel":"","context":"\u00c4hnlicher Beitrag","block_context":{"text":"\u00c4hnlicher Beitrag","link":""},"img":{"alt_text":"","src":"","width":0,"height":0},"classes":[]},{"id":17474,"url":"https:\/\/suedkreislaeufer.de\/?page_id=17474","url_meta":{"origin":10144,"position":3},"title":"3. Griesberglauf &#8211; 23.10.2021","author":"Suedkreislaeufer","date":"23. Oktober 2021","format":false,"excerpt":"\u00a0 Heute fand der 3. Griesberglauf 2021 statt. Am Start standen Christian Schindler, Uwe Stein und Meiner Einer. Drei weitere L\u00e4ufer mu\u00dften leider kurzfristig absagen. Christian, der schnellste in unserer 3er Combo gab gleich von Beginn an Sp\u00e4hne und schraubte sich in 00:22:01 der Berg hinauf. Damit rutscht er nun\u2026","rel":"","context":"\u00c4hnlicher Beitrag","block_context":{"text":"\u00c4hnlicher Beitrag","link":""},"img":{"alt_text":"","src":"https:\/\/i0.wp.com\/suedkreislaeufer.de\/wp-content\/uploads\/2021\/10\/20211023_173058.jpeg?resize=350%2C200","width":350,"height":200,"srcset":"https:\/\/i0.wp.com\/suedkreislaeufer.de\/wp-content\/uploads\/2021\/10\/20211023_173058.jpeg?resize=350%2C200 1x, https:\/\/i0.wp.com\/suedkreislaeufer.de\/wp-content\/uploads\/2021\/10\/20211023_173058.jpeg?resize=525%2C300 1.5x, https:\/\/i0.wp.com\/suedkreislaeufer.de\/wp-content\/uploads\/2021\/10\/20211023_173058.jpeg?resize=700%2C400 2x"},"classes":[]},{"id":17408,"url":"https:\/\/suedkreislaeufer.de\/?page_id=17408","url_meta":{"origin":10144,"position":4},"title":"Griesberglauf Weltbestenliste","author":"Suedkreislaeufer","date":"18. September 2021","format":false,"excerpt":"Top 25 M\u00e4nner Platz Name Datum Zeit (min.) 1 Hansi K\u00f6hler 30.06.2007 00:18:04 2 Michael Strohmeyer 30.06.2007 00:18:31 3 Mark Kaspari 30.06.2007 00:18:46 4 Michael Neugebauer 05.02.2008 00:18:53 5 Martin Braune-Krickau 07.12.2014 00:19:18 6 Mario Reichelt 30.06.2007 00:19:19 7 Detlef Londenberg 30.06.2007 00:19:48 8 Stefan Seyffert 10.08.2008 00:19:45 9 Dirk\u2026","rel":"","context":"\u00c4hnlicher Beitrag","block_context":{"text":"\u00c4hnlicher Beitrag","link":""},"img":{"alt_text":"","src":"","width":0,"height":0},"classes":[]},{"id":16986,"url":"https:\/\/suedkreislaeufer.de\/?page_id=16986","url_meta":{"origin":10144,"position":5},"title":"Sunrise Rock 2022","author":"Suedkreislaeufer","date":"21. September 2022","format":false,"excerpt":"Start: 23. September 2022 um 17 Uhr, hier in Wehrstedt an der \"Zentrale des Wahnsinns\" Strecke: 82 Kilometer (plus Abstieg Torfhaus), Wehrstedt --- > Brocken Abschluss: Bavaria Alm Teilnehmer: Andreas J.\u00a0 \u00a0 \u00a0 \u00a0 \u00a0 \u00a0 \u00a0 Michael H.\u00a0 \u00a0 \u00a0 \u00a0 \u00a0 \u00a0 \u00a0 Matthias M. \u00a0 \u00a0 \u00a0\u2026","rel":"","context":"\u00c4hnlicher Beitrag","block_context":{"text":"\u00c4hnlicher Beitrag","link":""},"img":{"alt_text":"","src":"https:\/\/i0.wp.com\/suedkreislaeufer.de\/wp-content\/uploads\/2022\/08\/SR-2022-kl-300x100.jpg?resize=350%2C200","width":350,"height":200,"srcset":"https:\/\/i0.wp.com\/suedkreislaeufer.de\/wp-content\/uploads\/2022\/08\/SR-2022-kl-300x100.jpg?resize=350%2C200 1x, https:\/\/i0.wp.com\/suedkreislaeufer.de\/wp-content\/uploads\/2022\/08\/SR-2022-kl-300x100.jpg?resize=525%2C300 1.5x"},"classes":[]}],"_links":{"self":[{"href":"https:\/\/suedkreislaeufer.de\/index.php?rest_route=\/wp\/v2\/pages\/10144","targetHints":{"allow":["GET"]}}],"collection":[{"href":"https:\/\/suedkreislaeufer.de\/index.php?rest_route=\/wp\/v2\/pages"}],"about":[{"href":"https:\/\/suedkreislaeufer.de\/index.php?rest_route=\/wp\/v2\/types\/page"}],"author":[{"embeddable":true,"href":"https:\/\/suedkreislaeufer.de\/index.php?rest_route=\/wp\/v2\/users\/1"}],"replies":[{"embeddable":true,"href":"https:\/\/suedkreislaeufer.de\/index.php?rest_route=%2Fwp%2Fv2%2Fcomments&post=10144"}],"version-history":[{"count":4,"href":"https:\/\/suedkreislaeufer.de\/index.php?rest_route=\/wp\/v2\/pages\/10144\/revisions"}],"predecessor-version":[{"id":16087,"href":"https:\/\/suedkreislaeufer.de\/index.php?rest_route=\/wp\/v2\/pages\/10144\/revisions\/16087"}],"wp:attachment":[{"href":"https:\/\/suedkreislaeufer.de\/index.php?rest_route=%2Fwp%2Fv2%2Fmedia&parent=10144"}],"curies":[{"name":"wp","href":"https:\/\/api.w.org\/{rel}","templated":true}]}}