{"id":13437,"date":"2016-09-04T18:04:30","date_gmt":"2016-09-04T18:04:30","guid":{"rendered":"http:\/\/suedkreislaeufer.de\/?page_id=13437"},"modified":"2016-09-04T18:04:30","modified_gmt":"2016-09-04T18:04:30","slug":"beitragsverzeichniss-biken","status":"publish","type":"page","link":"https:\/\/suedkreislaeufer.de\/?page_id=13437","title":{"rendered":"Beitragsverzeichniss: Biken"},"content":{"rendered":"<p><span style=\"text-decoration: underline;\"><!-- index generated by post-index: http:\/\/www.wordpress.org\/plugins\/post-index --> \n<p>Hier findest Du momentan 8  Beitr\u00e4ge . Viel Spass beim St\u00f6bern!<hr \/><p>Springe zu: <a href=\"#letter_69f70f17e511d_E\">E<\/a>, <a href=\"#letter_69f70f17e511d_H\">H<\/a>, <a href=\"#letter_69f70f17e511d_J\">J<\/a>, <a href=\"#letter_69f70f17e511d_S\">S<\/a>, <a href=\"#letter_69f70f17e511d_T\">T<\/a> <\/p>\n<a name=\"letter_69f70f17e511d_E\"><\/a><h2>E <small>(2)<\/small><\/h2>\n<ul>\n<li><strong><a href=\"https:\/\/suedkreislaeufer.de\/?p=13314\">Ein Lebenszeichen &hellip;.<\/a><\/strong><\/li>\n<li><strong><a href=\"https:\/\/suedkreislaeufer.de\/?p=16702\">Einmal zum Brocken&#8230; und zur\u00fcck<\/a><\/strong><\/li>\n<\/ul><a name=\"letter_69f70f17e511d_H\"><\/a><h2>H <small>(2)<\/small><\/h2>\n<ul>\n<li><strong><a href=\"https:\/\/suedkreislaeufer.de\/?p=13507\">Hilskammwegquerung<\/a><\/strong><\/li>\n<li><strong><a href=\"https:\/\/suedkreislaeufer.de\/?p=13804\">Homedrive Wathlingen<\/a><\/strong><\/li>\n<\/ul><a name=\"letter_69f70f17e511d_J\"><\/a><h2>J <small>(1)<\/small><\/h2>\n<ul>\n<li><strong><a href=\"https:\/\/suedkreislaeufer.de\/?p=13448\">Jetzt radelt er auch noch &#8230;<\/a><\/strong><\/li>\n<\/ul><a name=\"letter_69f70f17e511d_S\"><\/a><h2>S <small>(1)<\/small><\/h2>\n<ul>\n<li><strong><a href=\"https:\/\/suedkreislaeufer.de\/?p=13496\">Sehnde &ndash;&gt; Wehrstedt<\/a><\/strong><\/li>\n<\/ul><a name=\"letter_69f70f17e511d_T\"><\/a><h2>T <small>(2)<\/small><\/h2>\n<ul>\n<li><strong><a href=\"https:\/\/suedkreislaeufer.de\/?p=13573\">Tour vom 03. Oktober<\/a><\/strong><\/li>\n<li><strong><a href=\"https:\/\/suedkreislaeufer.de\/?p=14256\">Tsch\u00fc\u00df April &#8230;.<\/a><\/strong><\/li>\n<\/ul><\/p>\n<!-- end of post-index content. --> \n<\/span><\/p>\n","protected":false},"excerpt":{"rendered":"","protected":false},"author":1,"featured_media":0,"parent":0,"menu_order":0,"comment_status":"closed","ping_status":"closed","template":"","meta":{"jetpack_post_was_ever_published":false,"footnotes":""},"class_list":["post-13437","page","type-page","status-publish","hentry"],"jetpack_shortlink":"https:\/\/wp.me\/P26jAY-3uJ","jetpack_sharing_enabled":true,"jetpack_likes_enabled":false,"jetpack-related-posts":[{"id":13439,"url":"https:\/\/suedkreislaeufer.de\/?page_id=13439","url_meta":{"origin":13437,"position":0},"title":"Beitragsverzeichniss: Laufberichte","author":"Suedkreislaeufer","date":"4. September 2016","format":false,"excerpt":"","rel":"","context":"\u00c4hnlicher Beitrag","block_context":{"text":"\u00c4hnlicher Beitrag","link":""},"img":{"alt_text":"","src":"","width":0,"height":0},"classes":[]},{"id":13427,"url":"https:\/\/suedkreislaeufer.de\/?page_id=13427","url_meta":{"origin":13437,"position":1},"title":"Biken","author":"Suedkreislaeufer","date":"4. September 2016","format":false,"excerpt":"W\u00e4hle einen Punkt aus dem Dropdown Feld aus","rel":"","context":"\u00c4hnlicher Beitrag","block_context":{"text":"\u00c4hnlicher Beitrag","link":""},"img":{"alt_text":"","src":"","width":0,"height":0},"classes":[]},{"id":13444,"url":"https:\/\/suedkreislaeufer.de\/?page_id=13444","url_meta":{"origin":13437,"position":2},"title":"Beitragsverzeichniss: Komplett","author":"Suedkreislaeufer","date":"4. September 2016","format":false,"excerpt":"","rel":"","context":"\u00c4hnlicher Beitrag","block_context":{"text":"\u00c4hnlicher Beitrag","link":""},"img":{"alt_text":"","src":"","width":0,"height":0},"classes":[]},{"id":5169,"url":"https:\/\/suedkreislaeufer.de\/?page_id=5169","url_meta":{"origin":13437,"position":3},"title":"Beitragsverzeichnis","author":"Suedkreislaeufer","date":"29. Juni 2013","format":false,"excerpt":"W\u00e4hle einen Punkt aus dem Dropdown Feld aus\u00a0","rel":"","context":"\u00c4hnlicher Beitrag","block_context":{"text":"\u00c4hnlicher Beitrag","link":""},"img":{"alt_text":"","src":"","width":0,"height":0},"classes":[]},{"id":15483,"url":"https:\/\/suedkreislaeufer.de\/?page_id=15483","url_meta":{"origin":13437,"position":4},"title":"Datenschutzerkl\u00e4rung","author":"Suedkreislaeufer","date":"25. Mai 2018","format":false,"excerpt":"Datenschutzerkl\u00e4rung Mit dieser Datenschutzerkl\u00e4rung m\u00f6chten wir Sie \u00fcber Art, Umfang und Zweck der Verarbeitung von personenbezogenen Daten auf unserer Webseite aufkl\u00e4ren. Personenbezogene Daten sind alle Daten, die einen pers\u00f6nlichen Bezug zu Ihnen aufweisen, z. B. Name, Adresse, E-Mail-Adresse oder Nutzerverhalten. Wer bei uns f\u00fcr die Datenverarbeitung verantwortlich ist Verantwortlich f\u00fcr\u2026","rel":"","context":"\u00c4hnlicher Beitrag","block_context":{"text":"\u00c4hnlicher Beitrag","link":""},"img":{"alt_text":"","src":"","width":0,"height":0},"classes":[]},{"id":17298,"url":"https:\/\/suedkreislaeufer.de\/?page_id=17298","url_meta":{"origin":13437,"position":5},"title":"Griesberglauf","author":"Suedkreislaeufer","date":"3. November 2021","format":false,"excerpt":"Es ist Ende Juni 2007. Hansi K\u00f6hler h\u00e4lt seit dem den Rekord auf der 4,1 km langen Strecke von Almstedt zum Griesberg Funkturm in 18:04 Minuten. Das soll sich nun \u00e4ndern. Das Suedkreis Ultrateam l\u00e4dt ein zum: 4. Griesberglauf 2021 am 27. November um 17 Uhr Ihr habt nun wieder\u2026","rel":"","context":"\u00c4hnlicher Beitrag","block_context":{"text":"\u00c4hnlicher Beitrag","link":""},"img":{"alt_text":"","src":"https:\/\/i0.wp.com\/suedkreislaeufer.de\/wp-content\/uploads\/2013\/05\/CIMG0245-300x225.jpg?resize=350%2C200","width":350,"height":200},"classes":[]}],"_links":{"self":[{"href":"https:\/\/suedkreislaeufer.de\/index.php?rest_route=\/wp\/v2\/pages\/13437","targetHints":{"allow":["GET"]}}],"collection":[{"href":"https:\/\/suedkreislaeufer.de\/index.php?rest_route=\/wp\/v2\/pages"}],"about":[{"href":"https:\/\/suedkreislaeufer.de\/index.php?rest_route=\/wp\/v2\/types\/page"}],"author":[{"embeddable":true,"href":"https:\/\/suedkreislaeufer.de\/index.php?rest_route=\/wp\/v2\/users\/1"}],"replies":[{"embeddable":true,"href":"https:\/\/suedkreislaeufer.de\/index.php?rest_route=%2Fwp%2Fv2%2Fcomments&post=13437"}],"version-history":[{"count":1,"href":"https:\/\/suedkreislaeufer.de\/index.php?rest_route=\/wp\/v2\/pages\/13437\/revisions"}],"predecessor-version":[{"id":13438,"href":"https:\/\/suedkreislaeufer.de\/index.php?rest_route=\/wp\/v2\/pages\/13437\/revisions\/13438"}],"wp:attachment":[{"href":"https:\/\/suedkreislaeufer.de\/index.php?rest_route=%2Fwp%2Fv2%2Fmedia&parent=13437"}],"curies":[{"name":"wp","href":"https:\/\/api.w.org\/{rel}","templated":true}]}}