{"id":17313,"date":"2021-08-21T01:51:24","date_gmt":"2021-08-21T01:51:24","guid":{"rendered":"https:\/\/suedkreislaeufer.de\/?page_id=17313"},"modified":"2021-08-29T06:42:09","modified_gmt":"2021-08-29T06:42:09","slug":"gbl-starterliste","status":"publish","type":"page","link":"https:\/\/suedkreislaeufer.de\/?page_id=17313","title":{"rendered":"1. Griesberglauf &#8211; Ergebnisliste"},"content":{"rendered":"<div id=\"attachment_17413\" style=\"width: 310px\" class=\"wp-caption alignnone\"><a href=\"https:\/\/i0.wp.com\/suedkreislaeufer.de\/wp-content\/uploads\/2021\/08\/Snapshot_202108240_170800.jpg?ssl=1\"><img data-recalc-dims=\"1\" loading=\"lazy\" decoding=\"async\" aria-describedby=\"caption-attachment-17413\" data-attachment-id=\"17413\" data-permalink=\"https:\/\/suedkreislaeufer.de\/?attachment_id=17413\" data-orig-file=\"https:\/\/i0.wp.com\/suedkreislaeufer.de\/wp-content\/uploads\/2021\/08\/Snapshot_202108240_170800.jpg?fit=1334%2C1334&amp;ssl=1\" data-orig-size=\"1334,1334\" data-comments-opened=\"0\" data-image-meta=\"{&quot;aperture&quot;:&quot;0&quot;,&quot;credit&quot;:&quot;&quot;,&quot;camera&quot;:&quot;ONEX&quot;,&quot;caption&quot;:&quot;&quot;,&quot;created_timestamp&quot;:&quot;0&quot;,&quot;copyright&quot;:&quot;&quot;,&quot;focal_length&quot;:&quot;0&quot;,&quot;iso&quot;:&quot;0&quot;,&quot;shutter_speed&quot;:&quot;0&quot;,&quot;title&quot;:&quot;&quot;,&quot;orientation&quot;:&quot;1&quot;}\" data-image-title=\"\" data-image-description=\"\" data-image-caption=\"&lt;p&gt;Hat geregnet :-)&lt;\/p&gt;\n\" data-large-file=\"https:\/\/i0.wp.com\/suedkreislaeufer.de\/wp-content\/uploads\/2021\/08\/Snapshot_202108240_170800.jpg?fit=640%2C640&amp;ssl=1\" class=\"wp-image-17413 size-medium\" src=\"https:\/\/i0.wp.com\/suedkreislaeufer.de\/wp-content\/uploads\/2021\/08\/Snapshot_202108240_170800.jpg?resize=300%2C300&#038;ssl=1\" alt=\"\" width=\"300\" height=\"300\" srcset=\"https:\/\/i0.wp.com\/suedkreislaeufer.de\/wp-content\/uploads\/2021\/08\/Snapshot_202108240_170800.jpg?resize=300%2C300&amp;ssl=1 300w, https:\/\/i0.wp.com\/suedkreislaeufer.de\/wp-content\/uploads\/2021\/08\/Snapshot_202108240_170800.jpg?resize=1024%2C1024&amp;ssl=1 1024w, https:\/\/i0.wp.com\/suedkreislaeufer.de\/wp-content\/uploads\/2021\/08\/Snapshot_202108240_170800.jpg?resize=150%2C150&amp;ssl=1 150w, https:\/\/i0.wp.com\/suedkreislaeufer.de\/wp-content\/uploads\/2021\/08\/Snapshot_202108240_170800.jpg?resize=768%2C768&amp;ssl=1 768w, https:\/\/i0.wp.com\/suedkreislaeufer.de\/wp-content\/uploads\/2021\/08\/Snapshot_202108240_170800.jpg?w=1334&amp;ssl=1 1334w, https:\/\/i0.wp.com\/suedkreislaeufer.de\/wp-content\/uploads\/2021\/08\/Snapshot_202108240_170800.jpg?w=1280&amp;ssl=1 1280w\" sizes=\"auto, (max-width: 300px) 100vw, 300px\" \/><\/a><p id=\"caption-attachment-17413\" class=\"wp-caption-text\">Hat geregnet \ud83d\ude42<\/p><\/div>\n<div class=\"tiled-gallery type-rectangular tiled-gallery-unresized\" data-original-width=\"640\" data-carousel-extra='{&quot;blog_id&quot;:1,&quot;permalink&quot;:&quot;https:\\\/\\\/suedkreislaeufer.de\\\/?page_id=17313&quot;,&quot;likes_blog_id&quot;:31057968}' itemscope itemtype=\"http:\/\/schema.org\/ImageGallery\" > <div class=\"gallery-row\" style=\"width: 640px; height: 425px;\" data-original-width=\"640\" data-original-height=\"425\" > <div class=\"gallery-group images-1\" style=\"width: 320px; height: 425px;\" data-original-width=\"320\" data-original-height=\"425\" > <div class=\"tiled-gallery-item tiled-gallery-item-large\" itemprop=\"associatedMedia\" itemscope itemtype=\"http:\/\/schema.org\/ImageObject\"> <a href=\"https:\/\/suedkreislaeufer.de\/?attachment_id=17429\" border=\"0\" itemprop=\"url\"> <meta itemprop=\"width\" content=\"316\"> <meta itemprop=\"height\" content=\"421\"> <img decoding=\"async\" class=\"\" data-attachment-id=\"17429\" data-orig-file=\"https:\/\/suedkreislaeufer.de\/wp-content\/uploads\/2021\/08\/IMG-20210828-WA0002.jpg\" data-orig-size=\"1536,2048\" data-comments-opened=\"\" data-image-meta=\"{&quot;aperture&quot;:&quot;0&quot;,&quot;credit&quot;:&quot;&quot;,&quot;camera&quot;:&quot;&quot;,&quot;caption&quot;:&quot;&quot;,&quot;created_timestamp&quot;:&quot;0&quot;,&quot;copyright&quot;:&quot;&quot;,&quot;focal_length&quot;:&quot;0&quot;,&quot;iso&quot;:&quot;0&quot;,&quot;shutter_speed&quot;:&quot;0&quot;,&quot;title&quot;:&quot;&quot;,&quot;orientation&quot;:&quot;0&quot;}\" data-image-title=\"IMG-20210828-WA0002\" data-image-description=\"\" data-medium-file=\"https:\/\/i0.wp.com\/suedkreislaeufer.de\/wp-content\/uploads\/2021\/08\/IMG-20210828-WA0002.jpg?fit=225%2C300&#038;ssl=1\" data-large-file=\"https:\/\/i0.wp.com\/suedkreislaeufer.de\/wp-content\/uploads\/2021\/08\/IMG-20210828-WA0002.jpg?fit=640%2C853&#038;ssl=1\" src=\"https:\/\/i0.wp.com\/suedkreislaeufer.de\/wp-content\/uploads\/2021\/08\/IMG-20210828-WA0002.jpg?w=316&#038;h=421&#038;ssl=1\" srcset=\"https:\/\/i0.wp.com\/suedkreislaeufer.de\/wp-content\/uploads\/2021\/08\/IMG-20210828-WA0002.jpg?w=1536&amp;ssl=1 1536w, https:\/\/i0.wp.com\/suedkreislaeufer.de\/wp-content\/uploads\/2021\/08\/IMG-20210828-WA0002.jpg?resize=225%2C300&amp;ssl=1 225w, https:\/\/i0.wp.com\/suedkreislaeufer.de\/wp-content\/uploads\/2021\/08\/IMG-20210828-WA0002.jpg?resize=768%2C1024&amp;ssl=1 768w, https:\/\/i0.wp.com\/suedkreislaeufer.de\/wp-content\/uploads\/2021\/08\/IMG-20210828-WA0002.jpg?resize=1152%2C1536&amp;ssl=1 1152w, https:\/\/i0.wp.com\/suedkreislaeufer.de\/wp-content\/uploads\/2021\/08\/IMG-20210828-WA0002.jpg?w=1280&amp;ssl=1 1280w\" width=\"316\" height=\"421\" loading=\"lazy\" data-original-width=\"316\" data-original-height=\"421\" itemprop=\"http:\/\/schema.org\/image\" title=\"IMG-20210828-WA0002\" alt=\"IMG-20210828-WA0002\" style=\"width: 316px; height: 421px;\" \/> <\/a> <\/div> <\/div> <!-- close group --> <div class=\"gallery-group images-1\" style=\"width: 320px; height: 425px;\" data-original-width=\"320\" data-original-height=\"425\" > <div class=\"tiled-gallery-item tiled-gallery-item-large\" itemprop=\"associatedMedia\" itemscope itemtype=\"http:\/\/schema.org\/ImageObject\"> <a href=\"https:\/\/suedkreislaeufer.de\/?attachment_id=17430\" border=\"0\" itemprop=\"url\"> <meta itemprop=\"width\" content=\"316\"> <meta itemprop=\"height\" content=\"421\"> <img decoding=\"async\" class=\"\" data-attachment-id=\"17430\" data-orig-file=\"https:\/\/suedkreislaeufer.de\/wp-content\/uploads\/2021\/08\/IMG-20210828-WA0003.jpg\" data-orig-size=\"1368,1824\" data-comments-opened=\"\" data-image-meta=\"{&quot;aperture&quot;:&quot;0&quot;,&quot;credit&quot;:&quot;&quot;,&quot;camera&quot;:&quot;&quot;,&quot;caption&quot;:&quot;&quot;,&quot;created_timestamp&quot;:&quot;0&quot;,&quot;copyright&quot;:&quot;&quot;,&quot;focal_length&quot;:&quot;0&quot;,&quot;iso&quot;:&quot;0&quot;,&quot;shutter_speed&quot;:&quot;0&quot;,&quot;title&quot;:&quot;&quot;,&quot;orientation&quot;:&quot;0&quot;}\" data-image-title=\"IMG-20210828-WA0003\" data-image-description=\"\" data-medium-file=\"https:\/\/i0.wp.com\/suedkreislaeufer.de\/wp-content\/uploads\/2021\/08\/IMG-20210828-WA0003.jpg?fit=225%2C300&#038;ssl=1\" data-large-file=\"https:\/\/i0.wp.com\/suedkreislaeufer.de\/wp-content\/uploads\/2021\/08\/IMG-20210828-WA0003.jpg?fit=640%2C853&#038;ssl=1\" src=\"https:\/\/i0.wp.com\/suedkreislaeufer.de\/wp-content\/uploads\/2021\/08\/IMG-20210828-WA0003.jpg?w=316&#038;h=421&#038;ssl=1\" srcset=\"https:\/\/i0.wp.com\/suedkreislaeufer.de\/wp-content\/uploads\/2021\/08\/IMG-20210828-WA0003.jpg?w=1368&amp;ssl=1 1368w, https:\/\/i0.wp.com\/suedkreislaeufer.de\/wp-content\/uploads\/2021\/08\/IMG-20210828-WA0003.jpg?resize=225%2C300&amp;ssl=1 225w, https:\/\/i0.wp.com\/suedkreislaeufer.de\/wp-content\/uploads\/2021\/08\/IMG-20210828-WA0003.jpg?resize=768%2C1024&amp;ssl=1 768w, https:\/\/i0.wp.com\/suedkreislaeufer.de\/wp-content\/uploads\/2021\/08\/IMG-20210828-WA0003.jpg?resize=1152%2C1536&amp;ssl=1 1152w, https:\/\/i0.wp.com\/suedkreislaeufer.de\/wp-content\/uploads\/2021\/08\/IMG-20210828-WA0003.jpg?w=1280&amp;ssl=1 1280w\" width=\"316\" height=\"421\" loading=\"lazy\" data-original-width=\"316\" data-original-height=\"421\" itemprop=\"http:\/\/schema.org\/image\" title=\"IMG-20210828-WA0003\" alt=\"IMG-20210828-WA0003\" style=\"width: 316px; height: 421px;\" \/> <\/a> <\/div> <\/div> <!-- close group --> <\/div> <!-- close row --> <\/div>\n<p style=\"text-align: justify;\">Heute, am 28.08.2021 fand der 1. Griesberglauf (der Neuzeit) statt. Bei str\u00f6menden Regen, und ich meine wirklich bei str\u00f6menden Regen, machten sich 6 wagemutige L\u00e4ufer\/innen auf den Weg die &#8222;<a href=\"https:\/\/suedkreislaeufer.de\/?page_id=17408\">Griesberglauf Weltbestenliste<\/a>&#8220; zu st\u00fcrmen. Leider schafften es nur 50 % der Teilnehmer in die Liste zu rutschen. Geschafft haben es Lars Biegisch und Andreas Bosse bei den Herren und Stefanie Runne bei den Damen. Mittlerweile mu\u00df man unter 00:24:09 bei den Herren laufen um einen Eintrag zu bekommen. Bei den Damen ist das schon ein wenig einfacher, da dort auch noch keine 25 auf der Liste stehen. Stefanie hat es aber auch gleich auf den 3. Platz geschafft und ich bin mir sicher, da geht noch was \ud83d\ude42 Trotz der widrigen Umst\u00e4nde hatten wir unseren Spa\u00df und der n\u00e4chste Lauf wird sicherlich kommen \ud83d\ude42<\/p>\n<p>PS: Hatte ich eigentlich schon gesagt das es geregnet hat ? In str\u00f6\u00f6\u00f6\u00f6\u00f6men \ud83d\ude42<\/p>\n<table dir=\"ltr\" border=\"1\" cellspacing=\"0\" cellpadding=\"0\">\n<colgroup>\n<col width=\"139\" \/>\n<col width=\"139\" \/>\n<col width=\"106\" \/><\/colgroup>\n<tbody>\n<tr>\n<td data-sheets-value=\"{&quot;1&quot;:2,&quot;2&quot;:&quot;Biegisch&quot;}\">Biegisch<\/td>\n<td data-sheets-value=\"{&quot;1&quot;:2,&quot;2&quot;:&quot;Lars&quot;}\">Lars<\/td>\n<td data-sheets-value=\"{&quot;1&quot;:3,&quot;3&quot;:0.015787037037037037}\" data-sheets-numberformat=\"{&quot;1&quot;:6,&quot;2&quot;:&quot;[hh]:mm:ss&quot;,&quot;3&quot;:1}\">00:22:44<\/td>\n<\/tr>\n<tr>\n<td data-sheets-value=\"{&quot;1&quot;:2,&quot;2&quot;:&quot;Bosse&quot;}\">Bosse<\/td>\n<td data-sheets-value=\"{&quot;1&quot;:2,&quot;2&quot;:&quot;Andreas&quot;}\">Andreas<\/td>\n<td data-sheets-value=\"{&quot;1&quot;:3,&quot;3&quot;:0.016770833333333332}\" data-sheets-numberformat=\"{&quot;1&quot;:6,&quot;2&quot;:&quot;[hh]:mm:ss&quot;,&quot;3&quot;:1}\">00:24:09<\/td>\n<\/tr>\n<tr>\n<td data-sheets-value=\"{&quot;1&quot;:2,&quot;2&quot;:&quot;Hartmann&quot;}\">Hartmann<\/td>\n<td data-sheets-value=\"{&quot;1&quot;:2,&quot;2&quot;:&quot;Michael&quot;}\">Michael<\/td>\n<td data-sheets-value=\"{&quot;1&quot;:3,&quot;3&quot;:0.017256944444444443}\" data-sheets-numberformat=\"{&quot;1&quot;:6,&quot;2&quot;:&quot;[hh]:mm:ss&quot;,&quot;3&quot;:1}\">00:24:51<\/td>\n<\/tr>\n<tr>\n<td data-sheets-value=\"{&quot;1&quot;:2,&quot;2&quot;:&quot;Runne&quot;}\">Runne<\/td>\n<td data-sheets-value=\"{&quot;1&quot;:2,&quot;2&quot;:&quot;Stefanie&quot;}\">Stefanie<\/td>\n<td data-sheets-value=\"{&quot;1&quot;:3,&quot;3&quot;:0.017638888888888888}\" data-sheets-numberformat=\"{&quot;1&quot;:6,&quot;2&quot;:&quot;[hh]:mm:ss&quot;,&quot;3&quot;:1}\">00:25:24<\/td>\n<\/tr>\n<tr>\n<td data-sheets-value=\"{&quot;1&quot;:2,&quot;2&quot;:&quot;Stein&quot;}\">Stein<\/td>\n<td data-sheets-value=\"{&quot;1&quot;:2,&quot;2&quot;:&quot;Uwe&quot;}\">Uwe<\/td>\n<td data-sheets-value=\"{&quot;1&quot;:3,&quot;3&quot;:0.018032407407407407}\" data-sheets-numberformat=\"{&quot;1&quot;:6,&quot;2&quot;:&quot;[hh]:mm:ss&quot;,&quot;3&quot;:1}\">00:25:58<\/td>\n<\/tr>\n<tr>\n<td data-sheets-value=\"{&quot;1&quot;:2,&quot;2&quot;:&quot;Hartmann&quot;}\">Hartmann<\/td>\n<td data-sheets-value=\"{&quot;1&quot;:2,&quot;2&quot;:&quot;Tim&quot;}\">Tim<\/td>\n<td data-sheets-value=\"{&quot;1&quot;:3,&quot;3&quot;:0.019560185185185184}\" data-sheets-numberformat=\"{&quot;1&quot;:6,&quot;2&quot;:&quot;[hh]:mm:ss&quot;,&quot;3&quot;:1}\">00:28:10<\/td>\n<\/tr>\n<tr>\n<td data-sheets-value=\"{&quot;1&quot;:2,&quot;2&quot;:&quot;Kr\u00fcger&quot;}\">Kr\u00fcger<\/td>\n<td data-sheets-value=\"{&quot;1&quot;:2,&quot;2&quot;:&quot;Ole&quot;}\">Ole<\/td>\n<td data-sheets-value=\"{&quot;1&quot;:2,&quot;2&quot;:&quot;DNS&quot;}\">DNS<\/td>\n<\/tr>\n<\/tbody>\n<\/table>\n","protected":false},"excerpt":{"rendered":"<p>Heute, am 28.08.2021 fand der 1. Griesberglauf (der Neuzeit) statt. Bei str\u00f6menden Regen, und ich meine wirklich bei str\u00f6menden Regen, machten sich 6 wagemutige L\u00e4ufer\/innen auf den Weg die &#8222;Griesberglauf Weltbestenliste&#8220; zu st\u00fcrmen. Leider schafften es nur 50 % der &hellip; <a href=\"https:\/\/suedkreislaeufer.de\/?page_id=17313\">Weiterlesen <span class=\"meta-nav\">&rarr;<\/span><\/a><\/p>\n","protected":false},"author":1,"featured_media":0,"parent":0,"menu_order":0,"comment_status":"closed","ping_status":"closed","template":"","meta":{"footnotes":""},"class_list":["post-17313","page","type-page","status-publish","hentry"],"jetpack_shortlink":"https:\/\/wp.me\/P26jAY-4vf","jetpack_sharing_enabled":true,"jetpack_likes_enabled":false,"jetpack-related-posts":[{"id":17474,"url":"https:\/\/suedkreislaeufer.de\/?page_id=17474","url_meta":{"origin":17313,"position":0},"title":"3. Griesberglauf &#8211; 23.10.2021","author":"Suedkreislaeufer","date":"23. Oktober 2021","format":false,"excerpt":"\u00a0 Heute fand der 3. Griesberglauf 2021 statt. Am Start standen Christian Schindler, Uwe Stein und Meiner Einer. Drei weitere L\u00e4ufer mu\u00dften leider kurzfristig absagen. Christian, der schnellste in unserer 3er Combo gab gleich von Beginn an Sp\u00e4hne und schraubte sich in 00:22:01 der Berg hinauf. Damit rutscht er nun\u2026","rel":"","context":"\u00c4hnlicher Beitrag","block_context":{"text":"\u00c4hnlicher Beitrag","link":""},"img":{"alt_text":"","src":"https:\/\/i0.wp.com\/suedkreislaeufer.de\/wp-content\/uploads\/2021\/10\/20211023_173058.jpeg?resize=350%2C200","width":350,"height":200,"srcset":"https:\/\/i0.wp.com\/suedkreislaeufer.de\/wp-content\/uploads\/2021\/10\/20211023_173058.jpeg?resize=350%2C200 1x, https:\/\/i0.wp.com\/suedkreislaeufer.de\/wp-content\/uploads\/2021\/10\/20211023_173058.jpeg?resize=525%2C300 1.5x, https:\/\/i0.wp.com\/suedkreislaeufer.de\/wp-content\/uploads\/2021\/10\/20211023_173058.jpeg?resize=700%2C400 2x"},"classes":[]},{"id":17298,"url":"https:\/\/suedkreislaeufer.de\/?page_id=17298","url_meta":{"origin":17313,"position":1},"title":"Griesberglauf","author":"Suedkreislaeufer","date":"3. November 2021","format":false,"excerpt":"Es ist Ende Juni 2007. Hansi K\u00f6hler h\u00e4lt seit dem den Rekord auf der 4,1 km langen Strecke von Almstedt zum Griesberg Funkturm in 18:04 Minuten. Das soll sich nun \u00e4ndern. Das Suedkreis Ultrateam l\u00e4dt ein zum: 4. Griesberglauf 2021 am 27. November um 17 Uhr Ihr habt nun wieder\u2026","rel":"","context":"\u00c4hnlicher Beitrag","block_context":{"text":"\u00c4hnlicher Beitrag","link":""},"img":{"alt_text":"","src":"https:\/\/i0.wp.com\/suedkreislaeufer.de\/wp-content\/uploads\/2013\/05\/CIMG0245-300x225.jpg?resize=350%2C200","width":350,"height":200},"classes":[]},{"id":17426,"url":"https:\/\/suedkreislaeufer.de\/?page_id=17426","url_meta":{"origin":17313,"position":2},"title":"2. Griesberglauf &#8211; 18.09.2021","author":"Suedkreislaeufer","date":"18. September 2021","format":false,"excerpt":"Hier die Ergebnisse vom 2. Griesberglauf am 18.09.2021 Heute standen 3 L\u00e4ufer an der Startlinie. Martin, hat sich leider ein wenig verlaufen (ca.200m) aber trotzdem eine Klasse Zeit hingelegt. Er ist nun mit 00:21:26 der Monatssieger. In die Tabelle ist er damit aber nicht gekommen, da seine Bestzeit, eine 00:19:18\u2026","rel":"","context":"\u00c4hnlicher Beitrag","block_context":{"text":"\u00c4hnlicher Beitrag","link":""},"img":{"alt_text":"","src":"","width":0,"height":0},"classes":[]},{"id":17408,"url":"https:\/\/suedkreislaeufer.de\/?page_id=17408","url_meta":{"origin":17313,"position":3},"title":"Griesberglauf Weltbestenliste","author":"Suedkreislaeufer","date":"18. September 2021","format":false,"excerpt":"Top 25 M\u00e4nner Platz Name Datum Zeit (min.) 1 Hansi K\u00f6hler 30.06.2007 00:18:04 2 Michael Strohmeyer 30.06.2007 00:18:31 3 Mark Kaspari 30.06.2007 00:18:46 4 Michael Neugebauer 05.02.2008 00:18:53 5 Martin Braune-Krickau 07.12.2014 00:19:18 6 Mario Reichelt 30.06.2007 00:19:19 7 Detlef Londenberg 30.06.2007 00:19:48 8 Stefan Seyffert 10.08.2008 00:19:45 9 Dirk\u2026","rel":"","context":"\u00c4hnlicher Beitrag","block_context":{"text":"\u00c4hnlicher Beitrag","link":""},"img":{"alt_text":"","src":"","width":0,"height":0},"classes":[]},{"id":17607,"url":"https:\/\/suedkreislaeufer.de\/?page_id=17607","url_meta":{"origin":17313,"position":4},"title":"4. Griesberglauf &#8211; 27.11.2021","author":"Suedkreislaeufer","date":"14. November 2021","format":false,"excerpt":"Teilnehmer: Hartmann Michael Stein Uwe","rel":"","context":"\u00c4hnlicher Beitrag","block_context":{"text":"\u00c4hnlicher Beitrag","link":""},"img":{"alt_text":"","src":"","width":0,"height":0},"classes":[]},{"id":17837,"url":"https:\/\/suedkreislaeufer.de\/?page_id=17837","url_meta":{"origin":17313,"position":5},"title":"Griesberg Gipfelbuch","author":"Suedkreislaeufer","date":"15. Juli 2022","format":false,"excerpt":"Hier findet Ihr das Archiv der Gipfelb\u00fccher vom Griesberg zum herunterladen. Wer seinen Eintrag hier (in der PDF) nicht sehen m\u00f6chte, sollte sich unter gipfelbuch@suedkreislaeufer.de melden. Viel Spa\u00df beim st\u00f6bern ... Gipfelbuch 01, 2015 bis 2020, PDF, 75 mb Gipfelbuch 02, 2020 bis 2022, PDF, 96 mb Gipfelst\u00fcrmer Galerie (schickt\u2026","rel":"","context":"\u00c4hnlicher Beitrag","block_context":{"text":"\u00c4hnlicher Beitrag","link":""},"img":{"alt_text":"","src":"https:\/\/i0.wp.com\/suedkreislaeufer.de\/wp-content\/uploads\/2022\/07\/2022-07-09-11h27m12.jpeg?resize=350%2C200","width":350,"height":200,"srcset":"https:\/\/i0.wp.com\/suedkreislaeufer.de\/wp-content\/uploads\/2022\/07\/2022-07-09-11h27m12.jpeg?resize=350%2C200 1x, https:\/\/i0.wp.com\/suedkreislaeufer.de\/wp-content\/uploads\/2022\/07\/2022-07-09-11h27m12.jpeg?resize=525%2C300 1.5x, https:\/\/i0.wp.com\/suedkreislaeufer.de\/wp-content\/uploads\/2022\/07\/2022-07-09-11h27m12.jpeg?resize=700%2C400 2x"},"classes":[]}],"_links":{"self":[{"href":"https:\/\/suedkreislaeufer.de\/index.php?rest_route=\/wp\/v2\/pages\/17313","targetHints":{"allow":["GET"]}}],"collection":[{"href":"https:\/\/suedkreislaeufer.de\/index.php?rest_route=\/wp\/v2\/pages"}],"about":[{"href":"https:\/\/suedkreislaeufer.de\/index.php?rest_route=\/wp\/v2\/types\/page"}],"author":[{"embeddable":true,"href":"https:\/\/suedkreislaeufer.de\/index.php?rest_route=\/wp\/v2\/users\/1"}],"replies":[{"embeddable":true,"href":"https:\/\/suedkreislaeufer.de\/index.php?rest_route=%2Fwp%2Fv2%2Fcomments&post=17313"}],"version-history":[{"count":16,"href":"https:\/\/suedkreislaeufer.de\/index.php?rest_route=\/wp\/v2\/pages\/17313\/revisions"}],"predecessor-version":[{"id":17432,"href":"https:\/\/suedkreislaeufer.de\/index.php?rest_route=\/wp\/v2\/pages\/17313\/revisions\/17432"}],"wp:attachment":[{"href":"https:\/\/suedkreislaeufer.de\/index.php?rest_route=%2Fwp%2Fv2%2Fmedia&parent=17313"}],"curies":[{"name":"wp","href":"https:\/\/api.w.org\/{rel}","templated":true}]}}