{"id":17408,"date":"2021-09-18T00:41:21","date_gmt":"2021-09-18T00:41:21","guid":{"rendered":"https:\/\/suedkreislaeufer.de\/?page_id=17408"},"modified":"2021-10-23T18:04:40","modified_gmt":"2021-10-23T18:04:40","slug":"griesberglauf-weltbestenliste","status":"publish","type":"page","link":"https:\/\/suedkreislaeufer.de\/?page_id=17408","title":{"rendered":"Griesberglauf Weltbestenliste"},"content":{"rendered":"<table dir=\"ltr\" border=\"1\" cellspacing=\"0\" cellpadding=\"0\">\n<colgroup>\n<col width=\"54\" \/>\n<col width=\"163\" \/>\n<col width=\"100\" \/>\n<col width=\"100\" \/><\/colgroup>\n<tbody>\n<tr>\n<td><\/td>\n<td data-sheets-value=\"{&quot;1&quot;:2,&quot;2&quot;:&quot;Top 25 M\u00e4nner&quot;}\"><strong>Top 25 M\u00e4nner<\/strong><\/td>\n<td><\/td>\n<td data-sheets-numberformat=\"{&quot;1&quot;:6,&quot;2&quot;:&quot;hh\\&quot;:\\&quot;mm&quot;}\"><\/td>\n<\/tr>\n<tr>\n<td data-sheets-value=\"{&quot;1&quot;:2,&quot;2&quot;:&quot;Platz&quot;}\">Platz<\/td>\n<td data-sheets-value=\"{&quot;1&quot;:2,&quot;2&quot;:&quot;Name&quot;}\">Name<\/td>\n<td data-sheets-value=\"{&quot;1&quot;:2,&quot;2&quot;:&quot;Datum&quot;}\">Datum<\/td>\n<td data-sheets-value=\"{&quot;1&quot;:2,&quot;2&quot;:&quot;Zeit (min.)&quot;}\">Zeit (min.)<\/td>\n<\/tr>\n<tr>\n<td data-sheets-value=\"{&quot;1&quot;:3,&quot;3&quot;:1}\">1<\/td>\n<td data-sheets-value=\"{&quot;1&quot;:2,&quot;2&quot;:&quot;Hansi K\u00f6hler&quot;}\">Hansi K\u00f6hler<\/td>\n<td data-sheets-value=\"{&quot;1&quot;:3,&quot;3&quot;:39263}\" data-sheets-numberformat=\"{&quot;1&quot;:5,&quot;2&quot;:&quot;dd.mm.yyyy&quot;,&quot;3&quot;:1}\">30.06.2007<\/td>\n<td data-sheets-value=\"{&quot;1&quot;:2,&quot;2&quot;:&quot;00:18:04&quot;}\" data-sheets-numberformat=\"{&quot;1&quot;:1}\">00:18:04<\/td>\n<\/tr>\n<tr>\n<td data-sheets-value=\"{&quot;1&quot;:3,&quot;3&quot;:2}\">2<\/td>\n<td data-sheets-value=\"{&quot;1&quot;:2,&quot;2&quot;:&quot;Michael Strohmeyer&quot;}\">Michael Strohmeyer<\/td>\n<td data-sheets-value=\"{&quot;1&quot;:3,&quot;3&quot;:39263}\" data-sheets-numberformat=\"{&quot;1&quot;:5,&quot;2&quot;:&quot;dd.mm.yyyy&quot;,&quot;3&quot;:1}\">30.06.2007<\/td>\n<td data-sheets-value=\"{&quot;1&quot;:2,&quot;2&quot;:&quot;00:18:31&quot;}\" data-sheets-numberformat=\"{&quot;1&quot;:1}\">00:18:31<\/td>\n<\/tr>\n<tr>\n<td data-sheets-value=\"{&quot;1&quot;:3,&quot;3&quot;:3}\">3<\/td>\n<td data-sheets-value=\"{&quot;1&quot;:2,&quot;2&quot;:&quot;Mark Kaspari&quot;}\">Mark Kaspari<\/td>\n<td data-sheets-value=\"{&quot;1&quot;:3,&quot;3&quot;:39263}\" data-sheets-numberformat=\"{&quot;1&quot;:5,&quot;2&quot;:&quot;dd.mm.yyyy&quot;,&quot;3&quot;:1}\">30.06.2007<\/td>\n<td data-sheets-value=\"{&quot;1&quot;:2,&quot;2&quot;:&quot;00:18:46&quot;}\" data-sheets-numberformat=\"{&quot;1&quot;:1}\">00:18:46<\/td>\n<\/tr>\n<tr>\n<td data-sheets-value=\"{&quot;1&quot;:3,&quot;3&quot;:4}\">4<\/td>\n<td data-sheets-value=\"{&quot;1&quot;:2,&quot;2&quot;:&quot;Michael Neugebauer&quot;}\">Michael Neugebauer<\/td>\n<td data-sheets-value=\"{&quot;1&quot;:3,&quot;3&quot;:39483}\" data-sheets-numberformat=\"{&quot;1&quot;:5,&quot;2&quot;:&quot;dd.mm.yyyy&quot;,&quot;3&quot;:1}\">05.02.2008<\/td>\n<td data-sheets-value=\"{&quot;1&quot;:2,&quot;2&quot;:&quot;00:18:53&quot;}\" data-sheets-numberformat=\"{&quot;1&quot;:1}\">00:18:53<\/td>\n<\/tr>\n<tr>\n<td data-sheets-value=\"{&quot;1&quot;:3,&quot;3&quot;:5}\">5<\/td>\n<td data-sheets-value=\"{&quot;1&quot;:2,&quot;2&quot;:&quot;Martin Braune-Krickau&quot;}\">Martin Braune-Krickau<\/td>\n<td data-sheets-value=\"{&quot;1&quot;:3,&quot;3&quot;:41980}\" data-sheets-numberformat=\"{&quot;1&quot;:5,&quot;2&quot;:&quot;dd.mm.yyyy&quot;,&quot;3&quot;:1}\">07.12.2014<\/td>\n<td data-sheets-value=\"{&quot;1&quot;:2,&quot;2&quot;:&quot;00:19:18&quot;}\" data-sheets-numberformat=\"{&quot;1&quot;:1}\">00:19:18<\/td>\n<\/tr>\n<tr>\n<td data-sheets-value=\"{&quot;1&quot;:3,&quot;3&quot;:6}\">6<\/td>\n<td data-sheets-value=\"{&quot;1&quot;:2,&quot;2&quot;:&quot;Mario Reichelt&quot;}\">Mario Reichelt<\/td>\n<td data-sheets-value=\"{&quot;1&quot;:3,&quot;3&quot;:39263}\" data-sheets-numberformat=\"{&quot;1&quot;:5,&quot;2&quot;:&quot;dd.mm.yyyy&quot;,&quot;3&quot;:1}\">30.06.2007<\/td>\n<td data-sheets-value=\"{&quot;1&quot;:2,&quot;2&quot;:&quot;00:19:19&quot;}\" data-sheets-numberformat=\"{&quot;1&quot;:1}\">00:19:19<\/td>\n<\/tr>\n<tr>\n<td data-sheets-value=\"{&quot;1&quot;:3,&quot;3&quot;:7}\">7<\/td>\n<td data-sheets-value=\"{&quot;1&quot;:2,&quot;2&quot;:&quot;Detlef Londenberg&quot;}\">Detlef Londenberg<\/td>\n<td data-sheets-value=\"{&quot;1&quot;:3,&quot;3&quot;:39263}\" data-sheets-numberformat=\"{&quot;1&quot;:5,&quot;2&quot;:&quot;dd.mm.yyyy&quot;,&quot;3&quot;:1}\">30.06.2007<\/td>\n<td data-sheets-value=\"{&quot;1&quot;:2,&quot;2&quot;:&quot;00:19:48&quot;}\" data-sheets-numberformat=\"{&quot;1&quot;:1}\">00:19:48<\/td>\n<\/tr>\n<tr>\n<td data-sheets-value=\"{&quot;1&quot;:3,&quot;3&quot;:8}\">8<\/td>\n<td data-sheets-value=\"{&quot;1&quot;:2,&quot;2&quot;:&quot;Stefan Seyffert&quot;}\">Stefan Seyffert<\/td>\n<td data-sheets-value=\"{&quot;1&quot;:3,&quot;3&quot;:39670}\" data-sheets-numberformat=\"{&quot;1&quot;:5,&quot;2&quot;:&quot;dd.mm.yyyy&quot;,&quot;3&quot;:1}\">10.08.2008<\/td>\n<td data-sheets-value=\"{&quot;1&quot;:2,&quot;2&quot;:&quot;00:19:45&quot;}\" data-sheets-numberformat=\"{&quot;1&quot;:1}\">00:19:45<\/td>\n<\/tr>\n<tr>\n<td data-sheets-value=\"{&quot;1&quot;:3,&quot;3&quot;:9}\">9<\/td>\n<td data-sheets-value=\"{&quot;1&quot;:2,&quot;2&quot;:&quot;Dirk Reimann&quot;}\">Dirk Reimann<\/td>\n<td data-sheets-value=\"{&quot;1&quot;:3,&quot;3&quot;:39263}\" data-sheets-numberformat=\"{&quot;1&quot;:5,&quot;2&quot;:&quot;dd.mm.yyyy&quot;,&quot;3&quot;:1}\">30.06.2007<\/td>\n<td data-sheets-value=\"{&quot;1&quot;:2,&quot;2&quot;:&quot;00:20:24&quot;}\" data-sheets-numberformat=\"{&quot;1&quot;:1}\">00:20:24<\/td>\n<\/tr>\n<tr>\n<td data-sheets-value=\"{&quot;1&quot;:3,&quot;3&quot;:10}\">10<\/td>\n<td data-sheets-value=\"{&quot;1&quot;:2,&quot;2&quot;:&quot;Christoph Kunze&quot;}\">Christoph Kunze<\/td>\n<td data-sheets-value=\"{&quot;1&quot;:3,&quot;3&quot;:39361}\" data-sheets-numberformat=\"{&quot;1&quot;:5,&quot;2&quot;:&quot;dd.mm.yyyy&quot;,&quot;3&quot;:1}\">06.10.2007<\/td>\n<td data-sheets-value=\"{&quot;1&quot;:2,&quot;2&quot;:&quot;00:20:36&quot;}\" data-sheets-numberformat=\"{&quot;1&quot;:1}\">00:20:36<\/td>\n<\/tr>\n<tr>\n<td data-sheets-value=\"{&quot;1&quot;:3,&quot;3&quot;:11}\">11<\/td>\n<td data-sheets-value=\"{&quot;1&quot;:2,&quot;2&quot;:&quot;Volker Schade-Buensow&quot;}\">Volker Schade-Buensow<\/td>\n<td data-sheets-value=\"{&quot;1&quot;:3,&quot;3&quot;:39609}\" data-sheets-numberformat=\"{&quot;1&quot;:5,&quot;2&quot;:&quot;dd.mm.yyyy&quot;,&quot;3&quot;:1}\">10.06.2008<\/td>\n<td data-sheets-value=\"{&quot;1&quot;:2,&quot;2&quot;:&quot;00:20:44&quot;}\" data-sheets-numberformat=\"{&quot;1&quot;:1}\">00:20:44<\/td>\n<\/tr>\n<tr>\n<td data-sheets-value=\"{&quot;1&quot;:3,&quot;3&quot;:12}\">12<\/td>\n<td data-sheets-value=\"{&quot;1&quot;:2,&quot;2&quot;:&quot;Thomas Haake&quot;}\">Thomas Haake<\/td>\n<td data-sheets-value=\"{&quot;1&quot;:3,&quot;3&quot;:39446}\" data-sheets-numberformat=\"{&quot;1&quot;:5,&quot;2&quot;:&quot;d.m.yyyy&quot;,&quot;3&quot;:1}\">30.12.2007<\/td>\n<td data-sheets-value=\"{&quot;1&quot;:2,&quot;2&quot;:&quot;00:20:49&quot;}\" data-sheets-numberformat=\"{&quot;1&quot;:1}\">00:20:49<\/td>\n<\/tr>\n<tr>\n<td data-sheets-value=\"{&quot;1&quot;:3,&quot;3&quot;:13}\">13<\/td>\n<td data-sheets-value=\"{&quot;1&quot;:2,&quot;2&quot;:&quot;Oliver Lau&quot;}\">Oliver Lau<\/td>\n<td data-sheets-value=\"{&quot;1&quot;:3,&quot;3&quot;:39620}\" data-sheets-numberformat=\"{&quot;1&quot;:5,&quot;2&quot;:&quot;dd.mm.yyyy&quot;,&quot;3&quot;:1}\">21.06.2008<\/td>\n<td data-sheets-value=\"{&quot;1&quot;:2,&quot;2&quot;:&quot;00:20:50&quot;}\" data-sheets-numberformat=\"{&quot;1&quot;:1}\">00:20:50<\/td>\n<\/tr>\n<tr>\n<td data-sheets-value=\"{&quot;1&quot;:3,&quot;3&quot;:14}\">14<\/td>\n<td data-sheets-value=\"{&quot;1&quot;:2,&quot;2&quot;:&quot;Michael Hartmann&quot;}\">Michael Hartmann<\/td>\n<td data-sheets-value=\"{&quot;1&quot;:3,&quot;3&quot;:39732}\" data-sheets-numberformat=\"{&quot;1&quot;:5,&quot;2&quot;:&quot;d.m.yyyy&quot;,&quot;3&quot;:1}\">11.10.2008<\/td>\n<td data-sheets-value=\"{&quot;1&quot;:2,&quot;2&quot;:&quot;00:20:58&quot;}\" data-sheets-numberformat=\"{&quot;1&quot;:1}\">00:20:58<\/td>\n<\/tr>\n<tr>\n<td data-sheets-value=\"{&quot;1&quot;:3,&quot;3&quot;:15}\">15<\/td>\n<td data-sheets-value=\"{&quot;1&quot;:2,&quot;2&quot;:&quot;Martin Wabra&quot;}\">Martin Wabra<\/td>\n<td data-sheets-value=\"{&quot;1&quot;:3,&quot;3&quot;:39263}\" data-sheets-numberformat=\"{&quot;1&quot;:5,&quot;2&quot;:&quot;dd.mm.yyyy&quot;,&quot;3&quot;:1}\">30.06.2007<\/td>\n<td data-sheets-value=\"{&quot;1&quot;:2,&quot;2&quot;:&quot;00:21:26&quot;}\" data-sheets-numberformat=\"{&quot;1&quot;:1}\">00:21:26<\/td>\n<\/tr>\n<tr>\n<td data-sheets-value=\"{&quot;1&quot;:3,&quot;3&quot;:16}\">16<\/td>\n<td data-sheets-value=\"{&quot;1&quot;:2,&quot;2&quot;:&quot;Burkhard Sievers&quot;}\">Burkhard Sievers<\/td>\n<td data-sheets-value=\"{&quot;1&quot;:3,&quot;3&quot;:39375}\" data-sheets-numberformat=\"{&quot;1&quot;:5,&quot;2&quot;:&quot;d.m.yyyy&quot;,&quot;3&quot;:1}\">20.10.2007<\/td>\n<td data-sheets-value=\"{&quot;1&quot;:2,&quot;2&quot;:&quot;00:21:57&quot;}\" data-sheets-numberformat=\"{&quot;1&quot;:1}\">00:21:57<\/td>\n<\/tr>\n<tr>\n<td data-sheets-value=\"{&quot;1&quot;:3,&quot;3&quot;:17}\">17<\/td>\n<td data-sheets-value=\"{&quot;1&quot;:2,&quot;2&quot;:&quot;Marco Kohlmann&quot;}\">Marco Kohlmann<\/td>\n<td data-sheets-value=\"{&quot;1&quot;:3,&quot;3&quot;:40270}\" data-sheets-numberformat=\"{&quot;1&quot;:5,&quot;2&quot;:&quot;dd.mm.yyyy&quot;,&quot;3&quot;:1}\">02.04.2010<\/td>\n<td data-sheets-value=\"{&quot;1&quot;:2,&quot;2&quot;:&quot;00:21:57&quot;}\" data-sheets-numberformat=\"{&quot;1&quot;:1}\">00:21:57<\/td>\n<\/tr>\n<tr>\n<td data-sheets-value=\"{&quot;1&quot;:3,&quot;3&quot;:18}\">18<\/td>\n<td data-sheets-value=\"{&quot;1&quot;:2,&quot;2&quot;:&quot;Stefan Ernst&quot;}\">Stefan Ernst<\/td>\n<td data-sheets-value=\"{&quot;1&quot;:3,&quot;3&quot;:39355}\" data-sheets-numberformat=\"{&quot;1&quot;:5,&quot;2&quot;:&quot;dd.mm.yyyy&quot;,&quot;3&quot;:1}\">30.09.2007<\/td>\n<td data-sheets-value=\"{&quot;1&quot;:2,&quot;2&quot;:&quot;00:22:01&quot;}\" data-sheets-numberformat=\"{&quot;1&quot;:1}\">00:22:01<\/td>\n<\/tr>\n<tr>\n<td data-sheets-value=\"{&quot;1&quot;:3,&quot;3&quot;:18}\">18<\/td>\n<td data-sheets-value=\"{&quot;1&quot;:2,&quot;2&quot;:&quot;Christian Schindler&quot;}\">Christian Schindler<\/td>\n<td data-sheets-value=\"{&quot;1&quot;:3,&quot;3&quot;:44492}\" data-sheets-numberformat=\"{&quot;1&quot;:5,&quot;2&quot;:&quot;dd.mm.yyyy&quot;,&quot;3&quot;:1}\">23.10.2021<\/td>\n<td data-sheets-value=\"{&quot;1&quot;:2,&quot;2&quot;:&quot;00:22:01&quot;}\" data-sheets-numberformat=\"{&quot;1&quot;:1}\">00:22:01<\/td>\n<\/tr>\n<tr>\n<td data-sheets-value=\"{&quot;1&quot;:3,&quot;3&quot;:20}\">20<\/td>\n<td data-sheets-value=\"{&quot;1&quot;:2,&quot;2&quot;:&quot;Felix M\u00f6ller&quot;}\">Felix M\u00f6ller<\/td>\n<td data-sheets-value=\"{&quot;1&quot;:3,&quot;3&quot;:44457}\" data-sheets-numberformat=\"{&quot;1&quot;:5,&quot;2&quot;:&quot;dd.mm.yyyy&quot;,&quot;3&quot;:1}\">18.09.2021<\/td>\n<td data-sheets-value=\"{&quot;1&quot;:2,&quot;2&quot;:&quot;00:22:10&quot;}\" data-sheets-numberformat=\"{&quot;1&quot;:1}\">00:22:10<\/td>\n<\/tr>\n<tr>\n<td data-sheets-value=\"{&quot;1&quot;:3,&quot;3&quot;:21}\">21<\/td>\n<td data-sheets-value=\"{&quot;1&quot;:2,&quot;2&quot;:&quot;Thorsten L\u00f6schmann&quot;}\">Thorsten L\u00f6schmann<\/td>\n<td data-sheets-value=\"{&quot;1&quot;:3,&quot;3&quot;:39691}\" data-sheets-numberformat=\"{&quot;1&quot;:5,&quot;2&quot;:&quot;dd.mm.yyyy&quot;,&quot;3&quot;:1}\">31.08.2008<\/td>\n<td data-sheets-value=\"{&quot;1&quot;:2,&quot;2&quot;:&quot;00:22:14&quot;}\" data-sheets-numberformat=\"{&quot;1&quot;:1}\">00:22:14<\/td>\n<\/tr>\n<tr>\n<td data-sheets-value=\"{&quot;1&quot;:3,&quot;3&quot;:22}\">22<\/td>\n<td data-sheets-value=\"{&quot;1&quot;:2,&quot;2&quot;:&quot;Lars Biegisch&quot;}\">Lars Biegisch<\/td>\n<td data-sheets-value=\"{&quot;1&quot;:3,&quot;3&quot;:44436}\" data-sheets-numberformat=\"{&quot;1&quot;:5,&quot;2&quot;:&quot;dd.mm.yyyy&quot;,&quot;3&quot;:1}\">28.08.2021<\/td>\n<td data-sheets-value=\"{&quot;1&quot;:2,&quot;2&quot;:&quot;00:22:44&quot;}\" data-sheets-numberformat=\"{&quot;1&quot;:1}\">00:22:44<\/td>\n<\/tr>\n<tr>\n<td data-sheets-value=\"{&quot;1&quot;:3,&quot;3&quot;:23}\">23<\/td>\n<td data-sheets-value=\"{&quot;1&quot;:2,&quot;2&quot;:&quot;Tobias Kuhn&quot;}\">Tobias Kuhn<\/td>\n<td data-sheets-value=\"{&quot;1&quot;:3,&quot;3&quot;:39339}\" data-sheets-numberformat=\"{&quot;1&quot;:5,&quot;2&quot;:&quot;dd.mm.yyyy&quot;,&quot;3&quot;:1}\">14.09.2007<\/td>\n<td data-sheets-value=\"{&quot;1&quot;:2,&quot;2&quot;:&quot;00:22:57&quot;}\" data-sheets-numberformat=\"{&quot;1&quot;:1}\">00:22:57<\/td>\n<\/tr>\n<tr>\n<td data-sheets-value=\"{&quot;1&quot;:3,&quot;3&quot;:24}\">24<\/td>\n<td data-sheets-value=\"{&quot;1&quot;:2,&quot;2&quot;:&quot;Wolfgang Niem&quot;}\">Wolfgang Niem<\/td>\n<td data-sheets-value=\"{&quot;1&quot;:3,&quot;3&quot;:39361}\" data-sheets-numberformat=\"{&quot;1&quot;:5,&quot;2&quot;:&quot;dd.mm.yyyy&quot;,&quot;3&quot;:1}\">06.10.2007<\/td>\n<td data-sheets-value=\"{&quot;1&quot;:2,&quot;2&quot;:&quot;00:23:45&quot;}\" data-sheets-numberformat=\"{&quot;1&quot;:1}\">00:23:45<\/td>\n<\/tr>\n<tr>\n<td data-sheets-value=\"{&quot;1&quot;:3,&quot;3&quot;:25}\">25<\/td>\n<td data-sheets-value=\"{&quot;1&quot;:2,&quot;2&quot;:&quot;Dr. Ralf Gehlen&quot;}\">Dr. Ralf Gehlen<\/td>\n<td data-sheets-value=\"{&quot;1&quot;:3,&quot;3&quot;:39732}\" data-sheets-numberformat=\"{&quot;1&quot;:5,&quot;2&quot;:&quot;d.m.yyyy&quot;,&quot;3&quot;:1}\">11.10.2008<\/td>\n<td data-sheets-value=\"{&quot;1&quot;:2,&quot;2&quot;:&quot;00:23:54&quot;}\" data-sheets-numberformat=\"{&quot;1&quot;:1}\">00:23:54<\/td>\n<\/tr>\n<tr>\n<td><\/td>\n<td><\/td>\n<td data-sheets-numberformat=\"{&quot;1&quot;:5,&quot;2&quot;:&quot;dd.mm.yyyy&quot;,&quot;3&quot;:1}\"><\/td>\n<td data-sheets-numberformat=\"{&quot;1&quot;:1}\"><\/td>\n<\/tr>\n<tr>\n<td><\/td>\n<td><\/td>\n<td><\/td>\n<td data-sheets-numberformat=\"{&quot;1&quot;:1}\"><\/td>\n<\/tr>\n<tr>\n<td><\/td>\n<td data-sheets-value=\"{&quot;1&quot;:2,&quot;2&quot;:&quot;TOP 25 Frauen&quot;}\"><strong>TOP 25 Frauen<\/strong><\/td>\n<td><\/td>\n<td data-sheets-numberformat=\"{&quot;1&quot;:1}\"><\/td>\n<\/tr>\n<tr>\n<td data-sheets-value=\"{&quot;1&quot;:3,&quot;3&quot;:1}\">1<\/td>\n<td data-sheets-value=\"{&quot;1&quot;:2,&quot;2&quot;:&quot;Claudia H\u00fcbers&quot;}\">Claudia H\u00fcbers<\/td>\n<td data-sheets-value=\"{&quot;1&quot;:3,&quot;3&quot;:39263}\" data-sheets-numberformat=\"{&quot;1&quot;:5,&quot;2&quot;:&quot;dd.mm.yyyy&quot;,&quot;3&quot;:1}\">30.06.2007<\/td>\n<td data-sheets-value=\"{&quot;1&quot;:2,&quot;2&quot;:&quot;00:22:53&quot;}\" data-sheets-numberformat=\"{&quot;1&quot;:1}\">00:22:53<\/td>\n<\/tr>\n<tr>\n<td data-sheets-value=\"{&quot;1&quot;:3,&quot;3&quot;:2}\">2<\/td>\n<td data-sheets-value=\"{&quot;1&quot;:2,&quot;2&quot;:&quot;Sylvia Rehn&quot;}\">Sylvia Rehn<\/td>\n<td data-sheets-value=\"{&quot;1&quot;:3,&quot;3&quot;:39620}\" data-sheets-numberformat=\"{&quot;1&quot;:5,&quot;2&quot;:&quot;dd.mm.yyyy&quot;,&quot;3&quot;:1}\">21.06.2008<\/td>\n<td data-sheets-value=\"{&quot;1&quot;:2,&quot;2&quot;:&quot;00:23:12&quot;}\" data-sheets-numberformat=\"{&quot;1&quot;:1}\">00:23:12<\/td>\n<\/tr>\n<tr>\n<td data-sheets-value=\"{&quot;1&quot;:3,&quot;3&quot;:3}\">3<\/td>\n<td data-sheets-value=\"{&quot;1&quot;:2,&quot;2&quot;:&quot;Stefanie Runne&quot;}\">Stefanie Runne<\/td>\n<td data-sheets-value=\"{&quot;1&quot;:3,&quot;3&quot;:44436}\" data-sheets-numberformat=\"{&quot;1&quot;:5,&quot;2&quot;:&quot;dd.mm.yyyy&quot;,&quot;3&quot;:1}\">28.08.2021<\/td>\n<td data-sheets-value=\"{&quot;1&quot;:2,&quot;2&quot;:&quot;00:25:24&quot;}\" data-sheets-numberformat=\"{&quot;1&quot;:1}\">00:25:24<\/td>\n<\/tr>\n<tr>\n<td data-sheets-value=\"{&quot;1&quot;:3,&quot;3&quot;:4}\">4<\/td>\n<td data-sheets-value=\"{&quot;1&quot;:2,&quot;2&quot;:&quot;Inka Becker&quot;}\">Inka Becker<\/td>\n<td data-sheets-value=\"{&quot;1&quot;:3,&quot;3&quot;:39266}\" data-sheets-numberformat=\"{&quot;1&quot;:5,&quot;2&quot;:&quot;dd.mm.yyyy&quot;,&quot;3&quot;:1}\">03.07.2007<\/td>\n<td data-sheets-value=\"{&quot;1&quot;:2,&quot;2&quot;:&quot;00:25:26&quot;}\" data-sheets-numberformat=\"{&quot;1&quot;:1}\">00:25:26<\/td>\n<\/tr>\n<tr>\n<td data-sheets-value=\"{&quot;1&quot;:3,&quot;3&quot;:5}\">5<\/td>\n<td data-sheets-value=\"{&quot;1&quot;:2,&quot;2&quot;:&quot;Ellen Osterode-Meyer&quot;}\">Ellen Osterode-Meyer<\/td>\n<td data-sheets-value=\"{&quot;1&quot;:3,&quot;3&quot;:39327}\" data-sheets-numberformat=\"{&quot;1&quot;:5,&quot;2&quot;:&quot;dd.mm.yyyy&quot;,&quot;3&quot;:1}\">02.09.2007<\/td>\n<td data-sheets-value=\"{&quot;1&quot;:2,&quot;2&quot;:&quot;00:26:16&quot;}\" data-sheets-numberformat=\"{&quot;1&quot;:1}\">00:26:16<\/td>\n<\/tr>\n<tr>\n<td data-sheets-value=\"{&quot;1&quot;:3,&quot;3&quot;:6}\">6<\/td>\n<td data-sheets-value=\"{&quot;1&quot;:2,&quot;2&quot;:&quot;Jeannette Haake&quot;}\">Jeannette Haake<\/td>\n<td data-sheets-value=\"{&quot;1&quot;:3,&quot;3&quot;:39483}\" data-sheets-numberformat=\"{&quot;1&quot;:5,&quot;2&quot;:&quot;dd.mm.yyyy&quot;,&quot;3&quot;:1}\">05.02.2008<\/td>\n<td data-sheets-value=\"{&quot;1&quot;:2,&quot;2&quot;:&quot;00:29:41&quot;}\" data-sheets-numberformat=\"{&quot;1&quot;:1}\">00:29:41<\/td>\n<\/tr>\n<tr>\n<td data-sheets-value=\"{&quot;1&quot;:3,&quot;3&quot;:7}\">7<\/td>\n<td data-sheets-value=\"{&quot;1&quot;:2,&quot;2&quot;:&quot;Susanne Schulz-Kraul&quot;}\">Susanne Schulz-Kraul<\/td>\n<td data-sheets-value=\"{&quot;1&quot;:3,&quot;3&quot;:39355}\" data-sheets-numberformat=\"{&quot;1&quot;:5,&quot;2&quot;:&quot;dd.mm.yyyy&quot;,&quot;3&quot;:1}\">30.09.2007<\/td>\n<td data-sheets-value=\"{&quot;1&quot;:2,&quot;2&quot;:&quot;00:30:29&quot;}\" data-sheets-numberformat=\"{&quot;1&quot;:1}\">00:30:29<\/td>\n<\/tr>\n<tr>\n<td data-sheets-value=\"{&quot;1&quot;:3,&quot;3&quot;:8}\">8<\/td>\n<td data-sheets-value=\"{&quot;1&quot;:2,&quot;2&quot;:&quot;Andrea Beenen&quot;}\">Andrea Beenen<\/td>\n<td data-sheets-value=\"{&quot;1&quot;:3,&quot;3&quot;:39355}\" data-sheets-numberformat=\"{&quot;1&quot;:5,&quot;2&quot;:&quot;dd.mm.yyyy&quot;,&quot;3&quot;:1}\">30.09.2007<\/td>\n<td data-sheets-value=\"{&quot;1&quot;:2,&quot;2&quot;:&quot;00:30:42&quot;}\" data-sheets-numberformat=\"{&quot;1&quot;:1}\">00:30:42<\/td>\n<\/tr>\n<tr>\n<td data-sheets-value=\"{&quot;1&quot;:3,&quot;3&quot;:9}\">9<\/td>\n<td data-sheets-value=\"{&quot;1&quot;:2,&quot;2&quot;:&quot;Sandra Neugebauer&quot;}\">Sandra Neugebauer<\/td>\n<td data-sheets-value=\"{&quot;1&quot;:3,&quot;3&quot;:39283}\" data-sheets-numberformat=\"{&quot;1&quot;:5,&quot;2&quot;:&quot;dd.mm.yyyy&quot;,&quot;3&quot;:1}\">20.07.2007<\/td>\n<td data-sheets-value=\"{&quot;1&quot;:2,&quot;2&quot;:&quot;00:33:00&quot;}\" data-sheets-numberformat=\"{&quot;1&quot;:1}\">00:33:00<\/td>\n<\/tr>\n<\/tbody>\n<\/table>\n","protected":false},"excerpt":{"rendered":"<p>Top 25 M\u00e4nner Platz Name Datum Zeit (min.) 1 Hansi K\u00f6hler 30.06.2007 00:18:04 2 Michael Strohmeyer 30.06.2007 00:18:31 3 Mark Kaspari 30.06.2007 00:18:46 4 Michael Neugebauer 05.02.2008 00:18:53 5 Martin Braune-Krickau 07.12.2014 00:19:18 6 Mario Reichelt 30.06.2007 00:19:19 7 Detlef &hellip; <a href=\"https:\/\/suedkreislaeufer.de\/?page_id=17408\">Weiterlesen <span class=\"meta-nav\">&rarr;<\/span><\/a><\/p>\n","protected":false},"author":1,"featured_media":0,"parent":0,"menu_order":0,"comment_status":"closed","ping_status":"closed","template":"","meta":{"jetpack_post_was_ever_published":false,"footnotes":""},"class_list":["post-17408","page","type-page","status-publish","hentry"],"jetpack_shortlink":"https:\/\/wp.me\/P26jAY-4wM","jetpack_sharing_enabled":true,"jetpack_likes_enabled":false,"jetpack-related-posts":[{"id":17298,"url":"https:\/\/suedkreislaeufer.de\/?page_id=17298","url_meta":{"origin":17408,"position":0},"title":"Griesberglauf","author":"Suedkreislaeufer","date":"3. November 2021","format":false,"excerpt":"Es ist Ende Juni 2007. Hansi K\u00f6hler h\u00e4lt seit dem den Rekord auf der 4,1 km langen Strecke von Almstedt zum Griesberg Funkturm in 18:04 Minuten. Das soll sich nun \u00e4ndern. Das Suedkreis Ultrateam l\u00e4dt ein zum: 4. Griesberglauf 2021 am 27. November um 17 Uhr Ihr habt nun wieder\u2026","rel":"","context":"\u00c4hnlicher Beitrag","block_context":{"text":"\u00c4hnlicher Beitrag","link":""},"img":{"alt_text":"","src":"https:\/\/i0.wp.com\/suedkreislaeufer.de\/wp-content\/uploads\/2013\/05\/CIMG0245-300x225.jpg?resize=350%2C200","width":350,"height":200},"classes":[]},{"id":17313,"url":"https:\/\/suedkreislaeufer.de\/?page_id=17313","url_meta":{"origin":17408,"position":1},"title":"1. Griesberglauf &#8211; Ergebnisliste","author":"Suedkreislaeufer","date":"21. August 2021","format":false,"excerpt":"Heute, am 28.08.2021 fand der 1. Griesberglauf (der Neuzeit) statt. Bei str\u00f6menden Regen, und ich meine wirklich bei str\u00f6menden Regen, machten sich 6 wagemutige L\u00e4ufer\/innen auf den Weg die \"Griesberglauf Weltbestenliste\" zu st\u00fcrmen. Leider schafften es nur 50 % der Teilnehmer in die Liste zu rutschen. Geschafft haben es Lars\u2026","rel":"","context":"\u00c4hnlicher Beitrag","block_context":{"text":"\u00c4hnlicher Beitrag","link":""},"img":{"alt_text":"","src":"https:\/\/i0.wp.com\/suedkreislaeufer.de\/wp-content\/uploads\/2021\/08\/IMG-20210828-WA0002.jpg?resize=350%2C200","width":350,"height":200,"srcset":"https:\/\/i0.wp.com\/suedkreislaeufer.de\/wp-content\/uploads\/2021\/08\/IMG-20210828-WA0002.jpg?resize=350%2C200 1x, https:\/\/i0.wp.com\/suedkreislaeufer.de\/wp-content\/uploads\/2021\/08\/IMG-20210828-WA0002.jpg?resize=525%2C300 1.5x, https:\/\/i0.wp.com\/suedkreislaeufer.de\/wp-content\/uploads\/2021\/08\/IMG-20210828-WA0002.jpg?resize=700%2C400 2x, https:\/\/i0.wp.com\/suedkreislaeufer.de\/wp-content\/uploads\/2021\/08\/IMG-20210828-WA0002.jpg?resize=1050%2C600 3x, https:\/\/i0.wp.com\/suedkreislaeufer.de\/wp-content\/uploads\/2021\/08\/IMG-20210828-WA0002.jpg?resize=1400%2C800 4x"},"classes":[]},{"id":17474,"url":"https:\/\/suedkreislaeufer.de\/?page_id=17474","url_meta":{"origin":17408,"position":2},"title":"3. Griesberglauf &#8211; 23.10.2021","author":"Suedkreislaeufer","date":"23. Oktober 2021","format":false,"excerpt":"\u00a0 Heute fand der 3. Griesberglauf 2021 statt. Am Start standen Christian Schindler, Uwe Stein und Meiner Einer. Drei weitere L\u00e4ufer mu\u00dften leider kurzfristig absagen. Christian, der schnellste in unserer 3er Combo gab gleich von Beginn an Sp\u00e4hne und schraubte sich in 00:22:01 der Berg hinauf. Damit rutscht er nun\u2026","rel":"","context":"\u00c4hnlicher Beitrag","block_context":{"text":"\u00c4hnlicher Beitrag","link":""},"img":{"alt_text":"","src":"https:\/\/i0.wp.com\/suedkreislaeufer.de\/wp-content\/uploads\/2021\/10\/20211023_173058.jpeg?resize=350%2C200","width":350,"height":200,"srcset":"https:\/\/i0.wp.com\/suedkreislaeufer.de\/wp-content\/uploads\/2021\/10\/20211023_173058.jpeg?resize=350%2C200 1x, https:\/\/i0.wp.com\/suedkreislaeufer.de\/wp-content\/uploads\/2021\/10\/20211023_173058.jpeg?resize=525%2C300 1.5x, https:\/\/i0.wp.com\/suedkreislaeufer.de\/wp-content\/uploads\/2021\/10\/20211023_173058.jpeg?resize=700%2C400 2x"},"classes":[]},{"id":15483,"url":"https:\/\/suedkreislaeufer.de\/?page_id=15483","url_meta":{"origin":17408,"position":3},"title":"Datenschutzerkl\u00e4rung","author":"Suedkreislaeufer","date":"25. Mai 2018","format":false,"excerpt":"Datenschutzerkl\u00e4rung Mit dieser Datenschutzerkl\u00e4rung m\u00f6chten wir Sie \u00fcber Art, Umfang und Zweck der Verarbeitung von personenbezogenen Daten auf unserer Webseite aufkl\u00e4ren. Personenbezogene Daten sind alle Daten, die einen pers\u00f6nlichen Bezug zu Ihnen aufweisen, z. B. Name, Adresse, E-Mail-Adresse oder Nutzerverhalten. Wer bei uns f\u00fcr die Datenverarbeitung verantwortlich ist Verantwortlich f\u00fcr\u2026","rel":"","context":"\u00c4hnlicher Beitrag","block_context":{"text":"\u00c4hnlicher Beitrag","link":""},"img":{"alt_text":"","src":"","width":0,"height":0},"classes":[]},{"id":17426,"url":"https:\/\/suedkreislaeufer.de\/?page_id=17426","url_meta":{"origin":17408,"position":4},"title":"2. Griesberglauf &#8211; 18.09.2021","author":"Suedkreislaeufer","date":"18. September 2021","format":false,"excerpt":"Hier die Ergebnisse vom 2. Griesberglauf am 18.09.2021 Heute standen 3 L\u00e4ufer an der Startlinie. Martin, hat sich leider ein wenig verlaufen (ca.200m) aber trotzdem eine Klasse Zeit hingelegt. Er ist nun mit 00:21:26 der Monatssieger. In die Tabelle ist er damit aber nicht gekommen, da seine Bestzeit, eine 00:19:18\u2026","rel":"","context":"\u00c4hnlicher Beitrag","block_context":{"text":"\u00c4hnlicher Beitrag","link":""},"img":{"alt_text":"","src":"","width":0,"height":0},"classes":[]},{"id":17992,"url":"https:\/\/suedkreislaeufer.de\/?page_id=17992","url_meta":{"origin":17408,"position":5},"title":"9. Pre-Silvesterlauf 2022","author":"Suedkreislaeufer","date":"29. November 2022","format":false,"excerpt":"Am 29.12.2022 ist es wieder soweit. Wir laden ein auf eine kleine 25 km Runde zum Jahresabschluss durch und um den Th\u00fcster Berg. Start ist um 10:00 Uhr, Parkplatz Freibad Marienhagen Teilnehmeranzahl: 30 Anmeldung per Mail an: micha@suedkreislaeufer.de Jeder ist willkommen, f\u00fcr die eigene Verpflegung ist jeder selber zust\u00e4ndig (sind\u2026","rel":"","context":"\u00c4hnlicher Beitrag","block_context":{"text":"\u00c4hnlicher Beitrag","link":""},"img":{"alt_text":"","src":"","width":0,"height":0},"classes":[]}],"_links":{"self":[{"href":"https:\/\/suedkreislaeufer.de\/index.php?rest_route=\/wp\/v2\/pages\/17408","targetHints":{"allow":["GET"]}}],"collection":[{"href":"https:\/\/suedkreislaeufer.de\/index.php?rest_route=\/wp\/v2\/pages"}],"about":[{"href":"https:\/\/suedkreislaeufer.de\/index.php?rest_route=\/wp\/v2\/types\/page"}],"author":[{"embeddable":true,"href":"https:\/\/suedkreislaeufer.de\/index.php?rest_route=\/wp\/v2\/users\/1"}],"replies":[{"embeddable":true,"href":"https:\/\/suedkreislaeufer.de\/index.php?rest_route=%2Fwp%2Fv2%2Fcomments&post=17408"}],"version-history":[{"count":8,"href":"https:\/\/suedkreislaeufer.de\/index.php?rest_route=\/wp\/v2\/pages\/17408\/revisions"}],"predecessor-version":[{"id":17577,"href":"https:\/\/suedkreislaeufer.de\/index.php?rest_route=\/wp\/v2\/pages\/17408\/revisions\/17577"}],"wp:attachment":[{"href":"https:\/\/suedkreislaeufer.de\/index.php?rest_route=%2Fwp%2Fv2%2Fmedia&parent=17408"}],"curies":[{"name":"wp","href":"https:\/\/api.w.org\/{rel}","templated":true}]}}