{"id":17426,"date":"2021-09-18T00:49:14","date_gmt":"2021-09-18T00:49:14","guid":{"rendered":"https:\/\/suedkreislaeufer.de\/?page_id=17426"},"modified":"2021-09-19T17:53:51","modified_gmt":"2021-09-19T17:53:51","slug":"2-griesberglauf-teilnehmerliste","status":"publish","type":"page","link":"https:\/\/suedkreislaeufer.de\/?page_id=17426","title":{"rendered":"2. Griesberglauf &#8211; 18.09.2021"},"content":{"rendered":"<p>Hier die Ergebnisse vom 2. Griesberglauf am 18.09.2021<\/p>\n<p>Heute standen 3 L\u00e4ufer an der Startlinie. Martin, hat sich leider ein wenig verlaufen (ca.200m) aber trotzdem eine Klasse Zeit hingelegt. Er ist nun mit 00:21:26 der Monatssieger. In die Tabelle ist er damit aber nicht gekommen, da seine Bestzeit, eine 00:19:18 aus dem Jahre 2014 bereits aufgelistet ist.\u00a0 Neu auf Platz 19 ist Felix M\u00f6ller mit tollen 00:22:10. Andreas Bosse lief erneut 00:24:09 wie beim ersten Lauf, rutschte aber nun durch den Neuzugang aus der <a href=\"https:\/\/suedkreislaeufer.de\/?page_id=17408\">Weltbestenliste<\/a>. @Andreas: Du kennst Deinen Auftrag \ud83d\ude42<\/p>\n<table dir=\"ltr\" style=\"width: 639px;\" border=\"1\" cellspacing=\"0\" cellpadding=\"0\">\n<colgroup>\n<col width=\"139\" \/>\n<col width=\"139\" \/>\n<col width=\"106\" \/><\/colgroup>\n<tbody>\n<tr>\n<td style=\"width: 226px;\" data-sheets-value=\"{&quot;1&quot;:2,&quot;2&quot;:&quot;M\u00f6ller&quot;}\">Braune-Krickau<\/td>\n<td style=\"width: 226px;\" data-sheets-value=\"{&quot;1&quot;:2,&quot;2&quot;:&quot;Felix&quot;}\">Martin<\/td>\n<td style=\"width: 187px;\" data-sheets-value=\"{&quot;1&quot;:3,&quot;3&quot;:0.9236111111111112}\" data-sheets-numberformat=\"{&quot;1&quot;:6,&quot;2&quot;:&quot;hh:mm&quot;,&quot;3&quot;:1}\">00:21:26<\/td>\n<\/tr>\n<tr>\n<td style=\"width: 226px;\" data-sheets-value=\"{&quot;1&quot;:2,&quot;2&quot;:&quot;M\u00f6ller&quot;}\">M\u00f6ller<\/td>\n<td style=\"width: 226px;\" data-sheets-value=\"{&quot;1&quot;:2,&quot;2&quot;:&quot;Felix&quot;}\">Felix<\/td>\n<td style=\"width: 187px;\" data-sheets-value=\"{&quot;1&quot;:3,&quot;3&quot;:0.9236111111111112}\" data-sheets-numberformat=\"{&quot;1&quot;:6,&quot;2&quot;:&quot;hh:mm&quot;,&quot;3&quot;:1}\">00:22:10<\/td>\n<\/tr>\n<tr>\n<td style=\"width: 226px;\" data-sheets-value=\"{&quot;1&quot;:2,&quot;2&quot;:&quot;Bosse&quot;}\">Bosse<\/td>\n<td style=\"width: 226px;\" data-sheets-value=\"{&quot;1&quot;:2,&quot;2&quot;:&quot;Andreas&quot;}\">Andreas<\/td>\n<td style=\"width: 187px;\" data-sheets-value=\"{&quot;1&quot;:3,&quot;3&quot;:1.00625}\" data-sheets-numberformat=\"{&quot;1&quot;:6,&quot;2&quot;:&quot;[hh]:mm:ss&quot;,&quot;3&quot;:1}\">00:24:09<\/td>\n<\/tr>\n<\/tbody>\n<\/table>\n","protected":false},"excerpt":{"rendered":"<p>Hier die Ergebnisse vom 2. Griesberglauf am 18.09.2021 Heute standen 3 L\u00e4ufer an der Startlinie. Martin, hat sich leider ein wenig verlaufen (ca.200m) aber trotzdem eine Klasse Zeit hingelegt. Er ist nun mit 00:21:26 der Monatssieger. In die Tabelle ist &hellip; <a href=\"https:\/\/suedkreislaeufer.de\/?page_id=17426\">Weiterlesen <span class=\"meta-nav\">&rarr;<\/span><\/a><\/p>\n","protected":false},"author":1,"featured_media":0,"parent":0,"menu_order":0,"comment_status":"closed","ping_status":"closed","template":"","meta":{"jetpack_post_was_ever_published":false,"footnotes":""},"class_list":["post-17426","page","type-page","status-publish","hentry"],"jetpack_shortlink":"https:\/\/wp.me\/P26jAY-4x4","jetpack_sharing_enabled":true,"jetpack_likes_enabled":false,"jetpack-related-posts":[{"id":17408,"url":"https:\/\/suedkreislaeufer.de\/?page_id=17408","url_meta":{"origin":17426,"position":0},"title":"Griesberglauf Weltbestenliste","author":"Suedkreislaeufer","date":"18. September 2021","format":false,"excerpt":"Top 25 M\u00e4nner Platz Name Datum Zeit (min.) 1 Hansi K\u00f6hler 30.06.2007 00:18:04 2 Michael Strohmeyer 30.06.2007 00:18:31 3 Mark Kaspari 30.06.2007 00:18:46 4 Michael Neugebauer 05.02.2008 00:18:53 5 Martin Braune-Krickau 07.12.2014 00:19:18 6 Mario Reichelt 30.06.2007 00:19:19 7 Detlef Londenberg 30.06.2007 00:19:48 8 Stefan Seyffert 10.08.2008 00:19:45 9 Dirk\u2026","rel":"","context":"\u00c4hnlicher Beitrag","block_context":{"text":"\u00c4hnlicher Beitrag","link":""},"img":{"alt_text":"","src":"","width":0,"height":0},"classes":[]},{"id":17313,"url":"https:\/\/suedkreislaeufer.de\/?page_id=17313","url_meta":{"origin":17426,"position":1},"title":"1. Griesberglauf &#8211; Ergebnisliste","author":"Suedkreislaeufer","date":"21. August 2021","format":false,"excerpt":"Heute, am 28.08.2021 fand der 1. Griesberglauf (der Neuzeit) statt. Bei str\u00f6menden Regen, und ich meine wirklich bei str\u00f6menden Regen, machten sich 6 wagemutige L\u00e4ufer\/innen auf den Weg die \"Griesberglauf Weltbestenliste\" zu st\u00fcrmen. Leider schafften es nur 50 % der Teilnehmer in die Liste zu rutschen. Geschafft haben es Lars\u2026","rel":"","context":"\u00c4hnlicher Beitrag","block_context":{"text":"\u00c4hnlicher Beitrag","link":""},"img":{"alt_text":"","src":"https:\/\/i0.wp.com\/suedkreislaeufer.de\/wp-content\/uploads\/2021\/08\/IMG-20210828-WA0002.jpg?resize=350%2C200","width":350,"height":200,"srcset":"https:\/\/i0.wp.com\/suedkreislaeufer.de\/wp-content\/uploads\/2021\/08\/IMG-20210828-WA0002.jpg?resize=350%2C200 1x, https:\/\/i0.wp.com\/suedkreislaeufer.de\/wp-content\/uploads\/2021\/08\/IMG-20210828-WA0002.jpg?resize=525%2C300 1.5x, https:\/\/i0.wp.com\/suedkreislaeufer.de\/wp-content\/uploads\/2021\/08\/IMG-20210828-WA0002.jpg?resize=700%2C400 2x, https:\/\/i0.wp.com\/suedkreislaeufer.de\/wp-content\/uploads\/2021\/08\/IMG-20210828-WA0002.jpg?resize=1050%2C600 3x, https:\/\/i0.wp.com\/suedkreislaeufer.de\/wp-content\/uploads\/2021\/08\/IMG-20210828-WA0002.jpg?resize=1400%2C800 4x"},"classes":[]},{"id":17474,"url":"https:\/\/suedkreislaeufer.de\/?page_id=17474","url_meta":{"origin":17426,"position":2},"title":"3. Griesberglauf &#8211; 23.10.2021","author":"Suedkreislaeufer","date":"23. Oktober 2021","format":false,"excerpt":"\u00a0 Heute fand der 3. Griesberglauf 2021 statt. Am Start standen Christian Schindler, Uwe Stein und Meiner Einer. Drei weitere L\u00e4ufer mu\u00dften leider kurzfristig absagen. Christian, der schnellste in unserer 3er Combo gab gleich von Beginn an Sp\u00e4hne und schraubte sich in 00:22:01 der Berg hinauf. Damit rutscht er nun\u2026","rel":"","context":"\u00c4hnlicher Beitrag","block_context":{"text":"\u00c4hnlicher Beitrag","link":""},"img":{"alt_text":"","src":"https:\/\/i0.wp.com\/suedkreislaeufer.de\/wp-content\/uploads\/2021\/10\/20211023_173058.jpeg?resize=350%2C200","width":350,"height":200,"srcset":"https:\/\/i0.wp.com\/suedkreislaeufer.de\/wp-content\/uploads\/2021\/10\/20211023_173058.jpeg?resize=350%2C200 1x, https:\/\/i0.wp.com\/suedkreislaeufer.de\/wp-content\/uploads\/2021\/10\/20211023_173058.jpeg?resize=525%2C300 1.5x, https:\/\/i0.wp.com\/suedkreislaeufer.de\/wp-content\/uploads\/2021\/10\/20211023_173058.jpeg?resize=700%2C400 2x"},"classes":[]},{"id":17298,"url":"https:\/\/suedkreislaeufer.de\/?page_id=17298","url_meta":{"origin":17426,"position":3},"title":"Griesberglauf","author":"Suedkreislaeufer","date":"3. November 2021","format":false,"excerpt":"Es ist Ende Juni 2007. Hansi K\u00f6hler h\u00e4lt seit dem den Rekord auf der 4,1 km langen Strecke von Almstedt zum Griesberg Funkturm in 18:04 Minuten. Das soll sich nun \u00e4ndern. Das Suedkreis Ultrateam l\u00e4dt ein zum: 4. Griesberglauf 2021 am 27. November um 17 Uhr Ihr habt nun wieder\u2026","rel":"","context":"\u00c4hnlicher Beitrag","block_context":{"text":"\u00c4hnlicher Beitrag","link":""},"img":{"alt_text":"","src":"https:\/\/i0.wp.com\/suedkreislaeufer.de\/wp-content\/uploads\/2013\/05\/CIMG0245-300x225.jpg?resize=350%2C200","width":350,"height":200},"classes":[]},{"id":17607,"url":"https:\/\/suedkreislaeufer.de\/?page_id=17607","url_meta":{"origin":17426,"position":4},"title":"4. Griesberglauf &#8211; 27.11.2021","author":"Suedkreislaeufer","date":"14. November 2021","format":false,"excerpt":"Teilnehmer: Hartmann Michael Stein Uwe","rel":"","context":"\u00c4hnlicher Beitrag","block_context":{"text":"\u00c4hnlicher Beitrag","link":""},"img":{"alt_text":"","src":"","width":0,"height":0},"classes":[]},{"id":17992,"url":"https:\/\/suedkreislaeufer.de\/?page_id=17992","url_meta":{"origin":17426,"position":5},"title":"9. Pre-Silvesterlauf 2022","author":"Suedkreislaeufer","date":"29. November 2022","format":false,"excerpt":"Am 29.12.2022 ist es wieder soweit. Wir laden ein auf eine kleine 25 km Runde zum Jahresabschluss durch und um den Th\u00fcster Berg. Start ist um 10:00 Uhr, Parkplatz Freibad Marienhagen Teilnehmeranzahl: 30 Anmeldung per Mail an: micha@suedkreislaeufer.de Jeder ist willkommen, f\u00fcr die eigene Verpflegung ist jeder selber zust\u00e4ndig (sind\u2026","rel":"","context":"\u00c4hnlicher Beitrag","block_context":{"text":"\u00c4hnlicher Beitrag","link":""},"img":{"alt_text":"","src":"","width":0,"height":0},"classes":[]}],"_links":{"self":[{"href":"https:\/\/suedkreislaeufer.de\/index.php?rest_route=\/wp\/v2\/pages\/17426","targetHints":{"allow":["GET"]}}],"collection":[{"href":"https:\/\/suedkreislaeufer.de\/index.php?rest_route=\/wp\/v2\/pages"}],"about":[{"href":"https:\/\/suedkreislaeufer.de\/index.php?rest_route=\/wp\/v2\/types\/page"}],"author":[{"embeddable":true,"href":"https:\/\/suedkreislaeufer.de\/index.php?rest_route=\/wp\/v2\/users\/1"}],"replies":[{"embeddable":true,"href":"https:\/\/suedkreislaeufer.de\/index.php?rest_route=%2Fwp%2Fv2%2Fcomments&post=17426"}],"version-history":[{"count":11,"href":"https:\/\/suedkreislaeufer.de\/index.php?rest_route=\/wp\/v2\/pages\/17426\/revisions"}],"predecessor-version":[{"id":17473,"href":"https:\/\/suedkreislaeufer.de\/index.php?rest_route=\/wp\/v2\/pages\/17426\/revisions\/17473"}],"wp:attachment":[{"href":"https:\/\/suedkreislaeufer.de\/index.php?rest_route=%2Fwp%2Fv2%2Fmedia&parent=17426"}],"curies":[{"name":"wp","href":"https:\/\/api.w.org\/{rel}","templated":true}]}}