{"id":17474,"date":"2021-10-23T18:00:02","date_gmt":"2021-10-23T18:00:02","guid":{"rendered":"https:\/\/suedkreislaeufer.de\/?page_id=17474"},"modified":"2021-10-23T18:01:04","modified_gmt":"2021-10-23T18:01:04","slug":"3-griesberglauf-2021-teilnehmerliste","status":"publish","type":"page","link":"https:\/\/suedkreislaeufer.de\/?page_id=17474","title":{"rendered":"3. Griesberglauf &#8211; 23.10.2021"},"content":{"rendered":"<p>&nbsp;<\/p>\n<div class=\"tiled-gallery type-rectangular tiled-gallery-unresized\" data-original-width=\"640\" data-carousel-extra='{&quot;blog_id&quot;:1,&quot;permalink&quot;:&quot;https:\\\/\\\/suedkreislaeufer.de\\\/?page_id=17474&quot;,&quot;likes_blog_id&quot;:31057968}' itemscope itemtype=\"http:\/\/schema.org\/ImageGallery\" > <div class=\"gallery-row\" style=\"width: 640px; height: 358px;\" data-original-width=\"640\" data-original-height=\"358\" > <div class=\"gallery-group images-1\" style=\"width: 477px; height: 358px;\" data-original-width=\"477\" data-original-height=\"358\" > <div class=\"tiled-gallery-item tiled-gallery-item-large\" itemprop=\"associatedMedia\" itemscope itemtype=\"http:\/\/schema.org\/ImageObject\"> <a href=\"https:\/\/suedkreislaeufer.de\/?attachment_id=17571\" border=\"0\" itemprop=\"url\"> <meta itemprop=\"width\" content=\"473\"> <meta itemprop=\"height\" content=\"354\"> <img decoding=\"async\" class=\"\" data-attachment-id=\"17571\" data-orig-file=\"https:\/\/suedkreislaeufer.de\/wp-content\/uploads\/2021\/10\/20211023_173058.jpeg\" data-orig-size=\"1000,750\" data-comments-opened=\"\" data-image-meta=\"{&quot;aperture&quot;:&quot;2.2&quot;,&quot;credit&quot;:&quot;&quot;,&quot;camera&quot;:&quot;SM-G991B&quot;,&quot;caption&quot;:&quot;&quot;,&quot;created_timestamp&quot;:&quot;1635010258&quot;,&quot;copyright&quot;:&quot;&quot;,&quot;focal_length&quot;:&quot;3.3&quot;,&quot;iso&quot;:&quot;200&quot;,&quot;shutter_speed&quot;:&quot;0.01&quot;,&quot;title&quot;:&quot;&quot;,&quot;orientation&quot;:&quot;1&quot;}\" data-image-title=\"20211023_173058\" data-image-description=\"\" data-medium-file=\"https:\/\/i0.wp.com\/suedkreislaeufer.de\/wp-content\/uploads\/2021\/10\/20211023_173058.jpeg?fit=300%2C225&#038;ssl=1\" data-large-file=\"https:\/\/i0.wp.com\/suedkreislaeufer.de\/wp-content\/uploads\/2021\/10\/20211023_173058.jpeg?fit=640%2C480&#038;ssl=1\" src=\"https:\/\/i0.wp.com\/suedkreislaeufer.de\/wp-content\/uploads\/2021\/10\/20211023_173058.jpeg?w=473&#038;h=354&#038;ssl=1\" srcset=\"https:\/\/i0.wp.com\/suedkreislaeufer.de\/wp-content\/uploads\/2021\/10\/20211023_173058.jpeg?w=1000&amp;ssl=1 1000w, https:\/\/i0.wp.com\/suedkreislaeufer.de\/wp-content\/uploads\/2021\/10\/20211023_173058.jpeg?resize=300%2C225&amp;ssl=1 300w, https:\/\/i0.wp.com\/suedkreislaeufer.de\/wp-content\/uploads\/2021\/10\/20211023_173058.jpeg?resize=768%2C576&amp;ssl=1 768w\" width=\"473\" height=\"354\" loading=\"lazy\" data-original-width=\"473\" data-original-height=\"354\" itemprop=\"http:\/\/schema.org\/image\" title=\"20211023_173058\" alt=\"20211023_173058\" style=\"width: 473px; height: 354px;\" \/> <\/a> <\/div> <\/div> <!-- close group --> <div class=\"gallery-group images-1\" style=\"width: 163px; height: 358px;\" data-original-width=\"163\" data-original-height=\"358\" > <div class=\"tiled-gallery-item tiled-gallery-item-small\" itemprop=\"associatedMedia\" itemscope itemtype=\"http:\/\/schema.org\/ImageObject\"> <a href=\"https:\/\/suedkreislaeufer.de\/?attachment_id=17572\" border=\"0\" itemprop=\"url\"> <meta itemprop=\"width\" content=\"159\"> <meta itemprop=\"height\" content=\"354\"> <img decoding=\"async\" class=\"\" data-attachment-id=\"17572\" data-orig-file=\"https:\/\/suedkreislaeufer.de\/wp-content\/uploads\/2021\/10\/20211023_175638.jpeg\" data-orig-size=\"450,1000\" data-comments-opened=\"\" data-image-meta=\"{&quot;aperture&quot;:&quot;1.8&quot;,&quot;credit&quot;:&quot;&quot;,&quot;camera&quot;:&quot;SM-G991B&quot;,&quot;caption&quot;:&quot;&quot;,&quot;created_timestamp&quot;:&quot;1635011798&quot;,&quot;copyright&quot;:&quot;&quot;,&quot;focal_length&quot;:&quot;5.4&quot;,&quot;iso&quot;:&quot;160&quot;,&quot;shutter_speed&quot;:&quot;0.01&quot;,&quot;title&quot;:&quot;&quot;,&quot;orientation&quot;:&quot;1&quot;}\" data-image-title=\"20211023_175638\" data-image-description=\"\" data-medium-file=\"https:\/\/i0.wp.com\/suedkreislaeufer.de\/wp-content\/uploads\/2021\/10\/20211023_175638.jpeg?fit=135%2C300&#038;ssl=1\" data-large-file=\"https:\/\/i0.wp.com\/suedkreislaeufer.de\/wp-content\/uploads\/2021\/10\/20211023_175638.jpeg?fit=450%2C1000&#038;ssl=1\" src=\"https:\/\/i0.wp.com\/suedkreislaeufer.de\/wp-content\/uploads\/2021\/10\/20211023_175638.jpeg?w=159&#038;h=354&#038;ssl=1\" srcset=\"https:\/\/i0.wp.com\/suedkreislaeufer.de\/wp-content\/uploads\/2021\/10\/20211023_175638.jpeg?w=450&amp;ssl=1 450w, https:\/\/i0.wp.com\/suedkreislaeufer.de\/wp-content\/uploads\/2021\/10\/20211023_175638.jpeg?resize=135%2C300&amp;ssl=1 135w\" width=\"159\" height=\"354\" loading=\"lazy\" data-original-width=\"159\" data-original-height=\"354\" itemprop=\"http:\/\/schema.org\/image\" title=\"20211023_175638\" alt=\"20211023_175638\" style=\"width: 159px; height: 354px;\" \/> <\/a> <\/div> <\/div> <!-- close group --> <\/div> <!-- close row --> <\/div>\n<p style=\"text-align: justify;\">Heute fand der 3. Griesberglauf 2021 statt. Am Start standen Christian Schindler, Uwe Stein und Meiner Einer. Drei weitere L\u00e4ufer mu\u00dften leider kurzfristig absagen. Christian, der schnellste in unserer 3er Combo gab gleich von Beginn an Sp\u00e4hne und schraubte sich in 00:22:01 der Berg hinauf. Damit rutscht er nun in die <a href=\"https:\/\/suedkreislaeufer.de\/?page_id=17408\">Griesberglauf Weltbestenlisten<\/a> und teilt sich mit Stefan Ernst den 18. Platz. Da es aber nur 25 Pl\u00e4tze geben darf fliegt Sascha Eggers mit seiner Zeit 00:24:07 (11.10.2008 ) aus der Liste. Von Christian werden wir aber sicherlich in Zukunft noch bessere Zeiten sehen und es bleibt spannend wie sich die Top25 der <a href=\"https:\/\/suedkreislaeufer.de\/?page_id=17408\">GBL Weltbestenliste<\/a> weiter entwickelt. Es wird von Lauf zu Lauf auch immer schwieriger \u00fcberhaupt in sie zu gelangen, die \u201elangsamste\u201c Zeit liegt nun bei 00:23:54<br \/>\nKaum der Rede wert sind in diesen Kontext die Zeiten von Uwe und mir. Sie seien aber der Vollst\u00e4ndigkeit halber erw\u00e4hnt \ud83d\ude42<\/p>\n<table dir=\"ltr\" border=\"1\" cellspacing=\"0\" cellpadding=\"0\">\n<colgroup>\n<col width=\"139\" \/>\n<col width=\"139\" \/>\n<col width=\"106\" \/><\/colgroup>\n<tbody>\n<tr>\n<td data-sheets-value=\"{&quot;1&quot;:2,&quot;2&quot;:&quot;Hartmann&quot;}\">Hartmann<\/td>\n<td data-sheets-value=\"{&quot;1&quot;:2,&quot;2&quot;:&quot;Michael&quot;}\">Michael<\/td>\n<td data-sheets-value=\"{&quot;1&quot;:3,&quot;3&quot;:1.0229166666666667}\" data-sheets-numberformat=\"{&quot;1&quot;:6,&quot;2&quot;:&quot;[hh]:mm:ss&quot;,&quot;3&quot;:1}\">24:33:00<\/td>\n<\/tr>\n<tr>\n<td data-sheets-value=\"{&quot;1&quot;:2,&quot;2&quot;:&quot;Schindler&quot;}\">Schindler<\/td>\n<td data-sheets-value=\"{&quot;1&quot;:2,&quot;2&quot;:&quot;Christian&quot;}\">Christian<\/td>\n<td data-sheets-value=\"{&quot;1&quot;:3,&quot;3&quot;:0.9173611111111111}\" data-sheets-numberformat=\"{&quot;1&quot;:6,&quot;2&quot;:&quot;[hh]:mm:ss&quot;,&quot;3&quot;:1}\">22:01:00<\/td>\n<\/tr>\n<tr>\n<td data-sheets-value=\"{&quot;1&quot;:2,&quot;2&quot;:&quot;Stein&quot;}\">Stein<\/td>\n<td data-sheets-value=\"{&quot;1&quot;:2,&quot;2&quot;:&quot;Uwe&quot;}\">Uwe<\/td>\n<td data-sheets-value=\"{&quot;1&quot;:3,&quot;3&quot;:1.0597222222222222}\" data-sheets-numberformat=\"{&quot;1&quot;:6,&quot;2&quot;:&quot;[hh]:mm:ss&quot;,&quot;3&quot;:1}\">25:26:00<\/td>\n<\/tr>\n<\/tbody>\n<\/table>\n","protected":false},"excerpt":{"rendered":"<p>&nbsp; Heute fand der 3. Griesberglauf 2021 statt. Am Start standen Christian Schindler, Uwe Stein und Meiner Einer. Drei weitere L\u00e4ufer mu\u00dften leider kurzfristig absagen. Christian, der schnellste in unserer 3er Combo gab gleich von Beginn an Sp\u00e4hne und schraubte &hellip; <a href=\"https:\/\/suedkreislaeufer.de\/?page_id=17474\">Weiterlesen <span class=\"meta-nav\">&rarr;<\/span><\/a><\/p>\n","protected":false},"author":1,"featured_media":0,"parent":0,"menu_order":0,"comment_status":"closed","ping_status":"closed","template":"","meta":{"jetpack_post_was_ever_published":false,"footnotes":""},"class_list":["post-17474","page","type-page","status-publish","hentry"],"jetpack_shortlink":"https:\/\/wp.me\/P26jAY-4xQ","jetpack_sharing_enabled":true,"jetpack_likes_enabled":false,"jetpack-related-posts":[{"id":17408,"url":"https:\/\/suedkreislaeufer.de\/?page_id=17408","url_meta":{"origin":17474,"position":0},"title":"Griesberglauf Weltbestenliste","author":"Suedkreislaeufer","date":"18. September 2021","format":false,"excerpt":"Top 25 M\u00e4nner Platz Name Datum Zeit (min.) 1 Hansi K\u00f6hler 30.06.2007 00:18:04 2 Michael Strohmeyer 30.06.2007 00:18:31 3 Mark Kaspari 30.06.2007 00:18:46 4 Michael Neugebauer 05.02.2008 00:18:53 5 Martin Braune-Krickau 07.12.2014 00:19:18 6 Mario Reichelt 30.06.2007 00:19:19 7 Detlef Londenberg 30.06.2007 00:19:48 8 Stefan Seyffert 10.08.2008 00:19:45 9 Dirk\u2026","rel":"","context":"\u00c4hnlicher Beitrag","block_context":{"text":"\u00c4hnlicher Beitrag","link":""},"img":{"alt_text":"","src":"","width":0,"height":0},"classes":[]},{"id":17426,"url":"https:\/\/suedkreislaeufer.de\/?page_id=17426","url_meta":{"origin":17474,"position":1},"title":"2. Griesberglauf &#8211; 18.09.2021","author":"Suedkreislaeufer","date":"18. September 2021","format":false,"excerpt":"Hier die Ergebnisse vom 2. Griesberglauf am 18.09.2021 Heute standen 3 L\u00e4ufer an der Startlinie. Martin, hat sich leider ein wenig verlaufen (ca.200m) aber trotzdem eine Klasse Zeit hingelegt. Er ist nun mit 00:21:26 der Monatssieger. In die Tabelle ist er damit aber nicht gekommen, da seine Bestzeit, eine 00:19:18\u2026","rel":"","context":"\u00c4hnlicher Beitrag","block_context":{"text":"\u00c4hnlicher Beitrag","link":""},"img":{"alt_text":"","src":"","width":0,"height":0},"classes":[]},{"id":17313,"url":"https:\/\/suedkreislaeufer.de\/?page_id=17313","url_meta":{"origin":17474,"position":2},"title":"1. Griesberglauf &#8211; Ergebnisliste","author":"Suedkreislaeufer","date":"21. August 2021","format":false,"excerpt":"Heute, am 28.08.2021 fand der 1. Griesberglauf (der Neuzeit) statt. Bei str\u00f6menden Regen, und ich meine wirklich bei str\u00f6menden Regen, machten sich 6 wagemutige L\u00e4ufer\/innen auf den Weg die \"Griesberglauf Weltbestenliste\" zu st\u00fcrmen. Leider schafften es nur 50 % der Teilnehmer in die Liste zu rutschen. Geschafft haben es Lars\u2026","rel":"","context":"\u00c4hnlicher Beitrag","block_context":{"text":"\u00c4hnlicher Beitrag","link":""},"img":{"alt_text":"","src":"https:\/\/i0.wp.com\/suedkreislaeufer.de\/wp-content\/uploads\/2021\/08\/IMG-20210828-WA0002.jpg?resize=350%2C200","width":350,"height":200,"srcset":"https:\/\/i0.wp.com\/suedkreislaeufer.de\/wp-content\/uploads\/2021\/08\/IMG-20210828-WA0002.jpg?resize=350%2C200 1x, https:\/\/i0.wp.com\/suedkreislaeufer.de\/wp-content\/uploads\/2021\/08\/IMG-20210828-WA0002.jpg?resize=525%2C300 1.5x, https:\/\/i0.wp.com\/suedkreislaeufer.de\/wp-content\/uploads\/2021\/08\/IMG-20210828-WA0002.jpg?resize=700%2C400 2x, https:\/\/i0.wp.com\/suedkreislaeufer.de\/wp-content\/uploads\/2021\/08\/IMG-20210828-WA0002.jpg?resize=1050%2C600 3x, https:\/\/i0.wp.com\/suedkreislaeufer.de\/wp-content\/uploads\/2021\/08\/IMG-20210828-WA0002.jpg?resize=1400%2C800 4x"},"classes":[]},{"id":17298,"url":"https:\/\/suedkreislaeufer.de\/?page_id=17298","url_meta":{"origin":17474,"position":3},"title":"Griesberglauf","author":"Suedkreislaeufer","date":"3. November 2021","format":false,"excerpt":"Es ist Ende Juni 2007. Hansi K\u00f6hler h\u00e4lt seit dem den Rekord auf der 4,1 km langen Strecke von Almstedt zum Griesberg Funkturm in 18:04 Minuten. Das soll sich nun \u00e4ndern. Das Suedkreis Ultrateam l\u00e4dt ein zum: 4. Griesberglauf 2021 am 27. November um 17 Uhr Ihr habt nun wieder\u2026","rel":"","context":"\u00c4hnlicher Beitrag","block_context":{"text":"\u00c4hnlicher Beitrag","link":""},"img":{"alt_text":"","src":"https:\/\/i0.wp.com\/suedkreislaeufer.de\/wp-content\/uploads\/2013\/05\/CIMG0245-300x225.jpg?resize=350%2C200","width":350,"height":200},"classes":[]},{"id":17607,"url":"https:\/\/suedkreislaeufer.de\/?page_id=17607","url_meta":{"origin":17474,"position":4},"title":"4. Griesberglauf &#8211; 27.11.2021","author":"Suedkreislaeufer","date":"14. November 2021","format":false,"excerpt":"Teilnehmer: Hartmann Michael Stein Uwe","rel":"","context":"\u00c4hnlicher Beitrag","block_context":{"text":"\u00c4hnlicher Beitrag","link":""},"img":{"alt_text":"","src":"","width":0,"height":0},"classes":[]},{"id":17992,"url":"https:\/\/suedkreislaeufer.de\/?page_id=17992","url_meta":{"origin":17474,"position":5},"title":"9. Pre-Silvesterlauf 2022","author":"Suedkreislaeufer","date":"29. November 2022","format":false,"excerpt":"Am 29.12.2022 ist es wieder soweit. Wir laden ein auf eine kleine 25 km Runde zum Jahresabschluss durch und um den Th\u00fcster Berg. Start ist um 10:00 Uhr, Parkplatz Freibad Marienhagen Teilnehmeranzahl: 30 Anmeldung per Mail an: micha@suedkreislaeufer.de Jeder ist willkommen, f\u00fcr die eigene Verpflegung ist jeder selber zust\u00e4ndig (sind\u2026","rel":"","context":"\u00c4hnlicher Beitrag","block_context":{"text":"\u00c4hnlicher Beitrag","link":""},"img":{"alt_text":"","src":"","width":0,"height":0},"classes":[]}],"_links":{"self":[{"href":"https:\/\/suedkreislaeufer.de\/index.php?rest_route=\/wp\/v2\/pages\/17474","targetHints":{"allow":["GET"]}}],"collection":[{"href":"https:\/\/suedkreislaeufer.de\/index.php?rest_route=\/wp\/v2\/pages"}],"about":[{"href":"https:\/\/suedkreislaeufer.de\/index.php?rest_route=\/wp\/v2\/types\/page"}],"author":[{"embeddable":true,"href":"https:\/\/suedkreislaeufer.de\/index.php?rest_route=\/wp\/v2\/users\/1"}],"replies":[{"embeddable":true,"href":"https:\/\/suedkreislaeufer.de\/index.php?rest_route=%2Fwp%2Fv2%2Fcomments&post=17474"}],"version-history":[{"count":10,"href":"https:\/\/suedkreislaeufer.de\/index.php?rest_route=\/wp\/v2\/pages\/17474\/revisions"}],"predecessor-version":[{"id":17575,"href":"https:\/\/suedkreislaeufer.de\/index.php?rest_route=\/wp\/v2\/pages\/17474\/revisions\/17575"}],"wp:attachment":[{"href":"https:\/\/suedkreislaeufer.de\/index.php?rest_route=%2Fwp%2Fv2%2Fmedia&parent=17474"}],"curies":[{"name":"wp","href":"https:\/\/api.w.org\/{rel}","templated":true}]}}