{"id":17607,"date":"2021-11-14T20:42:57","date_gmt":"2021-11-14T20:42:57","guid":{"rendered":"https:\/\/suedkreislaeufer.de\/?page_id=17607"},"modified":"2021-11-14T20:42:57","modified_gmt":"2021-11-14T20:42:57","slug":"4-griesberglauf-27-11-2021","status":"publish","type":"page","link":"https:\/\/suedkreislaeufer.de\/?page_id=17607","title":{"rendered":"4. Griesberglauf &#8211; 27.11.2021"},"content":{"rendered":"<p>Teilnehmer:<\/p>\n<table dir=\"ltr\" border=\"1\" cellspacing=\"0\" cellpadding=\"0\">\n<colgroup>\n<col width=\"139\" \/>\n<col width=\"139\" \/>\n<col width=\"106\" \/><\/colgroup>\n<tbody>\n<tr>\n<td data-sheets-value=\"{&quot;1&quot;:2,&quot;2&quot;:&quot;Hartmann&quot;}\">Hartmann<\/td>\n<td data-sheets-value=\"{&quot;1&quot;:2,&quot;2&quot;:&quot;Michael&quot;}\">Michael<\/td>\n<td data-sheets-value=\"{&quot;1&quot;:3,&quot;3&quot;:1.0229166666666667}\" data-sheets-numberformat=\"{&quot;1&quot;:6,&quot;2&quot;:&quot;[hh]:mm:ss&quot;,&quot;3&quot;:1}\"><\/td>\n<\/tr>\n<tr>\n<td data-sheets-value=\"{&quot;1&quot;:2,&quot;2&quot;:&quot;Stein&quot;}\">Stein<\/td>\n<td data-sheets-value=\"{&quot;1&quot;:2,&quot;2&quot;:&quot;Uwe&quot;}\">Uwe<\/td>\n<td data-sheets-value=\"{&quot;1&quot;:3,&quot;3&quot;:1.0597222222222222}\" data-sheets-numberformat=\"{&quot;1&quot;:6,&quot;2&quot;:&quot;[hh]:mm:ss&quot;,&quot;3&quot;:1}\"><\/td>\n<\/tr>\n<\/tbody>\n<\/table>\n","protected":false},"excerpt":{"rendered":"<p>Teilnehmer: Hartmann Michael Stein Uwe<\/p>\n","protected":false},"author":1,"featured_media":0,"parent":0,"menu_order":0,"comment_status":"closed","ping_status":"closed","template":"","meta":{"footnotes":""},"class_list":["post-17607","page","type-page","status-publish","hentry"],"jetpack_shortlink":"https:\/\/wp.me\/P26jAY-4zZ","jetpack_sharing_enabled":true,"jetpack_likes_enabled":false,"jetpack-related-posts":[{"id":17474,"url":"https:\/\/suedkreislaeufer.de\/?page_id=17474","url_meta":{"origin":17607,"position":0},"title":"3. Griesberglauf &#8211; 23.10.2021","author":"Suedkreislaeufer","date":"23. Oktober 2021","format":false,"excerpt":"\u00a0 Heute fand der 3. Griesberglauf 2021 statt. Am Start standen Christian Schindler, Uwe Stein und Meiner Einer. Drei weitere L\u00e4ufer mu\u00dften leider kurzfristig absagen. Christian, der schnellste in unserer 3er Combo gab gleich von Beginn an Sp\u00e4hne und schraubte sich in 00:22:01 der Berg hinauf. Damit rutscht er nun\u2026","rel":"","context":"\u00c4hnlicher Beitrag","block_context":{"text":"\u00c4hnlicher Beitrag","link":""},"img":{"alt_text":"","src":"https:\/\/i0.wp.com\/suedkreislaeufer.de\/wp-content\/uploads\/2021\/10\/20211023_173058.jpeg?resize=350%2C200","width":350,"height":200,"srcset":"https:\/\/i0.wp.com\/suedkreislaeufer.de\/wp-content\/uploads\/2021\/10\/20211023_173058.jpeg?resize=350%2C200 1x, https:\/\/i0.wp.com\/suedkreislaeufer.de\/wp-content\/uploads\/2021\/10\/20211023_173058.jpeg?resize=525%2C300 1.5x, https:\/\/i0.wp.com\/suedkreislaeufer.de\/wp-content\/uploads\/2021\/10\/20211023_173058.jpeg?resize=700%2C400 2x"},"classes":[]},{"id":17313,"url":"https:\/\/suedkreislaeufer.de\/?page_id=17313","url_meta":{"origin":17607,"position":1},"title":"1. Griesberglauf &#8211; Ergebnisliste","author":"Suedkreislaeufer","date":"21. August 2021","format":false,"excerpt":"Heute, am 28.08.2021 fand der 1. Griesberglauf (der Neuzeit) statt. Bei str\u00f6menden Regen, und ich meine wirklich bei str\u00f6menden Regen, machten sich 6 wagemutige L\u00e4ufer\/innen auf den Weg die \"Griesberglauf Weltbestenliste\" zu st\u00fcrmen. Leider schafften es nur 50 % der Teilnehmer in die Liste zu rutschen. Geschafft haben es Lars\u2026","rel":"","context":"\u00c4hnlicher Beitrag","block_context":{"text":"\u00c4hnlicher Beitrag","link":""},"img":{"alt_text":"","src":"https:\/\/i0.wp.com\/suedkreislaeufer.de\/wp-content\/uploads\/2021\/08\/IMG-20210828-WA0002.jpg?resize=350%2C200","width":350,"height":200,"srcset":"https:\/\/i0.wp.com\/suedkreislaeufer.de\/wp-content\/uploads\/2021\/08\/IMG-20210828-WA0002.jpg?resize=350%2C200 1x, https:\/\/i0.wp.com\/suedkreislaeufer.de\/wp-content\/uploads\/2021\/08\/IMG-20210828-WA0002.jpg?resize=525%2C300 1.5x, https:\/\/i0.wp.com\/suedkreislaeufer.de\/wp-content\/uploads\/2021\/08\/IMG-20210828-WA0002.jpg?resize=700%2C400 2x, https:\/\/i0.wp.com\/suedkreislaeufer.de\/wp-content\/uploads\/2021\/08\/IMG-20210828-WA0002.jpg?resize=1050%2C600 3x, https:\/\/i0.wp.com\/suedkreislaeufer.de\/wp-content\/uploads\/2021\/08\/IMG-20210828-WA0002.jpg?resize=1400%2C800 4x"},"classes":[]},{"id":17408,"url":"https:\/\/suedkreislaeufer.de\/?page_id=17408","url_meta":{"origin":17607,"position":2},"title":"Griesberglauf Weltbestenliste","author":"Suedkreislaeufer","date":"18. September 2021","format":false,"excerpt":"Top 25 M\u00e4nner Platz Name Datum Zeit (min.) 1 Hansi K\u00f6hler 30.06.2007 00:18:04 2 Michael Strohmeyer 30.06.2007 00:18:31 3 Mark Kaspari 30.06.2007 00:18:46 4 Michael Neugebauer 05.02.2008 00:18:53 5 Martin Braune-Krickau 07.12.2014 00:19:18 6 Mario Reichelt 30.06.2007 00:19:19 7 Detlef Londenberg 30.06.2007 00:19:48 8 Stefan Seyffert 10.08.2008 00:19:45 9 Dirk\u2026","rel":"","context":"\u00c4hnlicher Beitrag","block_context":{"text":"\u00c4hnlicher Beitrag","link":""},"img":{"alt_text":"","src":"","width":0,"height":0},"classes":[]},{"id":10144,"url":"https:\/\/suedkreislaeufer.de\/?page_id=10144","url_meta":{"origin":17607,"position":3},"title":"Impressum","author":"Suedkreislaeufer","date":"17. Juni 2015","format":false,"excerpt":"Verantwortlich f\u00fcr den Inhalt von http:\/\/www.suedkreislaeufer.de und die technische Umsetzung: kontakt(at)suedkreislaeufer.de Michael Hartmann An der Kirche 20a 31162 Wehrstedt Kontakt Internet: http:\/\/www.michahart.de Haftungshinweis:\u00a0 Trotz sorgf\u00e4ltiger inhaltlicher Kontrolle \u00fcbernehme ich keine Haftung f\u00fcr die Inhalte externer Links. F\u00fcr den Inhalt der verlinkten Seiten sind ausschlie\u00dflich deren Betreiber verantwortlich. \u00a9 2019 Michael\u2026","rel":"","context":"\u00c4hnlicher Beitrag","block_context":{"text":"\u00c4hnlicher Beitrag","link":""},"img":{"alt_text":"","src":"","width":0,"height":0},"classes":[]},{"id":16986,"url":"https:\/\/suedkreislaeufer.de\/?page_id=16986","url_meta":{"origin":17607,"position":4},"title":"Sunrise Rock 2022","author":"Suedkreislaeufer","date":"21. September 2022","format":false,"excerpt":"Start: 23. September 2022 um 17 Uhr, hier in Wehrstedt an der \"Zentrale des Wahnsinns\" Strecke: 82 Kilometer (plus Abstieg Torfhaus), Wehrstedt --- > Brocken Abschluss: Bavaria Alm Teilnehmer: Andreas J.\u00a0 \u00a0 \u00a0 \u00a0 \u00a0 \u00a0 \u00a0 Michael H.\u00a0 \u00a0 \u00a0 \u00a0 \u00a0 \u00a0 \u00a0 Matthias M. \u00a0 \u00a0 \u00a0\u2026","rel":"","context":"\u00c4hnlicher Beitrag","block_context":{"text":"\u00c4hnlicher Beitrag","link":""},"img":{"alt_text":"","src":"https:\/\/i0.wp.com\/suedkreislaeufer.de\/wp-content\/uploads\/2022\/08\/SR-2022-kl-300x100.jpg?resize=350%2C200","width":350,"height":200,"srcset":"https:\/\/i0.wp.com\/suedkreislaeufer.de\/wp-content\/uploads\/2022\/08\/SR-2022-kl-300x100.jpg?resize=350%2C200 1x, https:\/\/i0.wp.com\/suedkreislaeufer.de\/wp-content\/uploads\/2022\/08\/SR-2022-kl-300x100.jpg?resize=525%2C300 1.5x"},"classes":[]},{"id":18201,"url":"https:\/\/suedkreislaeufer.de\/?page_id=18201","url_meta":{"origin":17607,"position":5},"title":"Sunrise Rock 2023","author":"Suedkreislaeufer","date":"8. Juli 2023","format":false,"excerpt":"Wir, das Suedkreis Ultrateam, laden ein zum nun schon 7. Sunrise Rock. Details zum Lauf erfahrt Ihr auf Nachfrage ;-) Das ganze ist ein Gruppenlauf unter Freunden mit dem Ziel einfach eine sch\u00f6ne Zeit zu haben. Start: 18. August 2023 um 17 Uhr, hier in Wehrstedt an der \"Zentrale des\u2026","rel":"","context":"\u00c4hnlicher Beitrag","block_context":{"text":"\u00c4hnlicher Beitrag","link":""},"img":{"alt_text":"","src":"https:\/\/i0.wp.com\/suedkreislaeufer.de\/wp-content\/uploads\/2023\/07\/SR-2023-800-300x100.jpg?resize=350%2C200","width":350,"height":200,"srcset":"https:\/\/i0.wp.com\/suedkreislaeufer.de\/wp-content\/uploads\/2023\/07\/SR-2023-800-300x100.jpg?resize=350%2C200 1x, https:\/\/i0.wp.com\/suedkreislaeufer.de\/wp-content\/uploads\/2023\/07\/SR-2023-800-300x100.jpg?resize=525%2C300 1.5x"},"classes":[]}],"_links":{"self":[{"href":"https:\/\/suedkreislaeufer.de\/index.php?rest_route=\/wp\/v2\/pages\/17607","targetHints":{"allow":["GET"]}}],"collection":[{"href":"https:\/\/suedkreislaeufer.de\/index.php?rest_route=\/wp\/v2\/pages"}],"about":[{"href":"https:\/\/suedkreislaeufer.de\/index.php?rest_route=\/wp\/v2\/types\/page"}],"author":[{"embeddable":true,"href":"https:\/\/suedkreislaeufer.de\/index.php?rest_route=\/wp\/v2\/users\/1"}],"replies":[{"embeddable":true,"href":"https:\/\/suedkreislaeufer.de\/index.php?rest_route=%2Fwp%2Fv2%2Fcomments&post=17607"}],"version-history":[{"count":1,"href":"https:\/\/suedkreislaeufer.de\/index.php?rest_route=\/wp\/v2\/pages\/17607\/revisions"}],"predecessor-version":[{"id":17608,"href":"https:\/\/suedkreislaeufer.de\/index.php?rest_route=\/wp\/v2\/pages\/17607\/revisions\/17608"}],"wp:attachment":[{"href":"https:\/\/suedkreislaeufer.de\/index.php?rest_route=%2Fwp%2Fv2%2Fmedia&parent=17607"}],"curies":[{"name":"wp","href":"https:\/\/api.w.org\/{rel}","templated":true}]}}