{"id":17837,"date":"2022-07-15T17:51:03","date_gmt":"2022-07-15T17:51:03","guid":{"rendered":"https:\/\/suedkreislaeufer.de\/?page_id=17837"},"modified":"2022-07-16T14:10:42","modified_gmt":"2022-07-16T14:10:42","slug":"griesberg-gipfelbuch","status":"publish","type":"page","link":"https:\/\/suedkreislaeufer.de\/?page_id=17837","title":{"rendered":"Griesberg Gipfelbuch"},"content":{"rendered":"<p>Hier findet Ihr das Archiv der Gipfelb\u00fccher vom Griesberg zum herunterladen. Wer seinen Eintrag hier (in der PDF) nicht sehen m\u00f6chte, sollte sich unter <a href=\"mailto:gipfelbuch@suedkreislaeufer.de\">gipfelbuch@suedkreislaeufer.de<\/a> melden.<\/p>\n<p>Viel Spa\u00df beim st\u00f6bern &#8230;<\/p>\n<ul>\n<li><a href=\"https:\/\/drive.google.com\/drive\/folders\/1C---ghP9X0S6qqoxk3b05fErLGzhvpJg?usp=sharing\">Gipfelbuch 01, 2015 bis 2020, PDF, 75 mb<\/a><\/li>\n<li><a href=\"https:\/\/drive.google.com\/file\/d\/1CuSXCNy6XAReIUOUR6IKO0aQYTxl9IQA\/view?usp=sharing\">Gipfelbuch 02, 2020 bis 2022, PDF, 96 mb<\/a><\/li>\n<\/ul>\n<p style=\"text-align: center;\"><strong>Gipfelst\u00fcrmer Galerie <\/strong><\/p>\n<p style=\"text-align: center;\"><strong><span style=\"font-size: 8pt;\">(schickt uns gerne Eure Fotos an obige Adresse)<\/span><\/strong><\/p>\n<div class=\"tiled-gallery type-circle tiled-gallery-unresized\" data-original-width=\"640\" data-carousel-extra='{&quot;blog_id&quot;:1,&quot;permalink&quot;:&quot;https:\\\/\\\/suedkreislaeufer.de\\\/?page_id=17837&quot;,&quot;likes_blog_id&quot;:31057968}' itemscope itemtype=\"http:\/\/schema.org\/ImageGallery\" > <div class=\"gallery-row\" style=\"width: 640px; height: 320px;\" data-original-width=\"640\" data-original-height=\"320\" > <div class=\"gallery-group\" style=\"width: 320px; height: 320px;\" data-original-width=\"320\" data-original-height=\"320\" > <div class=\"tiled-gallery-item \" itemprop=\"associatedMedia\" itemscope itemtype=\"http:\/\/schema.org\/ImageObject\"> <a href=\"https:\/\/suedkreislaeufer.de\/?attachment_id=17842\" border=\"0\" itemprop=\"url\"> <meta itemprop=\"width\" content=\"316\"> <meta itemprop=\"height\" content=\"316\"> <img decoding=\"async\" class=\"\" data-attachment-id=\"17842\" data-orig-file=\"https:\/\/suedkreislaeufer.de\/wp-content\/uploads\/2022\/07\/2022-07-09-11h27m12.jpeg\" data-orig-size=\"800,360\" data-comments-opened=\"\" data-image-meta=\"{&quot;aperture&quot;:&quot;2.2&quot;,&quot;credit&quot;:&quot;&quot;,&quot;camera&quot;:&quot;SM-G991B&quot;,&quot;caption&quot;:&quot;&quot;,&quot;created_timestamp&quot;:&quot;1657366032&quot;,&quot;copyright&quot;:&quot;&quot;,&quot;focal_length&quot;:&quot;3.3&quot;,&quot;iso&quot;:&quot;100&quot;,&quot;shutter_speed&quot;:&quot;0.01&quot;,&quot;title&quot;:&quot;&quot;,&quot;orientation&quot;:&quot;1&quot;}\" data-image-title=\"2022-07-09-11h27m12\" data-image-description=\"\" data-medium-file=\"https:\/\/i0.wp.com\/suedkreislaeufer.de\/wp-content\/uploads\/2022\/07\/2022-07-09-11h27m12.jpeg?fit=300%2C135&#038;ssl=1\" data-large-file=\"https:\/\/i0.wp.com\/suedkreislaeufer.de\/wp-content\/uploads\/2022\/07\/2022-07-09-11h27m12.jpeg?fit=640%2C288&#038;ssl=1\" src=\"https:\/\/i0.wp.com\/suedkreislaeufer.de\/wp-content\/uploads\/2022\/07\/2022-07-09-11h27m12.jpeg?w=316&#038;h=316&#038;crop=1&#038;ssl=1\" srcset=\"https:\/\/i0.wp.com\/suedkreislaeufer.de\/wp-content\/uploads\/2022\/07\/2022-07-09-11h27m12.jpeg?resize=150%2C150&amp;ssl=1 150w, https:\/\/i0.wp.com\/suedkreislaeufer.de\/wp-content\/uploads\/2022\/07\/2022-07-09-11h27m12.jpeg?zoom=2&amp;resize=316%2C316&amp;ssl=1 632w\" width=\"316\" height=\"316\" loading=\"lazy\" data-original-width=\"316\" data-original-height=\"316\" itemprop=\"http:\/\/schema.org\/image\" title=\"2022-07-09-11h27m12\" alt=\"09.07.2022 Michael H.\" style=\"width: 316px; height: 316px;\" \/> <\/a> <div class=\"tiled-gallery-caption\" itemprop=\"caption description\"> 09.07.2022 Michael H. <\/div> <\/div> <\/div> <div class=\"gallery-group\" style=\"width: 320px; height: 320px;\" data-original-width=\"320\" data-original-height=\"320\" > <div class=\"tiled-gallery-item \" itemprop=\"associatedMedia\" itemscope itemtype=\"http:\/\/schema.org\/ImageObject\"> <a href=\"https:\/\/suedkreislaeufer.de\/?attachment_id=17840\" border=\"0\" itemprop=\"url\"> <meta itemprop=\"width\" content=\"316\"> <meta itemprop=\"height\" content=\"316\"> <img decoding=\"async\" class=\"\" data-attachment-id=\"17840\" data-orig-file=\"https:\/\/suedkreislaeufer.de\/wp-content\/uploads\/2022\/07\/IMG_4263.jpg\" data-orig-size=\"960,1280\" data-comments-opened=\"\" data-image-meta=\"{&quot;aperture&quot;:&quot;0&quot;,&quot;credit&quot;:&quot;&quot;,&quot;camera&quot;:&quot;&quot;,&quot;caption&quot;:&quot;&quot;,&quot;created_timestamp&quot;:&quot;0&quot;,&quot;copyright&quot;:&quot;&quot;,&quot;focal_length&quot;:&quot;0&quot;,&quot;iso&quot;:&quot;0&quot;,&quot;shutter_speed&quot;:&quot;0&quot;,&quot;title&quot;:&quot;&quot;,&quot;orientation&quot;:&quot;1&quot;}\" data-image-title=\"IMG_4263\" data-image-description=\"\" data-medium-file=\"https:\/\/i0.wp.com\/suedkreislaeufer.de\/wp-content\/uploads\/2022\/07\/IMG_4263.jpg?fit=225%2C300&#038;ssl=1\" data-large-file=\"https:\/\/i0.wp.com\/suedkreislaeufer.de\/wp-content\/uploads\/2022\/07\/IMG_4263.jpg?fit=640%2C853&#038;ssl=1\" src=\"https:\/\/i0.wp.com\/suedkreislaeufer.de\/wp-content\/uploads\/2022\/07\/IMG_4263.jpg?w=316&#038;h=316&#038;crop=1&#038;ssl=1\" srcset=\"https:\/\/i0.wp.com\/suedkreislaeufer.de\/wp-content\/uploads\/2022\/07\/IMG_4263.jpg?resize=150%2C150&amp;ssl=1 150w, https:\/\/i0.wp.com\/suedkreislaeufer.de\/wp-content\/uploads\/2022\/07\/IMG_4263.jpg?zoom=2&amp;resize=316%2C316&amp;ssl=1 632w, https:\/\/i0.wp.com\/suedkreislaeufer.de\/wp-content\/uploads\/2022\/07\/IMG_4263.jpg?zoom=3&amp;resize=316%2C316&amp;ssl=1 948w\" width=\"316\" height=\"316\" loading=\"lazy\" data-original-width=\"316\" data-original-height=\"316\" itemprop=\"http:\/\/schema.org\/image\" title=\"IMG_4263\" alt=\"15.07.2022 Matthias M.\" style=\"width: 316px; height: 316px;\" \/> <\/a> <div class=\"tiled-gallery-caption\" itemprop=\"caption description\"> 15.07.2022 Matthias M. <\/div> <\/div> <\/div> <\/div> <\/div>\n","protected":false},"excerpt":{"rendered":"<p>Hier findet Ihr das Archiv der Gipfelb\u00fccher vom Griesberg zum herunterladen. Wer seinen Eintrag hier (in der PDF) nicht sehen m\u00f6chte, sollte sich unter gipfelbuch@suedkreislaeufer.de melden. Viel Spa\u00df beim st\u00f6bern &#8230; Gipfelbuch 01, 2015 bis 2020, PDF, 75 mb Gipfelbuch &hellip; <a href=\"https:\/\/suedkreislaeufer.de\/?page_id=17837\">Weiterlesen <span class=\"meta-nav\">&rarr;<\/span><\/a><\/p>\n","protected":false},"author":1,"featured_media":0,"parent":0,"menu_order":0,"comment_status":"closed","ping_status":"closed","template":"","meta":{"jetpack_post_was_ever_published":false,"footnotes":""},"class_list":["post-17837","page","type-page","status-publish","hentry"],"jetpack_shortlink":"https:\/\/wp.me\/P26jAY-4DH","jetpack_sharing_enabled":true,"jetpack_likes_enabled":false,"jetpack-related-posts":[{"id":17298,"url":"https:\/\/suedkreislaeufer.de\/?page_id=17298","url_meta":{"origin":17837,"position":0},"title":"Griesberglauf","author":"Suedkreislaeufer","date":"3. November 2021","format":false,"excerpt":"Es ist Ende Juni 2007. Hansi K\u00f6hler h\u00e4lt seit dem den Rekord auf der 4,1 km langen Strecke von Almstedt zum Griesberg Funkturm in 18:04 Minuten. Das soll sich nun \u00e4ndern. Das Suedkreis Ultrateam l\u00e4dt ein zum: 4. Griesberglauf 2021 am 27. November um 17 Uhr Ihr habt nun wieder\u2026","rel":"","context":"\u00c4hnlicher Beitrag","block_context":{"text":"\u00c4hnlicher Beitrag","link":""},"img":{"alt_text":"","src":"https:\/\/i0.wp.com\/suedkreislaeufer.de\/wp-content\/uploads\/2013\/05\/CIMG0245-300x225.jpg?resize=350%2C200","width":350,"height":200},"classes":[]},{"id":2354,"url":"https:\/\/suedkreislaeufer.de\/?page_id=2354","url_meta":{"origin":17837,"position":1},"title":"Trainingsstatistik","author":"Suedkreislaeufer","date":"4. Februar 2026","format":false,"excerpt":"\u00a0 \u00a0 2026\u00a0 \u00a0Stand: 04.02.2026 20 L\u00e4ufe Distanz: 485,30 km Max. Distanz: 68,49 km 2025 Stand: 31.12.2025 177 L\u00e4ufe Distanz: 4420,52 km Max. Distanz: 100,31 km 2024\u00a0 \u00a0Stand: 30.12.2024 188 L\u00e4ufe Distanz: 4757,68 km Max. Distanz: 93,48 km 2023 184 L\u00e4ufe Distanz: 5160,61 km Max. Distanz: 106,83 km 2022 191\u2026","rel":"","context":"Mit 1 Kommentar","block_context":{"text":"Mit 1 Kommentar","link":"https:\/\/suedkreislaeufer.de\/?page_id=2354#comments"},"img":{"alt_text":"","src":"","width":0,"height":0},"classes":[]},{"id":17474,"url":"https:\/\/suedkreislaeufer.de\/?page_id=17474","url_meta":{"origin":17837,"position":2},"title":"3. Griesberglauf &#8211; 23.10.2021","author":"Suedkreislaeufer","date":"23. Oktober 2021","format":false,"excerpt":"\u00a0 Heute fand der 3. Griesberglauf 2021 statt. Am Start standen Christian Schindler, Uwe Stein und Meiner Einer. Drei weitere L\u00e4ufer mu\u00dften leider kurzfristig absagen. Christian, der schnellste in unserer 3er Combo gab gleich von Beginn an Sp\u00e4hne und schraubte sich in 00:22:01 der Berg hinauf. Damit rutscht er nun\u2026","rel":"","context":"\u00c4hnlicher Beitrag","block_context":{"text":"\u00c4hnlicher Beitrag","link":""},"img":{"alt_text":"","src":"https:\/\/i0.wp.com\/suedkreislaeufer.de\/wp-content\/uploads\/2021\/10\/20211023_173058.jpeg?resize=350%2C200","width":350,"height":200,"srcset":"https:\/\/i0.wp.com\/suedkreislaeufer.de\/wp-content\/uploads\/2021\/10\/20211023_173058.jpeg?resize=350%2C200 1x, https:\/\/i0.wp.com\/suedkreislaeufer.de\/wp-content\/uploads\/2021\/10\/20211023_173058.jpeg?resize=525%2C300 1.5x, https:\/\/i0.wp.com\/suedkreislaeufer.de\/wp-content\/uploads\/2021\/10\/20211023_173058.jpeg?resize=700%2C400 2x"},"classes":[]},{"id":17607,"url":"https:\/\/suedkreislaeufer.de\/?page_id=17607","url_meta":{"origin":17837,"position":3},"title":"4. Griesberglauf &#8211; 27.11.2021","author":"Suedkreislaeufer","date":"14. November 2021","format":false,"excerpt":"Teilnehmer: Hartmann Michael Stein Uwe","rel":"","context":"\u00c4hnlicher Beitrag","block_context":{"text":"\u00c4hnlicher Beitrag","link":""},"img":{"alt_text":"","src":"","width":0,"height":0},"classes":[]},{"id":17426,"url":"https:\/\/suedkreislaeufer.de\/?page_id=17426","url_meta":{"origin":17837,"position":4},"title":"2. Griesberglauf &#8211; 18.09.2021","author":"Suedkreislaeufer","date":"18. September 2021","format":false,"excerpt":"Hier die Ergebnisse vom 2. Griesberglauf am 18.09.2021 Heute standen 3 L\u00e4ufer an der Startlinie. Martin, hat sich leider ein wenig verlaufen (ca.200m) aber trotzdem eine Klasse Zeit hingelegt. Er ist nun mit 00:21:26 der Monatssieger. In die Tabelle ist er damit aber nicht gekommen, da seine Bestzeit, eine 00:19:18\u2026","rel":"","context":"\u00c4hnlicher Beitrag","block_context":{"text":"\u00c4hnlicher Beitrag","link":""},"img":{"alt_text":"","src":"","width":0,"height":0},"classes":[]},{"id":17313,"url":"https:\/\/suedkreislaeufer.de\/?page_id=17313","url_meta":{"origin":17837,"position":5},"title":"1. Griesberglauf &#8211; Ergebnisliste","author":"Suedkreislaeufer","date":"21. August 2021","format":false,"excerpt":"Heute, am 28.08.2021 fand der 1. Griesberglauf (der Neuzeit) statt. Bei str\u00f6menden Regen, und ich meine wirklich bei str\u00f6menden Regen, machten sich 6 wagemutige L\u00e4ufer\/innen auf den Weg die \"Griesberglauf Weltbestenliste\" zu st\u00fcrmen. Leider schafften es nur 50 % der Teilnehmer in die Liste zu rutschen. Geschafft haben es Lars\u2026","rel":"","context":"\u00c4hnlicher Beitrag","block_context":{"text":"\u00c4hnlicher Beitrag","link":""},"img":{"alt_text":"","src":"https:\/\/i0.wp.com\/suedkreislaeufer.de\/wp-content\/uploads\/2021\/08\/IMG-20210828-WA0002.jpg?resize=350%2C200","width":350,"height":200,"srcset":"https:\/\/i0.wp.com\/suedkreislaeufer.de\/wp-content\/uploads\/2021\/08\/IMG-20210828-WA0002.jpg?resize=350%2C200 1x, https:\/\/i0.wp.com\/suedkreislaeufer.de\/wp-content\/uploads\/2021\/08\/IMG-20210828-WA0002.jpg?resize=525%2C300 1.5x, https:\/\/i0.wp.com\/suedkreislaeufer.de\/wp-content\/uploads\/2021\/08\/IMG-20210828-WA0002.jpg?resize=700%2C400 2x, https:\/\/i0.wp.com\/suedkreislaeufer.de\/wp-content\/uploads\/2021\/08\/IMG-20210828-WA0002.jpg?resize=1050%2C600 3x, https:\/\/i0.wp.com\/suedkreislaeufer.de\/wp-content\/uploads\/2021\/08\/IMG-20210828-WA0002.jpg?resize=1400%2C800 4x"},"classes":[]}],"_links":{"self":[{"href":"https:\/\/suedkreislaeufer.de\/index.php?rest_route=\/wp\/v2\/pages\/17837","targetHints":{"allow":["GET"]}}],"collection":[{"href":"https:\/\/suedkreislaeufer.de\/index.php?rest_route=\/wp\/v2\/pages"}],"about":[{"href":"https:\/\/suedkreislaeufer.de\/index.php?rest_route=\/wp\/v2\/types\/page"}],"author":[{"embeddable":true,"href":"https:\/\/suedkreislaeufer.de\/index.php?rest_route=\/wp\/v2\/users\/1"}],"replies":[{"embeddable":true,"href":"https:\/\/suedkreislaeufer.de\/index.php?rest_route=%2Fwp%2Fv2%2Fcomments&post=17837"}],"version-history":[{"count":5,"href":"https:\/\/suedkreislaeufer.de\/index.php?rest_route=\/wp\/v2\/pages\/17837\/revisions"}],"predecessor-version":[{"id":17845,"href":"https:\/\/suedkreislaeufer.de\/index.php?rest_route=\/wp\/v2\/pages\/17837\/revisions\/17845"}],"wp:attachment":[{"href":"https:\/\/suedkreislaeufer.de\/index.php?rest_route=%2Fwp%2Fv2%2Fmedia&parent=17837"}],"curies":[{"name":"wp","href":"https:\/\/api.w.org\/{rel}","templated":true}]}}