{"id":2354,"date":"2026-05-03T12:00:27","date_gmt":"2026-05-03T12:00:27","guid":{"rendered":"http:\/\/suedkreislaeufer.de\/?page_id=2354"},"modified":"2026-05-03T16:31:54","modified_gmt":"2026-05-03T16:31:54","slug":"laufstatistik","status":"publish","type":"page","link":"https:\/\/suedkreislaeufer.de\/?page_id=2354","title":{"rendered":"Trainingsstatistik"},"content":{"rendered":"<p>&nbsp;<\/p>\n<table style=\"height: 269px; width: 100%; border-collapse: collapse; border-style: none;\">\n<tbody>\n<tr style=\"height: 173px;\">\n<td style=\"width: 50%; height: 173px;\"><\/td>\n<td style=\"width: 50%; height: 173px;\">\n<h1><strong><span style=\"text-decoration: underline; color: #4f81bd;\">2026<\/span><\/strong><span style=\"font-size: 8pt;\">\u00a0 \u00a0Stand: 03.05.2026<\/span><\/h1>\n<ul>\n<li>67 L\u00e4ufe<\/li>\n<li>Distanz: 1718,30 km<\/li>\n<li>Max. Distanz: 80,80 km<\/li>\n<\/ul>\n<\/td>\n<\/tr>\n<tr style=\"height: 173px;\">\n<td style=\"width: 50%; height: 173px;\">\n<h1><strong><span style=\"text-decoration: underline; color: #4f81bd;\">2025<\/span><\/strong><span style=\"font-size: 8pt;\"> Stand: 31.12.2025<\/span><\/h1>\n<ul>\n<li>177 L\u00e4ufe<\/li>\n<li>Distanz: 4420,52 km<\/li>\n<li>Max. Distanz: 100,31 km<\/li>\n<\/ul>\n<\/td>\n<td style=\"width: 50%; height: 173px;\">\n<h1><strong><span style=\"text-decoration: underline; color: #4f81bd;\">2024<\/span><\/strong><span style=\"font-size: 8pt;\">\u00a0 \u00a0Stand: 30.12.2024<\/span><\/h1>\n<ul>\n<li>188 L\u00e4ufe<\/li>\n<li>Distanz: 4757,68 km<\/li>\n<li>Max. Distanz: 93,48 km<\/li>\n<\/ul>\n<\/td>\n<\/tr>\n<tr style=\"height: 173px;\">\n<td style=\"width: 50%; height: 173px;\">\n<h1><strong><span style=\"text-decoration: underline; color: #4f81bd;\">2023<\/span><\/strong><\/h1>\n<ul>\n<li>184 L\u00e4ufe<\/li>\n<li>Distanz: 5160,61 km<\/li>\n<li>Max. Distanz: 106,83 km<\/li>\n<\/ul>\n<\/td>\n<td style=\"width: 50%; height: 173px;\">\n<h1><strong><span style=\"text-decoration: underline; color: #4f81bd;\">2022<\/span><\/strong><\/h1>\n<ul>\n<li>191 L\u00e4ufe<\/li>\n<li>Distanz: 5200,45 km<\/li>\n<li>Max. Distanz: 112 km<\/li>\n<\/ul>\n<\/td>\n<\/tr>\n<\/tbody>\n<tbody>\n<tr style=\"height: 173px;\">\n<td style=\"width: 50%; height: 173px;\">\n<h1><strong><span style=\"text-decoration: underline; color: #4f81bd;\">2021<\/span><\/strong><\/h1>\n<ul>\n<li>204 L\u00e4ufe<\/li>\n<li>Distanz: 5446,97 km<\/li>\n<li>Max. Distanz: 163,28 km<\/li>\n<\/ul>\n<\/td>\n<td style=\"width: 50%; height: 173px;\">\n<h1><strong><span style=\"text-decoration: underline; color: #4f81bd;\">2020<\/span><\/strong><\/h1>\n<ul>\n<li>193 L\u00e4ufe<\/li>\n<li>Distanz: 5971,02 km<\/li>\n<li>Max. Distanz: 104,82 km<\/li>\n<\/ul>\n<\/td>\n<\/tr>\n<tr style=\"height: 24px;\">\n<td style=\"width: 50%; height: 24px;\">\n<h1><strong><span style=\"text-decoration: underline; color: #4f81bd;\">2019<\/span><\/strong><\/h1>\n<ul>\n<li>204 L\u00e4ufe<\/li>\n<li>Distanz: 6122,40 km<\/li>\n<li>Max. Distanz: 161,30 km<\/li>\n<\/ul>\n<\/td>\n<td style=\"width: 50%; height: 24px;\">\n<h1><strong><span style=\"text-decoration: underline; color: #4f81bd;\">2018<\/span><\/strong><\/h1>\n<ul>\n<li>199 L\u00e4ufe<\/li>\n<li>Distanz: 6015,27 km<\/li>\n<li>Max. Distanz: 124,51 km<\/li>\n<\/ul>\n<\/td>\n<\/tr>\n<tr style=\"height: 24px;\">\n<td style=\"width: 50%; height: 24px;\">\n<h1><strong style=\"font-size: xx-large; color: #4f81bd;\"><span style=\"text-decoration: underline;\">2017<\/span><\/strong><\/h1>\n<ul>\n<li>222 L\u00e4ufe<\/li>\n<li>Distanz: 6009,23 km<\/li>\n<li>Max. Distanz: 102,68 km<\/li>\n<\/ul>\n<\/td>\n<td style=\"width: 50%; height: 24px;\">\n<h1><strong style=\"font-size: xx-large; color: #4f81bd;\"><span style=\"text-decoration: underline;\">2016<\/span><\/strong><strong><span style=\"text-decoration: underline;\"><br \/>\n<\/span><\/strong><\/h1>\n<ul>\n<li>217 L\u00e4ufe<\/li>\n<li>Distanz: 5307,76 km<\/li>\n<li>Max. Distanz: 161,90 km<\/li>\n<\/ul>\n<\/td>\n<\/tr>\n<tr style=\"height: 24px;\">\n<td style=\"width: 50%; height: 24px;\">\n<h6><span style=\"font-size: xx-large; color: #4f81bd;\"><strong><span style=\"text-decoration: underline;\">2015<br \/>\n<\/span><\/strong><\/span><\/h6>\n<ul>\n<li>238 L\u00e4ufe<\/li>\n<li>Distanz: 6102,52 km<\/li>\n<li>Max. Distanz: 164,94 km<\/li>\n<\/ul>\n<\/td>\n<td style=\"width: 50%; height: 24px;\">\n<h6><span style=\"font-size: xx-large; color: #4f81bd;\"><strong><span style=\"text-decoration: underline;\">2014<br \/>\n<\/span><\/strong><\/span><\/h6>\n<ul>\n<li>246 L\u00e4ufe<\/li>\n<li>Distanz: 5,862,36 km<\/li>\n<li>Max. Distanz: 161,52 km<\/li>\n<\/ul>\n<\/td>\n<\/tr>\n<tr style=\"height: 24px;\">\n<td style=\"width: 50%; height: 24px;\">\n<h6><span style=\"font-size: xx-large; color: #4f81bd;\"><strong><span style=\"text-decoration: underline;\">2013<br \/>\n<\/span><\/strong><\/span><\/h6>\n<ul>\n<li>207 L\u00e4ufe<\/li>\n<li>Distanz: 5,257.23 km<\/li>\n<li>Max. Distanz: 92.26 km<\/li>\n<\/ul>\n<\/td>\n<td style=\"width: 50%; height: 24px;\"><span style=\"font-size: xx-large; color: #4f81bd;\"><strong><span style=\"text-decoration: underline;\">2012<\/span><\/strong><\/span><\/p>\n<ul>\n<li>194 L\u00e4ufe<\/li>\n<li>Distanz: 4,860.49 km<\/li>\n<li>Max. Distanz: 162.65 km<\/li>\n<\/ul>\n<\/td>\n<\/tr>\n<\/tbody>\n<\/table>\n","protected":false},"excerpt":{"rendered":"<p>&nbsp; 2026\u00a0 \u00a0Stand: 03.05.2026 67 L\u00e4ufe Distanz: 1718,30 km Max. Distanz: 80,80 km 2025 Stand: 31.12.2025 177 L\u00e4ufe Distanz: 4420,52 km Max. Distanz: 100,31 km 2024\u00a0 \u00a0Stand: 30.12.2024 188 L\u00e4ufe Distanz: 4757,68 km Max. Distanz: 93,48 km 2023 184 L\u00e4ufe &hellip; <a href=\"https:\/\/suedkreislaeufer.de\/?page_id=2354\">Weiterlesen <span class=\"meta-nav\">&rarr;<\/span><\/a><\/p>\n","protected":false},"author":1,"featured_media":0,"parent":0,"menu_order":2,"comment_status":"open","ping_status":"open","template":"","meta":{"footnotes":""},"class_list":["post-2354","page","type-page","status-publish","hentry"],"jetpack_shortlink":"https:\/\/wp.me\/P26jAY-BY","jetpack_sharing_enabled":true,"jetpack_likes_enabled":true,"jetpack-related-posts":[{"id":17319,"url":"https:\/\/suedkreislaeufer.de\/?page_id=17319","url_meta":{"origin":2354,"position":0},"title":"LFiOL","author":"Suedkreislaeufer","date":"2. Oktober 2023","format":false,"excerpt":"ACHTUNG TERMIN\u00c4NDERUNG Manchmal braucht es einfach einen festen Termin um sich in einer Gruppe zum laufen zu treffen. Ein solcher Termin ist der letzte Freitag im Oktober (kurz LFiOL).\u00a0Seit 2013 treffen wir uns, in wechselnder Besetzung, am besagten letzten Freitag im Oktober um gemeinsam eine 25-30 km lange Runde zu\u2026","rel":"","context":"\u00c4hnlicher Beitrag","block_context":{"text":"\u00c4hnlicher Beitrag","link":""},"img":{"alt_text":"","src":"","width":0,"height":0},"classes":[]},{"id":17298,"url":"https:\/\/suedkreislaeufer.de\/?page_id=17298","url_meta":{"origin":2354,"position":1},"title":"Griesberglauf","author":"Suedkreislaeufer","date":"3. November 2021","format":false,"excerpt":"Es ist Ende Juni 2007. Hansi K\u00f6hler h\u00e4lt seit dem den Rekord auf der 4,1 km langen Strecke von Almstedt zum Griesberg Funkturm in 18:04 Minuten. Das soll sich nun \u00e4ndern. Das Suedkreis Ultrateam l\u00e4dt ein zum: 4. Griesberglauf 2021 am 27. November um 17 Uhr Ihr habt nun wieder\u2026","rel":"","context":"\u00c4hnlicher Beitrag","block_context":{"text":"\u00c4hnlicher Beitrag","link":""},"img":{"alt_text":"","src":"https:\/\/i0.wp.com\/suedkreislaeufer.de\/wp-content\/uploads\/2013\/05\/CIMG0245-300x225.jpg?resize=350%2C200","width":350,"height":200},"classes":[]},{"id":17992,"url":"https:\/\/suedkreislaeufer.de\/?page_id=17992","url_meta":{"origin":2354,"position":2},"title":"9. Pre-Silvesterlauf 2022","author":"Suedkreislaeufer","date":"29. November 2022","format":false,"excerpt":"Am 29.12.2022 ist es wieder soweit. Wir laden ein auf eine kleine 25 km Runde zum Jahresabschluss durch und um den Th\u00fcster Berg. Start ist um 10:00 Uhr, Parkplatz Freibad Marienhagen Teilnehmeranzahl: 30 Anmeldung per Mail an: micha@suedkreislaeufer.de Jeder ist willkommen, f\u00fcr die eigene Verpflegung ist jeder selber zust\u00e4ndig (sind\u2026","rel":"","context":"\u00c4hnlicher Beitrag","block_context":{"text":"\u00c4hnlicher Beitrag","link":""},"img":{"alt_text":"","src":"","width":0,"height":0},"classes":[]},{"id":18201,"url":"https:\/\/suedkreislaeufer.de\/?page_id=18201","url_meta":{"origin":2354,"position":3},"title":"Sunrise Rock 2023","author":"Suedkreislaeufer","date":"8. Juli 2023","format":false,"excerpt":"Wir, das Suedkreis Ultrateam, laden ein zum nun schon 7. Sunrise Rock. Details zum Lauf erfahrt Ihr auf Nachfrage ;-) Das ganze ist ein Gruppenlauf unter Freunden mit dem Ziel einfach eine sch\u00f6ne Zeit zu haben. Start: 18. August 2023 um 17 Uhr, hier in Wehrstedt an der \"Zentrale des\u2026","rel":"","context":"\u00c4hnlicher Beitrag","block_context":{"text":"\u00c4hnlicher Beitrag","link":""},"img":{"alt_text":"","src":"https:\/\/i0.wp.com\/suedkreislaeufer.de\/wp-content\/uploads\/2023\/07\/SR-2023-800-300x100.jpg?resize=350%2C200","width":350,"height":200,"srcset":"https:\/\/i0.wp.com\/suedkreislaeufer.de\/wp-content\/uploads\/2023\/07\/SR-2023-800-300x100.jpg?resize=350%2C200 1x, https:\/\/i0.wp.com\/suedkreislaeufer.de\/wp-content\/uploads\/2023\/07\/SR-2023-800-300x100.jpg?resize=525%2C300 1.5x"},"classes":[]},{"id":17474,"url":"https:\/\/suedkreislaeufer.de\/?page_id=17474","url_meta":{"origin":2354,"position":4},"title":"3. Griesberglauf &#8211; 23.10.2021","author":"Suedkreislaeufer","date":"23. Oktober 2021","format":false,"excerpt":"\u00a0 Heute fand der 3. Griesberglauf 2021 statt. Am Start standen Christian Schindler, Uwe Stein und Meiner Einer. Drei weitere L\u00e4ufer mu\u00dften leider kurzfristig absagen. Christian, der schnellste in unserer 3er Combo gab gleich von Beginn an Sp\u00e4hne und schraubte sich in 00:22:01 der Berg hinauf. Damit rutscht er nun\u2026","rel":"","context":"\u00c4hnlicher Beitrag","block_context":{"text":"\u00c4hnlicher Beitrag","link":""},"img":{"alt_text":"","src":"https:\/\/i0.wp.com\/suedkreislaeufer.de\/wp-content\/uploads\/2021\/10\/20211023_173058.jpeg?resize=350%2C200","width":350,"height":200,"srcset":"https:\/\/i0.wp.com\/suedkreislaeufer.de\/wp-content\/uploads\/2021\/10\/20211023_173058.jpeg?resize=350%2C200 1x, https:\/\/i0.wp.com\/suedkreislaeufer.de\/wp-content\/uploads\/2021\/10\/20211023_173058.jpeg?resize=525%2C300 1.5x, https:\/\/i0.wp.com\/suedkreislaeufer.de\/wp-content\/uploads\/2021\/10\/20211023_173058.jpeg?resize=700%2C400 2x"},"classes":[]},{"id":17426,"url":"https:\/\/suedkreislaeufer.de\/?page_id=17426","url_meta":{"origin":2354,"position":5},"title":"2. Griesberglauf &#8211; 18.09.2021","author":"Suedkreislaeufer","date":"18. September 2021","format":false,"excerpt":"Hier die Ergebnisse vom 2. Griesberglauf am 18.09.2021 Heute standen 3 L\u00e4ufer an der Startlinie. Martin, hat sich leider ein wenig verlaufen (ca.200m) aber trotzdem eine Klasse Zeit hingelegt. Er ist nun mit 00:21:26 der Monatssieger. In die Tabelle ist er damit aber nicht gekommen, da seine Bestzeit, eine 00:19:18\u2026","rel":"","context":"\u00c4hnlicher Beitrag","block_context":{"text":"\u00c4hnlicher Beitrag","link":""},"img":{"alt_text":"","src":"","width":0,"height":0},"classes":[]}],"_links":{"self":[{"href":"https:\/\/suedkreislaeufer.de\/index.php?rest_route=\/wp\/v2\/pages\/2354","targetHints":{"allow":["GET"]}}],"collection":[{"href":"https:\/\/suedkreislaeufer.de\/index.php?rest_route=\/wp\/v2\/pages"}],"about":[{"href":"https:\/\/suedkreislaeufer.de\/index.php?rest_route=\/wp\/v2\/types\/page"}],"author":[{"embeddable":true,"href":"https:\/\/suedkreislaeufer.de\/index.php?rest_route=\/wp\/v2\/users\/1"}],"replies":[{"embeddable":true,"href":"https:\/\/suedkreislaeufer.de\/index.php?rest_route=%2Fwp%2Fv2%2Fcomments&post=2354"}],"version-history":[{"count":160,"href":"https:\/\/suedkreislaeufer.de\/index.php?rest_route=\/wp\/v2\/pages\/2354\/revisions"}],"predecessor-version":[{"id":19080,"href":"https:\/\/suedkreislaeufer.de\/index.php?rest_route=\/wp\/v2\/pages\/2354\/revisions\/19080"}],"wp:attachment":[{"href":"https:\/\/suedkreislaeufer.de\/index.php?rest_route=%2Fwp%2Fv2%2Fmedia&parent=2354"}],"curies":[{"name":"wp","href":"https:\/\/api.w.org\/{rel}","templated":true}]}}