{"id":3513,"date":"2018-04-05T18:00:39","date_gmt":"2018-04-05T18:00:39","guid":{"rendered":"http:\/\/suedkreislaeufer.de\/?page_id=3513"},"modified":"2018-04-06T04:18:24","modified_gmt":"2018-04-06T04:18:24","slug":"links","status":"publish","type":"page","link":"https:\/\/suedkreislaeufer.de\/?page_id=3513","title":{"rendered":"Links"},"content":{"rendered":"<p><a href=\"http:\/\/www.stunt100.de\"><img data-recalc-dims=\"1\" loading=\"lazy\" decoding=\"async\" class=\"alignleft\" style=\"border: 0px solid; width: 200px; height: 78px;\" title=\"100 Meilenlauf\" src=\"https:\/\/i0.wp.com\/www.suedkreislaeufer.de\/menu\/stunt.jpg?resize=258%2C100\" alt=\"100 Meilenlauf\" width=\"258\" height=\"100\" \/><\/a><\/p>\n<p>&nbsp;<\/p>\n<p>&nbsp;<\/p>\n<p><a href=\"https:\/\/eiswuerfelimschuh.de\/\" target=\"_blank\" rel=\"noopener\"><img data-recalc-dims=\"1\" loading=\"lazy\" decoding=\"async\" class=\"alignnone\" style=\"border: 0px solid; width: 100px; height: 100px;\" title=\"Das Fitness und Triatholn Blog\" src=\"https:\/\/i0.wp.com\/www.suedkreislaeufer.de\/menu\/eiswuerfelimschuh.jpg?resize=100%2C100\" alt=\"Das Fitness und Triatholn Blog\" width=\"100\" height=\"100\" \/><\/a><a href=\"http:\/\/run100miles-riesensmarti.blogspot.com\/\" target=\"_blank\" rel=\"noopener\"><img data-recalc-dims=\"1\" loading=\"lazy\" decoding=\"async\" class=\"alignleft\" style=\"border: 0px solid; width: 100px; height: 100px;\" title=\"Lars Donath - run100miles\" src=\"https:\/\/i0.wp.com\/www.suedkreislaeufer.de\/menu\/lars-donath.jpg?resize=100%2C100\" alt=\"Lars Donath - run100miles\" width=\"100\" height=\"100\" \/><\/a><\/p>\n<div style=\"text-align: left;\">\n<p>&nbsp;<\/p>\n<\/div>\n<div style=\"text-align: center;\"><\/div>\n<p>&nbsp;<\/p>\n","protected":false},"excerpt":{"rendered":"<p>&nbsp; &nbsp; &nbsp; &nbsp;<\/p>\n","protected":false},"author":1,"featured_media":0,"parent":0,"menu_order":4,"comment_status":"closed","ping_status":"closed","template":"","meta":{"jetpack_post_was_ever_published":false,"footnotes":""},"class_list":["post-3513","page","type-page","status-publish","hentry"],"jetpack_shortlink":"https:\/\/wp.me\/P26jAY-UF","jetpack_sharing_enabled":true,"jetpack_likes_enabled":false,"jetpack-related-posts":[{"id":10144,"url":"https:\/\/suedkreislaeufer.de\/?page_id=10144","url_meta":{"origin":3513,"position":0},"title":"Impressum","author":"Suedkreislaeufer","date":"17. Juni 2015","format":false,"excerpt":"Verantwortlich f\u00fcr den Inhalt von http:\/\/www.suedkreislaeufer.de und die technische Umsetzung: kontakt(at)suedkreislaeufer.de Michael Hartmann An der Kirche 20a 31162 Wehrstedt Kontakt Internet: http:\/\/www.michahart.de Haftungshinweis:\u00a0 Trotz sorgf\u00e4ltiger inhaltlicher Kontrolle \u00fcbernehme ich keine Haftung f\u00fcr die Inhalte externer Links. F\u00fcr den Inhalt der verlinkten Seiten sind ausschlie\u00dflich deren Betreiber verantwortlich. \u00a9 2019 Michael\u2026","rel":"","context":"\u00c4hnlicher Beitrag","block_context":{"text":"\u00c4hnlicher Beitrag","link":""},"img":{"alt_text":"","src":"","width":0,"height":0},"classes":[]},{"id":15483,"url":"https:\/\/suedkreislaeufer.de\/?page_id=15483","url_meta":{"origin":3513,"position":1},"title":"Datenschutzerkl\u00e4rung","author":"Suedkreislaeufer","date":"25. Mai 2018","format":false,"excerpt":"Datenschutzerkl\u00e4rung Mit dieser Datenschutzerkl\u00e4rung m\u00f6chten wir Sie \u00fcber Art, Umfang und Zweck der Verarbeitung von personenbezogenen Daten auf unserer Webseite aufkl\u00e4ren. Personenbezogene Daten sind alle Daten, die einen pers\u00f6nlichen Bezug zu Ihnen aufweisen, z. B. Name, Adresse, E-Mail-Adresse oder Nutzerverhalten. Wer bei uns f\u00fcr die Datenverarbeitung verantwortlich ist Verantwortlich f\u00fcr\u2026","rel":"","context":"\u00c4hnlicher Beitrag","block_context":{"text":"\u00c4hnlicher Beitrag","link":""},"img":{"alt_text":"","src":"","width":0,"height":0},"classes":[]}],"_links":{"self":[{"href":"https:\/\/suedkreislaeufer.de\/index.php?rest_route=\/wp\/v2\/pages\/3513","targetHints":{"allow":["GET"]}}],"collection":[{"href":"https:\/\/suedkreislaeufer.de\/index.php?rest_route=\/wp\/v2\/pages"}],"about":[{"href":"https:\/\/suedkreislaeufer.de\/index.php?rest_route=\/wp\/v2\/types\/page"}],"author":[{"embeddable":true,"href":"https:\/\/suedkreislaeufer.de\/index.php?rest_route=\/wp\/v2\/users\/1"}],"replies":[{"embeddable":true,"href":"https:\/\/suedkreislaeufer.de\/index.php?rest_route=%2Fwp%2Fv2%2Fcomments&post=3513"}],"version-history":[{"count":20,"href":"https:\/\/suedkreislaeufer.de\/index.php?rest_route=\/wp\/v2\/pages\/3513\/revisions"}],"predecessor-version":[{"id":15390,"href":"https:\/\/suedkreislaeufer.de\/index.php?rest_route=\/wp\/v2\/pages\/3513\/revisions\/15390"}],"wp:attachment":[{"href":"https:\/\/suedkreislaeufer.de\/index.php?rest_route=%2Fwp%2Fv2%2Fmedia&parent=3513"}],"curies":[{"name":"wp","href":"https:\/\/api.w.org\/{rel}","templated":true}]}}