{"id":357,"date":"2016-06-15T00:00:00","date_gmt":"2016-06-15T00:00:00","guid":{"rendered":"http:\/\/suedkreislaeufer.wordpress.com\/?page_id=2"},"modified":"2020-05-26T03:57:24","modified_gmt":"2020-05-26T03:57:24","slug":"about","status":"publish","type":"page","link":"https:\/\/suedkreislaeufer.de\/?page_id=357","title":{"rendered":"&Uuml;ber mich"},"content":{"rendered":"<p>W\u00e4hle einen Punkt aus dem Dropdown Feld aus<\/p>\n","protected":false},"excerpt":{"rendered":"<p>W\u00e4hle einen Punkt aus dem Dropdown Feld aus<\/p>\n","protected":false},"author":1,"featured_media":0,"parent":0,"menu_order":1,"comment_status":"open","ping_status":"closed","template":"","meta":{"jetpack_post_was_ever_published":false,"footnotes":""},"class_list":["post-357","page","type-page","status-publish","hentry"],"jetpack_shortlink":"https:\/\/wp.me\/P26jAY-5L","jetpack_sharing_enabled":true,"jetpack_likes_enabled":false,"jetpack-related-posts":[{"id":13427,"url":"https:\/\/suedkreislaeufer.de\/?page_id=13427","url_meta":{"origin":357,"position":0},"title":"Biken","author":"Suedkreislaeufer","date":"4. September 2016","format":false,"excerpt":"W\u00e4hle einen Punkt aus dem Dropdown Feld aus","rel":"","context":"\u00c4hnlicher Beitrag","block_context":{"text":"\u00c4hnlicher Beitrag","link":""},"img":{"alt_text":"","src":"","width":0,"height":0},"classes":[]},{"id":5169,"url":"https:\/\/suedkreislaeufer.de\/?page_id=5169","url_meta":{"origin":357,"position":1},"title":"Beitragsverzeichnis","author":"Suedkreislaeufer","date":"29. Juni 2013","format":false,"excerpt":"W\u00e4hle einen Punkt aus dem Dropdown Feld aus\u00a0","rel":"","context":"\u00c4hnlicher Beitrag","block_context":{"text":"\u00c4hnlicher Beitrag","link":""},"img":{"alt_text":"","src":"","width":0,"height":0},"classes":[]},{"id":418,"url":"https:\/\/suedkreislaeufer.de\/?page_id=418","url_meta":{"origin":357,"position":2},"title":"Trail\/Wasserkarte","author":"Suedkreislaeufer","date":"12. Juni 2018","format":false,"excerpt":"Wasserkarte Ihr wollte auch nicht st\u00e4ndig \u00a0Wasser\u00a0mit Euch rumschleppen ? Gerade in fremden Terrain ist es wichtig einen Plan B zu haben wenn man Durst hat :-) \u00a0Die \"Wasserkarte\" befindet sich gerade noch im Aufbau. Einige erste Wasserstellen sind angelegt und ich hoffe Ihr helft mit das es m\u00f6glichst viele\u2026","rel":"","context":"Mit 1 Kommentar","block_context":{"text":"Mit 1 Kommentar","link":"https:\/\/suedkreislaeufer.de\/?page_id=418#comments"},"img":{"alt_text":"trailkarte","src":"https:\/\/i0.wp.com\/suedkreislaeufer.de\/wp-content\/uploads\/2013\/01\/trailkarte.jpg?resize=350%2C200","width":350,"height":200},"classes":[]},{"id":15483,"url":"https:\/\/suedkreislaeufer.de\/?page_id=15483","url_meta":{"origin":357,"position":3},"title":"Datenschutzerkl\u00e4rung","author":"Suedkreislaeufer","date":"25. Mai 2018","format":false,"excerpt":"Datenschutzerkl\u00e4rung Mit dieser Datenschutzerkl\u00e4rung m\u00f6chten wir Sie \u00fcber Art, Umfang und Zweck der Verarbeitung von personenbezogenen Daten auf unserer Webseite aufkl\u00e4ren. Personenbezogene Daten sind alle Daten, die einen pers\u00f6nlichen Bezug zu Ihnen aufweisen, z. B. Name, Adresse, E-Mail-Adresse oder Nutzerverhalten. Wer bei uns f\u00fcr die Datenverarbeitung verantwortlich ist Verantwortlich f\u00fcr\u2026","rel":"","context":"\u00c4hnlicher Beitrag","block_context":{"text":"\u00c4hnlicher Beitrag","link":""},"img":{"alt_text":"","src":"","width":0,"height":0},"classes":[]},{"id":18201,"url":"https:\/\/suedkreislaeufer.de\/?page_id=18201","url_meta":{"origin":357,"position":4},"title":"Sunrise Rock 2023","author":"Suedkreislaeufer","date":"8. Juli 2023","format":false,"excerpt":"Wir, das Suedkreis Ultrateam, laden ein zum nun schon 7. Sunrise Rock. Details zum Lauf erfahrt Ihr auf Nachfrage ;-) Das ganze ist ein Gruppenlauf unter Freunden mit dem Ziel einfach eine sch\u00f6ne Zeit zu haben. Start: 18. August 2023 um 17 Uhr, hier in Wehrstedt an der \"Zentrale des\u2026","rel":"","context":"\u00c4hnlicher Beitrag","block_context":{"text":"\u00c4hnlicher Beitrag","link":""},"img":{"alt_text":"","src":"https:\/\/i0.wp.com\/suedkreislaeufer.de\/wp-content\/uploads\/2023\/07\/SR-2023-800-300x100.jpg?resize=350%2C200","width":350,"height":200,"srcset":"https:\/\/i0.wp.com\/suedkreislaeufer.de\/wp-content\/uploads\/2023\/07\/SR-2023-800-300x100.jpg?resize=350%2C200 1x, https:\/\/i0.wp.com\/suedkreislaeufer.de\/wp-content\/uploads\/2023\/07\/SR-2023-800-300x100.jpg?resize=525%2C300 1.5x"},"classes":[]}],"_links":{"self":[{"href":"https:\/\/suedkreislaeufer.de\/index.php?rest_route=\/wp\/v2\/pages\/357","targetHints":{"allow":["GET"]}}],"collection":[{"href":"https:\/\/suedkreislaeufer.de\/index.php?rest_route=\/wp\/v2\/pages"}],"about":[{"href":"https:\/\/suedkreislaeufer.de\/index.php?rest_route=\/wp\/v2\/types\/page"}],"author":[{"embeddable":true,"href":"https:\/\/suedkreislaeufer.de\/index.php?rest_route=\/wp\/v2\/users\/1"}],"replies":[{"embeddable":true,"href":"https:\/\/suedkreislaeufer.de\/index.php?rest_route=%2Fwp%2Fv2%2Fcomments&post=357"}],"version-history":[{"count":94,"href":"https:\/\/suedkreislaeufer.de\/index.php?rest_route=\/wp\/v2\/pages\/357\/revisions"}],"predecessor-version":[{"id":13456,"href":"https:\/\/suedkreislaeufer.de\/index.php?rest_route=\/wp\/v2\/pages\/357\/revisions\/13456"}],"wp:attachment":[{"href":"https:\/\/suedkreislaeufer.de\/index.php?rest_route=%2Fwp%2Fv2%2Fmedia&parent=357"}],"curies":[{"name":"wp","href":"https:\/\/api.w.org\/{rel}","templated":true}]}}