{"id":5169,"date":"2013-06-29T14:19:01","date_gmt":"2013-06-29T14:19:01","guid":{"rendered":"http:\/\/suedkreislaeufer.de\/?page_id=5169"},"modified":"2016-09-04T18:09:13","modified_gmt":"2016-09-04T18:09:13","slug":"beitragsverzeichnis","status":"publish","type":"page","link":"https:\/\/suedkreislaeufer.de\/?page_id=5169","title":{"rendered":"Beitragsverzeichnis"},"content":{"rendered":"<p><span style=\"font-family: Monaco, Consolas, 'Andale Mono', 'DejaVu Sans Mono', monospace;\"><span style=\"font-size: 13px; line-height: 19.5px;\">W\u00e4hle einen Punkt aus dem Dropdown Feld aus\u00a0<\/span><\/span><\/p>\n","protected":false},"excerpt":{"rendered":"<p>W\u00e4hle einen Punkt aus dem Dropdown Feld aus\u00a0<\/p>\n","protected":false},"author":1,"featured_media":0,"parent":0,"menu_order":0,"comment_status":"closed","ping_status":"closed","template":"","meta":{"jetpack_post_was_ever_published":false,"footnotes":""},"class_list":["post-5169","page","type-page","status-publish","hentry"],"jetpack_shortlink":"https:\/\/wp.me\/P26jAY-1ln","jetpack_sharing_enabled":true,"jetpack_likes_enabled":false,"jetpack-related-posts":[{"id":13427,"url":"https:\/\/suedkreislaeufer.de\/?page_id=13427","url_meta":{"origin":5169,"position":0},"title":"Biken","author":"Suedkreislaeufer","date":"4. September 2016","format":false,"excerpt":"W\u00e4hle einen Punkt aus dem Dropdown Feld aus","rel":"","context":"\u00c4hnlicher Beitrag","block_context":{"text":"\u00c4hnlicher Beitrag","link":""},"img":{"alt_text":"","src":"","width":0,"height":0},"classes":[]},{"id":357,"url":"https:\/\/suedkreislaeufer.de\/?page_id=357","url_meta":{"origin":5169,"position":1},"title":"&Uuml;ber mich","author":"Suedkreislaeufer","date":"15. Juni 2016","format":false,"excerpt":"W\u00e4hle einen Punkt aus dem Dropdown Feld aus","rel":"","context":"Mit 2 Kommentaren","block_context":{"text":"Mit 2 Kommentaren","link":"https:\/\/suedkreislaeufer.de\/?page_id=357#comments"},"img":{"alt_text":"","src":"","width":0,"height":0},"classes":[]},{"id":418,"url":"https:\/\/suedkreislaeufer.de\/?page_id=418","url_meta":{"origin":5169,"position":2},"title":"Trail\/Wasserkarte","author":"Suedkreislaeufer","date":"12. Juni 2018","format":false,"excerpt":"Wasserkarte Ihr wollte auch nicht st\u00e4ndig \u00a0Wasser\u00a0mit Euch rumschleppen ? Gerade in fremden Terrain ist es wichtig einen Plan B zu haben wenn man Durst hat :-) \u00a0Die \"Wasserkarte\" befindet sich gerade noch im Aufbau. Einige erste Wasserstellen sind angelegt und ich hoffe Ihr helft mit das es m\u00f6glichst viele\u2026","rel":"","context":"Mit 1 Kommentar","block_context":{"text":"Mit 1 Kommentar","link":"https:\/\/suedkreislaeufer.de\/?page_id=418#comments"},"img":{"alt_text":"trailkarte","src":"https:\/\/i0.wp.com\/suedkreislaeufer.de\/wp-content\/uploads\/2013\/01\/trailkarte.jpg?resize=350%2C200","width":350,"height":200},"classes":[]},{"id":15483,"url":"https:\/\/suedkreislaeufer.de\/?page_id=15483","url_meta":{"origin":5169,"position":3},"title":"Datenschutzerkl\u00e4rung","author":"Suedkreislaeufer","date":"25. Mai 2018","format":false,"excerpt":"Datenschutzerkl\u00e4rung Mit dieser Datenschutzerkl\u00e4rung m\u00f6chten wir Sie \u00fcber Art, Umfang und Zweck der Verarbeitung von personenbezogenen Daten auf unserer Webseite aufkl\u00e4ren. Personenbezogene Daten sind alle Daten, die einen pers\u00f6nlichen Bezug zu Ihnen aufweisen, z. B. Name, Adresse, E-Mail-Adresse oder Nutzerverhalten. Wer bei uns f\u00fcr die Datenverarbeitung verantwortlich ist Verantwortlich f\u00fcr\u2026","rel":"","context":"\u00c4hnlicher Beitrag","block_context":{"text":"\u00c4hnlicher Beitrag","link":""},"img":{"alt_text":"","src":"","width":0,"height":0},"classes":[]},{"id":13444,"url":"https:\/\/suedkreislaeufer.de\/?page_id=13444","url_meta":{"origin":5169,"position":4},"title":"Beitragsverzeichniss: Komplett","author":"Suedkreislaeufer","date":"4. September 2016","format":false,"excerpt":"","rel":"","context":"\u00c4hnlicher Beitrag","block_context":{"text":"\u00c4hnlicher Beitrag","link":""},"img":{"alt_text":"","src":"","width":0,"height":0},"classes":[]},{"id":13437,"url":"https:\/\/suedkreislaeufer.de\/?page_id=13437","url_meta":{"origin":5169,"position":5},"title":"Beitragsverzeichniss: Biken","author":"Suedkreislaeufer","date":"4. September 2016","format":false,"excerpt":"","rel":"","context":"\u00c4hnlicher Beitrag","block_context":{"text":"\u00c4hnlicher Beitrag","link":""},"img":{"alt_text":"","src":"","width":0,"height":0},"classes":[]}],"_links":{"self":[{"href":"https:\/\/suedkreislaeufer.de\/index.php?rest_route=\/wp\/v2\/pages\/5169","targetHints":{"allow":["GET"]}}],"collection":[{"href":"https:\/\/suedkreislaeufer.de\/index.php?rest_route=\/wp\/v2\/pages"}],"about":[{"href":"https:\/\/suedkreislaeufer.de\/index.php?rest_route=\/wp\/v2\/types\/page"}],"author":[{"embeddable":true,"href":"https:\/\/suedkreislaeufer.de\/index.php?rest_route=\/wp\/v2\/users\/1"}],"replies":[{"embeddable":true,"href":"https:\/\/suedkreislaeufer.de\/index.php?rest_route=%2Fwp%2Fv2%2Fcomments&post=5169"}],"version-history":[{"count":22,"href":"https:\/\/suedkreislaeufer.de\/index.php?rest_route=\/wp\/v2\/pages\/5169\/revisions"}],"predecessor-version":[{"id":13443,"href":"https:\/\/suedkreislaeufer.de\/index.php?rest_route=\/wp\/v2\/pages\/5169\/revisions\/13443"}],"wp:attachment":[{"href":"https:\/\/suedkreislaeufer.de\/index.php?rest_route=%2Fwp%2Fv2%2Fmedia&parent=5169"}],"curies":[{"name":"wp","href":"https:\/\/api.w.org\/{rel}","templated":true}]}}