{"id":6765,"date":"2014-01-02T20:06:51","date_gmt":"2014-01-02T20:06:51","guid":{"rendered":"http:\/\/suedkreislaeufer.de\/?page_id=6765"},"modified":"2014-01-02T20:18:41","modified_gmt":"2014-01-02T20:18:41","slug":"technisches","status":"publish","type":"page","link":"https:\/\/suedkreislaeufer.de\/?page_id=6765","title":{"rendered":"Technisches"},"content":{"rendered":"<p><span style=\"text-decoration: underline;\"><strong>Garmin Fenix<\/strong><\/span><\/p>\n<ul>\n<li><a href=\"https:\/\/suedkreislaeufer.de\/?p=6761\">Garmin Fenix &#8211; Ann\u00e4herungsalarm <\/a><\/li>\n<li><a href=\"https:\/\/suedkreislaeufer.de\/?p=6755\">Garmin Fenix &#8211; Karte erstellen<\/a><\/li>\n<li><a href=\"https:\/\/suedkreislaeufer.de\/?p=6776\">Garmin Fenix &#8211; Tipps<\/a><\/li>\n<\/ul>\n<p><span style=\"text-decoration: underline;\"><strong>Garmin MapSource<\/strong><\/span><\/p>\n<ul>\n<li><a href=\"https:\/\/suedkreislaeufer.de\/?p=135\">Garmin MapSource &#8211; Track erstellen<\/a><\/li>\n<li><a href=\"https:\/\/suedkreislaeufer.de\/?p=156\">Garmin MapSource &#8211; Track teilen und erweitern<\/a><\/li>\n<\/ul>\n<p><span style=\"text-decoration: underline;\"><strong>Fitbit<\/strong><\/span><\/p>\n<ul>\n<li><a href=\"https:\/\/suedkreislaeufer.de\/?p=5412\">Fitbit Flex Trecker<\/a><br \/>\n<a href=\"https:\/\/suedkreislaeufer.de\/?p=5785\">Fitbit Flex Trecker &#8211; Test<\/a><\/li>\n<\/ul>\n","protected":false},"excerpt":{"rendered":"<p>Garmin Fenix Garmin Fenix &#8211; Ann\u00e4herungsalarm Garmin Fenix &#8211; Karte erstellen Garmin Fenix &#8211; Tipps Garmin MapSource Garmin MapSource &#8211; Track erstellen Garmin MapSource &#8211; Track teilen und erweitern Fitbit Fitbit Flex Trecker Fitbit Flex Trecker &#8211; Test<\/p>\n","protected":false},"author":1,"featured_media":0,"parent":0,"menu_order":0,"comment_status":"open","ping_status":"open","template":"","meta":{"jetpack_post_was_ever_published":false,"footnotes":""},"class_list":["post-6765","page","type-page","status-publish","hentry"],"jetpack_shortlink":"https:\/\/wp.me\/P26jAY-1L7","jetpack_sharing_enabled":true,"jetpack_likes_enabled":false,"jetpack-related-posts":[{"id":17298,"url":"https:\/\/suedkreislaeufer.de\/?page_id=17298","url_meta":{"origin":6765,"position":0},"title":"Griesberglauf","author":"Suedkreislaeufer","date":"3. November 2021","format":false,"excerpt":"Es ist Ende Juni 2007. Hansi K\u00f6hler h\u00e4lt seit dem den Rekord auf der 4,1 km langen Strecke von Almstedt zum Griesberg Funkturm in 18:04 Minuten. Das soll sich nun \u00e4ndern. Das Suedkreis Ultrateam l\u00e4dt ein zum: 4. Griesberglauf 2021 am 27. November um 17 Uhr Ihr habt nun wieder\u2026","rel":"","context":"\u00c4hnlicher Beitrag","block_context":{"text":"\u00c4hnlicher Beitrag","link":""},"img":{"alt_text":"","src":"https:\/\/i0.wp.com\/suedkreislaeufer.de\/wp-content\/uploads\/2013\/05\/CIMG0245-300x225.jpg?resize=350%2C200","width":350,"height":200},"classes":[]},{"id":15483,"url":"https:\/\/suedkreislaeufer.de\/?page_id=15483","url_meta":{"origin":6765,"position":1},"title":"Datenschutzerkl\u00e4rung","author":"Suedkreislaeufer","date":"25. Mai 2018","format":false,"excerpt":"Datenschutzerkl\u00e4rung Mit dieser Datenschutzerkl\u00e4rung m\u00f6chten wir Sie \u00fcber Art, Umfang und Zweck der Verarbeitung von personenbezogenen Daten auf unserer Webseite aufkl\u00e4ren. Personenbezogene Daten sind alle Daten, die einen pers\u00f6nlichen Bezug zu Ihnen aufweisen, z. B. Name, Adresse, E-Mail-Adresse oder Nutzerverhalten. Wer bei uns f\u00fcr die Datenverarbeitung verantwortlich ist Verantwortlich f\u00fcr\u2026","rel":"","context":"\u00c4hnlicher Beitrag","block_context":{"text":"\u00c4hnlicher Beitrag","link":""},"img":{"alt_text":"","src":"","width":0,"height":0},"classes":[]},{"id":418,"url":"https:\/\/suedkreislaeufer.de\/?page_id=418","url_meta":{"origin":6765,"position":2},"title":"Trail\/Wasserkarte","author":"Suedkreislaeufer","date":"12. Juni 2018","format":false,"excerpt":"Wasserkarte Ihr wollte auch nicht st\u00e4ndig \u00a0Wasser\u00a0mit Euch rumschleppen ? Gerade in fremden Terrain ist es wichtig einen Plan B zu haben wenn man Durst hat :-) \u00a0Die \"Wasserkarte\" befindet sich gerade noch im Aufbau. Einige erste Wasserstellen sind angelegt und ich hoffe Ihr helft mit das es m\u00f6glichst viele\u2026","rel":"","context":"Mit 1 Kommentar","block_context":{"text":"Mit 1 Kommentar","link":"https:\/\/suedkreislaeufer.de\/?page_id=418#comments"},"img":{"alt_text":"trailkarte","src":"https:\/\/i0.wp.com\/suedkreislaeufer.de\/wp-content\/uploads\/2013\/01\/trailkarte.jpg?resize=350%2C200","width":350,"height":200},"classes":[]}],"_links":{"self":[{"href":"https:\/\/suedkreislaeufer.de\/index.php?rest_route=\/wp\/v2\/pages\/6765","targetHints":{"allow":["GET"]}}],"collection":[{"href":"https:\/\/suedkreislaeufer.de\/index.php?rest_route=\/wp\/v2\/pages"}],"about":[{"href":"https:\/\/suedkreislaeufer.de\/index.php?rest_route=\/wp\/v2\/types\/page"}],"author":[{"embeddable":true,"href":"https:\/\/suedkreislaeufer.de\/index.php?rest_route=\/wp\/v2\/users\/1"}],"replies":[{"embeddable":true,"href":"https:\/\/suedkreislaeufer.de\/index.php?rest_route=%2Fwp%2Fv2%2Fcomments&post=6765"}],"version-history":[{"count":2,"href":"https:\/\/suedkreislaeufer.de\/index.php?rest_route=\/wp\/v2\/pages\/6765\/revisions"}],"predecessor-version":[{"id":6778,"href":"https:\/\/suedkreislaeufer.de\/index.php?rest_route=\/wp\/v2\/pages\/6765\/revisions\/6778"}],"wp:attachment":[{"href":"https:\/\/suedkreislaeufer.de\/index.php?rest_route=%2Fwp%2Fv2%2Fmedia&parent=6765"}],"curies":[{"name":"wp","href":"https:\/\/api.w.org\/{rel}","templated":true}]}}