{"id":7710,"date":"2018-08-05T00:26:09","date_gmt":"2018-08-05T00:26:09","guid":{"rendered":"http:\/\/suedkreislaeufer.de\/?page_id=7710"},"modified":"2018-09-09T10:08:56","modified_gmt":"2018-09-09T10:08:56","slug":"live","status":"publish","type":"page","link":"https:\/\/suedkreislaeufer.de\/?page_id=7710","title":{"rendered":"Live"},"content":{"rendered":"<div style=\"width: 414px; font: 14px sans; color: #999999; padding: 0px;\"><\/div>\n<div style=\"margin: 2px 0px; text-align: center;\"><img data-recalc-dims=\"1\" loading=\"lazy\" decoding=\"async\" data-attachment-id=\"13079\" data-permalink=\"https:\/\/suedkreislaeufer.de\/?attachment_id=13079\" data-orig-file=\"https:\/\/i0.wp.com\/suedkreislaeufer.de\/wp-content\/uploads\/2014\/06\/Suedkreis-Ultrateam.jpg?fit=1133%2C1078&amp;ssl=1\" data-orig-size=\"1133,1078\" data-comments-opened=\"1\" data-image-meta=\"{&quot;aperture&quot;:&quot;0&quot;,&quot;credit&quot;:&quot;&quot;,&quot;camera&quot;:&quot;&quot;,&quot;caption&quot;:&quot;&quot;,&quot;created_timestamp&quot;:&quot;0&quot;,&quot;copyright&quot;:&quot;&quot;,&quot;focal_length&quot;:&quot;0&quot;,&quot;iso&quot;:&quot;0&quot;,&quot;shutter_speed&quot;:&quot;0&quot;,&quot;title&quot;:&quot;&quot;,&quot;orientation&quot;:&quot;0&quot;}\" data-image-title=\"Suedkreis Ultrateam\" data-image-description=\"\" data-image-caption=\"\" data-large-file=\"https:\/\/i0.wp.com\/suedkreislaeufer.de\/wp-content\/uploads\/2014\/06\/Suedkreis-Ultrateam.jpg?fit=640%2C609&amp;ssl=1\" class=\"wp-image-13079 size-medium alignleft\" src=\"https:\/\/i0.wp.com\/suedkreislaeufer.de\/wp-content\/uploads\/2014\/06\/Suedkreis-Ultrateam.jpg?resize=300%2C285&#038;ssl=1\" alt=\"Suedkreis Ultrateam\" width=\"300\" height=\"285\" srcset=\"https:\/\/i0.wp.com\/suedkreislaeufer.de\/wp-content\/uploads\/2014\/06\/Suedkreis-Ultrateam.jpg?resize=300%2C285&amp;ssl=1 300w, https:\/\/i0.wp.com\/suedkreislaeufer.de\/wp-content\/uploads\/2014\/06\/Suedkreis-Ultrateam.jpg?resize=768%2C731&amp;ssl=1 768w, https:\/\/i0.wp.com\/suedkreislaeufer.de\/wp-content\/uploads\/2014\/06\/Suedkreis-Ultrateam.jpg?resize=1024%2C974&amp;ssl=1 1024w, https:\/\/i0.wp.com\/suedkreislaeufer.de\/wp-content\/uploads\/2014\/06\/Suedkreis-Ultrateam.jpg?w=1133&amp;ssl=1 1133w\" sizes=\"auto, (max-width: 300px) 100vw, 300px\" \/><\/div>\n<p style=\"text-align: center;\"><a href=\"http:\/\/www.greenalp.com\/RealTimeTracker\/index.php?guestmode=1&amp;fs=1&amp;viewuser=suedkreislaeufer\"><img data-recalc-dims=\"1\" loading=\"lazy\" decoding=\"async\" data-attachment-id=\"13078\" data-permalink=\"https:\/\/suedkreislaeufer.de\/?attachment_id=13078\" data-orig-file=\"https:\/\/i0.wp.com\/suedkreislaeufer.de\/wp-content\/uploads\/2014\/06\/spruch.jpg?fit=1155%2C367&amp;ssl=1\" data-orig-size=\"1155,367\" data-comments-opened=\"1\" data-image-meta=\"{&quot;aperture&quot;:&quot;0&quot;,&quot;credit&quot;:&quot;&quot;,&quot;camera&quot;:&quot;&quot;,&quot;caption&quot;:&quot;&quot;,&quot;created_timestamp&quot;:&quot;0&quot;,&quot;copyright&quot;:&quot;&quot;,&quot;focal_length&quot;:&quot;0&quot;,&quot;iso&quot;:&quot;0&quot;,&quot;shutter_speed&quot;:&quot;0&quot;,&quot;title&quot;:&quot;&quot;,&quot;orientation&quot;:&quot;0&quot;}\" data-image-title=\"spruch\" data-image-description=\"\" data-image-caption=\"\" data-large-file=\"https:\/\/i0.wp.com\/suedkreislaeufer.de\/wp-content\/uploads\/2014\/06\/spruch.jpg?fit=640%2C203&amp;ssl=1\" class=\"wp-image-13078 size-medium alignleft\" src=\"https:\/\/i0.wp.com\/suedkreislaeufer.de\/wp-content\/uploads\/2014\/06\/spruch.jpg?resize=300%2C95&#038;ssl=1\" alt=\"spruch\" width=\"300\" height=\"95\" srcset=\"https:\/\/i0.wp.com\/suedkreislaeufer.de\/wp-content\/uploads\/2014\/06\/spruch.jpg?resize=300%2C95&amp;ssl=1 300w, https:\/\/i0.wp.com\/suedkreislaeufer.de\/wp-content\/uploads\/2014\/06\/spruch.jpg?resize=768%2C244&amp;ssl=1 768w, https:\/\/i0.wp.com\/suedkreislaeufer.de\/wp-content\/uploads\/2014\/06\/spruch.jpg?resize=1024%2C325&amp;ssl=1 1024w, https:\/\/i0.wp.com\/suedkreislaeufer.de\/wp-content\/uploads\/2014\/06\/spruch.jpg?w=1155&amp;ssl=1 1155w\" sizes=\"auto, (max-width: 300px) 100vw, 300px\" \/><\/a><\/p>\n<p style=\"text-align: center;\"><strong><a href=\"http:\/\/www.greenalp.com\/RealTimeTracker\/index.php?guestmode=1&amp;fs=1&amp;viewuser=suedkreislaeufer\">HIER live dabei sein<\/a>\u00a0\ud83d\ude42<\/strong><\/p>\n<p style=\"text-align: justify;\"><span style=\"color: #800000;\"><strong>TIPP: Mit einen &#8222;Klick&#8220; auf meine Position k\u00f6nnt Ihr mir eine Nachricht schicken die mir vorgelesen wird \ud83d\ude42<\/strong><\/span><\/p>\n","protected":false},"excerpt":{"rendered":"<p>HIER live dabei sein\u00a0\ud83d\ude42 TIPP: Mit einen &#8222;Klick&#8220; auf meine Position k\u00f6nnt Ihr mir eine Nachricht schicken die mir vorgelesen wird \ud83d\ude42<\/p>\n","protected":false},"author":1,"featured_media":0,"parent":0,"menu_order":0,"comment_status":"open","ping_status":"open","template":"","meta":{"jetpack_post_was_ever_published":false,"footnotes":""},"class_list":["post-7710","page","type-page","status-publish","hentry"],"jetpack_shortlink":"https:\/\/wp.me\/P26jAY-20m","jetpack_sharing_enabled":true,"jetpack_likes_enabled":true,"jetpack-related-posts":[{"id":15483,"url":"https:\/\/suedkreislaeufer.de\/?page_id=15483","url_meta":{"origin":7710,"position":0},"title":"Datenschutzerkl\u00e4rung","author":"Suedkreislaeufer","date":"25. Mai 2018","format":false,"excerpt":"Datenschutzerkl\u00e4rung Mit dieser Datenschutzerkl\u00e4rung m\u00f6chten wir Sie \u00fcber Art, Umfang und Zweck der Verarbeitung von personenbezogenen Daten auf unserer Webseite aufkl\u00e4ren. Personenbezogene Daten sind alle Daten, die einen pers\u00f6nlichen Bezug zu Ihnen aufweisen, z. B. Name, Adresse, E-Mail-Adresse oder Nutzerverhalten. Wer bei uns f\u00fcr die Datenverarbeitung verantwortlich ist Verantwortlich f\u00fcr\u2026","rel":"","context":"\u00c4hnlicher Beitrag","block_context":{"text":"\u00c4hnlicher Beitrag","link":""},"img":{"alt_text":"","src":"","width":0,"height":0},"classes":[]},{"id":17319,"url":"https:\/\/suedkreislaeufer.de\/?page_id=17319","url_meta":{"origin":7710,"position":1},"title":"LFiOL","author":"Suedkreislaeufer","date":"2. Oktober 2023","format":false,"excerpt":"ACHTUNG TERMIN\u00c4NDERUNG Manchmal braucht es einfach einen festen Termin um sich in einer Gruppe zum laufen zu treffen. Ein solcher Termin ist der letzte Freitag im Oktober (kurz LFiOL).\u00a0Seit 2013 treffen wir uns, in wechselnder Besetzung, am besagten letzten Freitag im Oktober um gemeinsam eine 25-30 km lange Runde zu\u2026","rel":"","context":"\u00c4hnlicher Beitrag","block_context":{"text":"\u00c4hnlicher Beitrag","link":""},"img":{"alt_text":"","src":"","width":0,"height":0},"classes":[]},{"id":18201,"url":"https:\/\/suedkreislaeufer.de\/?page_id=18201","url_meta":{"origin":7710,"position":2},"title":"Sunrise Rock 2023","author":"Suedkreislaeufer","date":"8. Juli 2023","format":false,"excerpt":"Wir, das Suedkreis Ultrateam, laden ein zum nun schon 7. Sunrise Rock. Details zum Lauf erfahrt Ihr auf Nachfrage ;-) Das ganze ist ein Gruppenlauf unter Freunden mit dem Ziel einfach eine sch\u00f6ne Zeit zu haben. Start: 18. August 2023 um 17 Uhr, hier in Wehrstedt an der \"Zentrale des\u2026","rel":"","context":"\u00c4hnlicher Beitrag","block_context":{"text":"\u00c4hnlicher Beitrag","link":""},"img":{"alt_text":"","src":"https:\/\/i0.wp.com\/suedkreislaeufer.de\/wp-content\/uploads\/2023\/07\/SR-2023-800-300x100.jpg?resize=350%2C200","width":350,"height":200,"srcset":"https:\/\/i0.wp.com\/suedkreislaeufer.de\/wp-content\/uploads\/2023\/07\/SR-2023-800-300x100.jpg?resize=350%2C200 1x, https:\/\/i0.wp.com\/suedkreislaeufer.de\/wp-content\/uploads\/2023\/07\/SR-2023-800-300x100.jpg?resize=525%2C300 1.5x"},"classes":[]}],"_links":{"self":[{"href":"https:\/\/suedkreislaeufer.de\/index.php?rest_route=\/wp\/v2\/pages\/7710","targetHints":{"allow":["GET"]}}],"collection":[{"href":"https:\/\/suedkreislaeufer.de\/index.php?rest_route=\/wp\/v2\/pages"}],"about":[{"href":"https:\/\/suedkreislaeufer.de\/index.php?rest_route=\/wp\/v2\/types\/page"}],"author":[{"embeddable":true,"href":"https:\/\/suedkreislaeufer.de\/index.php?rest_route=\/wp\/v2\/users\/1"}],"replies":[{"embeddable":true,"href":"https:\/\/suedkreislaeufer.de\/index.php?rest_route=%2Fwp%2Fv2%2Fcomments&post=7710"}],"version-history":[{"count":23,"href":"https:\/\/suedkreislaeufer.de\/index.php?rest_route=\/wp\/v2\/pages\/7710\/revisions"}],"predecessor-version":[{"id":15699,"href":"https:\/\/suedkreislaeufer.de\/index.php?rest_route=\/wp\/v2\/pages\/7710\/revisions\/15699"}],"wp:attachment":[{"href":"https:\/\/suedkreislaeufer.de\/index.php?rest_route=%2Fwp%2Fv2%2Fmedia&parent=7710"}],"curies":[{"name":"wp","href":"https:\/\/api.w.org\/{rel}","templated":true}]}}